{"id":6359,"date":"2021-11-26T19:01:53","date_gmt":"2021-11-26T19:01:53","guid":{"rendered":"https:\/\/www.restaurantcalpupinet.com\/?page_id=6359"},"modified":"2021-11-26T19:03:00","modified_gmt":"2021-11-26T19:03:00","slug":"politica-de-cookies","status":"publish","type":"page","link":"https:\/\/www.restaurantcalpupinet.com\/es\/politica-de-cookies\/","title":{"rendered":"Pol\u00edtica de cookies"},"content":{"rendered":"<div class=\"fusion-fullwidth fullwidth-box fusion-builder-row-1 fusion-flex-container nonhundred-percent-fullwidth non-hundred-percent-height-scrolling\" style=\"--awb-border-radius-top-left:0px;--awb-border-radius-top-right:0px;--awb-border-radius-bottom-right:0px;--awb-border-radius-bottom-left:0px;--awb-flex-wrap:wrap;\" ><div class=\"fusion-builder-row fusion-row fusion-flex-align-items-flex-start fusion-flex-content-wrap\" style=\"max-width:1248px;margin-left: calc(-4% \/ 2 );margin-right: calc(-4% \/ 2 );\"><div class=\"fusion-layout-column fusion_builder_column fusion-builder-column-0 fusion_builder_column_1_1 1_1 fusion-flex-column\" style=\"--awb-bg-size:cover;--awb-width-large:100%;--awb-margin-top-large:0px;--awb-spacing-right-large:1.92%;--awb-margin-bottom-large:0px;--awb-spacing-left-large:1.92%;--awb-width-medium:100%;--awb-spacing-right-medium:1.92%;--awb-spacing-left-medium:1.92%;--awb-width-small:100%;--awb-spacing-right-small:1.92%;--awb-spacing-left-small:1.92%;\"><div class=\"fusion-column-wrapper fusion-flex-justify-content-flex-start fusion-content-layout-column\"><div class=\"fusion-text fusion-text-1\" style=\"--awb-text-transform:none;\"><h3>Pol\u00edtica de Cookies<\/h3>\n<p>Esta p\u00e1gina web utiliza cookies. Las cookies son peque\u00f1os archivos de texto generados por las p\u00e1ginas web que usted visita, que contienen los datos de sesi\u00f3n que pueden ser \u00fatiles m\u00e1s adelante en la p\u00e1gina web. De esta manera esta web recuerda informaci\u00f3n sobre su visita, lo que puede facilitar su pr\u00f3xima visita y hacer que el sitio web le resulte m\u00e1s \u00fatil.<\/p>\n<h3>\u00bfC\u00f3mo funcionan las cookies?<\/h3>\n<p>Las cookies s\u00f3lo pueden almacenar texto, por lo general siempre es an\u00f3nimo y cifrado. No se almacenar\u00e1n ninguna informaci\u00f3n personal en una cookie, ni se pueden asociar a una persona identificada o identificable.<\/p>\n<p>Los datos permiten que esta web pueda mantener su informaci\u00f3n entre las p\u00e1ginas, as\u00ed como para analizar la forma de interactuar con el sitio web. Las cookies son seguras ya que s\u00f3lo pueden almacenar la informaci\u00f3n que se puso en su sitio por el navegador, lo que es informaci\u00f3n que el usuario ha introducido en el navegador o la que se incluye en la solicitud de p\u00e1gina. No puede ejecutar el c\u00f3digo y no se puede utilizar para acceder a su ordenador. Si una p\u00e1gina web encripta la informaci\u00f3n de la cookie, s\u00f3lo la p\u00e1gina web puede leer la informaci\u00f3n.<\/p>\n<h3>\u00bfQu\u00e9 tipos de cookies utilizamos?<\/h3>\n<p>Varias de las cookies que utiliza esta p\u00e1gina Web son las llamadas Cookies de an\u00e1lisis, aquellas que permiten al responsable de las mismas, el seguimiento y an\u00e1lisis del comportamiento de los usuarios de los sitios web a los que est\u00e1n vinculadas. La informaci\u00f3n recogida mediante este tipo de cookies se utiliza en la medici\u00f3n de la actividad de los sitios web, aplicaci\u00f3n o plataforma y para la elaboraci\u00f3n de perfiles de navegaci\u00f3n de los usuarios de estos sitios, aplicaciones y plataformas, para introducir mejoras en funci\u00f3n del an\u00e1lisis de los datos de uso que realizan los usuarios del servicio.<\/p>\n<p>Todas las cookies que utiliza esta web son las siguientes:<\/p>\n<p>viewed_cookie_policy: Esta cookie, de 1 a\u00f1o de duraci\u00f3n, permite recordar si ya has aceptado la pol\u00edtica de cookies.<\/p>\n<p>wordpress_test_cookie: Esta cookie se usa para que el gestor de contenidos WordPress compruebe si el navegador tiene las cookies activadas. Tiene una duraci\u00f3n de sesi\u00f3n.<\/p>\n<p>_ga, _gat, _gid, : Cookies de Google Analytics: Almacena cookies para poder elaborar estad\u00edsticas sobre el tr\u00e1fico y volumen de visitas de esta web. Al utilizar este sitio web est\u00e1 consintiendo el tratamiento de informaci\u00f3n sobre usted por Google. Por tanto, el ejercicio de cualquier derecho en este sentido deber\u00e1 hacerlo comunicando directamente con Google. (si lo deseas puedes inhabilitar el seguimiento de Google Analytics mediante este complemento para el navegador ofrecido por Google)<\/p>\n<p>_icl_current_language, icl_current_admin_language: Caduca en 24 horas y se utiliza para recordar el idioma que ha seleccionado el usuario y mostrarle los contenidos en ese mismo idioma a lo largo de su navegaci\u00f3n.<\/p>\n<p>wordpress_, wordpress_sec: Cookie de sesi\u00f3n. Cookie de WordPress para mantener la sesi\u00f3n de un usuario.<\/p>\n<p>wordpress_logged_in: Cookie de sesi\u00f3n. Despu\u00e9s del login, WordPress activa la cookie wordpress_logged_in_, cuya funci\u00f3n es indicar cu\u00e1ndo se ha conectado y qui\u00e9n es, siendo utilizado por la interfaz de WordPress.<\/p>\n<p>wp-settings-4, wp-settings-time-4: De 1 a\u00f1o de duraci\u00f3n, esta cookie ayuda a recordar sus preferencias personales dentro de WordPres.<\/p>\n<h3>Esta p\u00e1gina web utiliza Google Analytics<\/h3>\n<p>Google Analytics es una herramienta gratuita de an\u00e1lisis web de Google que permite que los propietarios de sitios web conozcan c\u00f3mo interact\u00faan los usuarios con su sitio web. Asimismo, habilita cookies en el dominio del sitio en el que te encuentras y utiliza un conjunto de cookies denominadas \u201c__utma\u201d y \u201c__utmz\u201d para recopilar informaci\u00f3n de forma an\u00f3nima y elaborar informes de tendencias de sitios web sin identificar usuarios individuales.<\/p>\n<p>Para realizar las estad\u00edsticas de uso de esta web utilizamos las cookies con el fin de conocer el nivel de recurrencia de nuestros visitantes y los contenidos que resultan m\u00e1s interesantes. De esta forma podemos concentrar nuestros esfuerzos en mejorar las \u00e1reas m\u00e1s visitadas y hacer que el usuario encuentre m\u00e1s f\u00e1cilmente lo que busca. En esta web se puede utilizar la informaci\u00f3n de su visita para realizar evaluaciones y c\u00e1lculos estad\u00edsticos sobre datos an\u00f3nimos, as\u00ed como para garantizar la continuidad del servicio o para realizar mejoras en sus sitios web.<\/p>\n<h3>C\u00f3mo gestionar las cookies en su equipo: la desactivaci\u00f3n y eliminaci\u00f3n de las cookies<\/h3>\n<p>Todos los navegadores de Internet le permiten limitar el comportamiento de una cookie o desactivar las cookies dentro de la configuraci\u00f3n u opciones del navegador. Los pasos para hacerlo son diferentes para cada navegador, se pueden encontrar instrucciones en el men\u00fa de ayuda de su navegador.<\/p>\n<p>Si no acepta el uso de las cookies, ya que es posible gracias a los men\u00fas de preferencias o ajustes de su navegador, rechazarlas, este sitio web seguir\u00e1 funcionando adecuadamente sin utilizarlas.<\/p>\n<p>Puede permitir, bloquear o eliminar las cookies instaladas en su equipo mediante la configuraci\u00f3n de las opciones del navegador instalado en su ordenador:<\/p>\n<p>Para m\u00e1s informaci\u00f3n sobre Internet Explorer pulse aqu\u00ed o como Blog, habilitar o permitir las cookies <a href=\"https:\/\/support.microsoft.com\/es-es\/windows\/eliminar-y-administrar-cookies-168dab11-0753-043d-7c16-ede5947fc64d\">pulse aqu\u00ed.<\/a><br \/>\nPara m\u00e1s informaci\u00f3n sobre Chrome, <a href=\"https:\/\/support.google.com\/chrome\/answer\/95647?hl=ca\">haga clic aqu\u00ed.<\/a><br \/>\nPara m\u00e1s informaci\u00f3n sobre Safari <a href=\"https:\/\/support.apple.com\/ca-es\/HT201265\">pulse aqu\u00ed.<\/a><br \/>\nPara m\u00e1s informaci\u00f3n sobre Firefox <a href=\"http:\/\/mzl.la\/1BAQKUb\">haga clic aqu\u00ed.<\/a><\/p>\n<p>Hay herramientas de terceros, disponibles online, que permiten a los usuarios detectar las cookies en cada sitio web que visita y gestionar su desactivaci\u00f3n.<\/p>\n<p>A trav\u00e9s de su navegador, usted tambi\u00e9n puede ver las cookies que est\u00e1n en su ordenador, y borrarlas seg\u00fan crea conveniente. Las cookies son archivos de texto, puede abrir y leer el contenido. Los datos en su interior casi siempre est\u00e1 cifrado con una clave num\u00e9rica que corresponde a una sesi\u00f3n en Internet, por lo que muchas veces no tiene sentido m\u00e1s all\u00e1 que la p\u00e1gina web que lo escribi\u00f3.<br \/>\nConsentimiento informado<\/p>\n<p>La utilizaci\u00f3n de la presente p\u00e1gina Web por su parte, implica que usted presta su consentimiento expreso e inequ\u00edvoco a la utilizaci\u00f3n de cookies, en los t\u00e9rminos y condiciones previstos en esta Pol\u00edtica de cookies, sin perjuicio de las medidas de desactivaci\u00f3n y eliminaci\u00f3n de las cookies que usted pueda adoptar, y que se citan en el apartado anterior.<\/p>\n<\/div><\/div><\/div><\/div><\/div>\n","protected":false},"excerpt":{"rendered":"","protected":false},"author":254,"featured_media":0,"parent":0,"menu_order":0,"comment_status":"closed","ping_status":"closed","template":"","meta":{"footnotes":""},"wf_page_folders":[],"class_list":["post-6359","page","type-page","status-publish","hentry"],"yoast_head":"<!-- This site is optimized with the Yoast SEO plugin v26.6 - https:\/\/yoast.com\/wordpress\/plugins\/seo\/ -->\n<title>Pol\u00edtica de cookies - Cal Pupinet<\/title>\n<meta name=\"robots\" content=\"index, follow, max-snippet:-1, max-image-preview:large, max-video-preview:-1\" \/>\n<link rel=\"canonical\" href=\"https:\/\/www.restaurantcalpupinet.com\/es\/politica-de-cookies\/\" \/>\n<meta property=\"og:locale\" content=\"es_ES\" \/>\n<meta property=\"og:type\" content=\"article\" \/>\n<meta property=\"og:title\" content=\"Pol\u00edtica de cookies - Cal Pupinet\" \/>\n<meta property=\"og:url\" content=\"https:\/\/www.restaurantcalpupinet.com\/es\/politica-de-cookies\/\" \/>\n<meta property=\"og:site_name\" content=\"Cal Pupinet\" \/>\n<meta property=\"article:publisher\" content=\"https:\/\/www.facebook.com\/calpupinet\/\" \/>\n<meta property=\"article:modified_time\" content=\"2021-11-26T19:03:00+00:00\" \/>\n<meta name=\"twitter:card\" content=\"summary_large_image\" \/>\n<meta name=\"twitter:site\" content=\"@Calpupinet\" \/>\n<meta name=\"twitter:label1\" content=\"Tiempo de lectura\" \/>\n\t<meta name=\"twitter:data1\" content=\"7 minutos\" \/>\n<script type=\"application\/ld+json\" class=\"yoast-schema-graph\">{\"@context\":\"https:\/\/schema.org\",\"@graph\":[{\"@type\":\"WebPage\",\"@id\":\"https:\/\/www.restaurantcalpupinet.com\/es\/politica-de-cookies\/\",\"url\":\"https:\/\/www.restaurantcalpupinet.com\/es\/politica-de-cookies\/\",\"name\":\"Pol\u00edtica de cookies - Cal Pupinet\",\"isPartOf\":{\"@id\":\"https:\/\/www.restaurantcalpupinet.com\/es\/#website\"},\"datePublished\":\"2021-11-26T19:01:53+00:00\",\"dateModified\":\"2021-11-26T19:03:00+00:00\",\"breadcrumb\":{\"@id\":\"https:\/\/www.restaurantcalpupinet.com\/es\/politica-de-cookies\/#breadcrumb\"},\"inLanguage\":\"es\",\"potentialAction\":[{\"@type\":\"ReadAction\",\"target\":[\"https:\/\/www.restaurantcalpupinet.com\/es\/politica-de-cookies\/\"]}]},{\"@type\":\"BreadcrumbList\",\"@id\":\"https:\/\/www.restaurantcalpupinet.com\/es\/politica-de-cookies\/#breadcrumb\",\"itemListElement\":[{\"@type\":\"ListItem\",\"position\":1,\"name\":\"Inici\",\"item\":\"https:\/\/www.restaurantcalpupinet.com\/es\/\"},{\"@type\":\"ListItem\",\"position\":2,\"name\":\"Pol\u00edtica de cookies\"}]},{\"@type\":\"WebSite\",\"@id\":\"https:\/\/www.restaurantcalpupinet.com\/es\/#website\",\"url\":\"https:\/\/www.restaurantcalpupinet.com\/es\/\",\"name\":\"Cal Pupinet\",\"description\":\"Restaurant Cal Pupinet\",\"potentialAction\":[{\"@type\":\"SearchAction\",\"target\":{\"@type\":\"EntryPoint\",\"urlTemplate\":\"https:\/\/www.restaurantcalpupinet.com\/es\/?s={search_term_string}\"},\"query-input\":{\"@type\":\"PropertyValueSpecification\",\"valueRequired\":true,\"valueName\":\"search_term_string\"}}],\"inLanguage\":\"es\"}]}<\/script>\n<!-- \/ Yoast SEO plugin. -->","yoast_head_json":{"title":"Pol\u00edtica de cookies - Cal Pupinet","robots":{"index":"index","follow":"follow","max-snippet":"max-snippet:-1","max-image-preview":"max-image-preview:large","max-video-preview":"max-video-preview:-1"},"canonical":"https:\/\/www.restaurantcalpupinet.com\/es\/politica-de-cookies\/","og_locale":"es_ES","og_type":"article","og_title":"Pol\u00edtica de cookies - Cal Pupinet","og_url":"https:\/\/www.restaurantcalpupinet.com\/es\/politica-de-cookies\/","og_site_name":"Cal Pupinet","article_publisher":"https:\/\/www.facebook.com\/calpupinet\/","article_modified_time":"2021-11-26T19:03:00+00:00","twitter_card":"summary_large_image","twitter_site":"@Calpupinet","twitter_misc":{"Tiempo de lectura":"7 minutos"},"schema":{"@context":"https:\/\/schema.org","@graph":[{"@type":"WebPage","@id":"https:\/\/www.restaurantcalpupinet.com\/es\/politica-de-cookies\/","url":"https:\/\/www.restaurantcalpupinet.com\/es\/politica-de-cookies\/","name":"Pol\u00edtica de cookies - Cal Pupinet","isPartOf":{"@id":"https:\/\/www.restaurantcalpupinet.com\/es\/#website"},"datePublished":"2021-11-26T19:01:53+00:00","dateModified":"2021-11-26T19:03:00+00:00","breadcrumb":{"@id":"https:\/\/www.restaurantcalpupinet.com\/es\/politica-de-cookies\/#breadcrumb"},"inLanguage":"es","potentialAction":[{"@type":"ReadAction","target":["https:\/\/www.restaurantcalpupinet.com\/es\/politica-de-cookies\/"]}]},{"@type":"BreadcrumbList","@id":"https:\/\/www.restaurantcalpupinet.com\/es\/politica-de-cookies\/#breadcrumb","itemListElement":[{"@type":"ListItem","position":1,"name":"Inici","item":"https:\/\/www.restaurantcalpupinet.com\/es\/"},{"@type":"ListItem","position":2,"name":"Pol\u00edtica de cookies"}]},{"@type":"WebSite","@id":"https:\/\/www.restaurantcalpupinet.com\/es\/#website","url":"https:\/\/www.restaurantcalpupinet.com\/es\/","name":"Cal Pupinet","description":"Restaurant Cal Pupinet","potentialAction":[{"@type":"SearchAction","target":{"@type":"EntryPoint","urlTemplate":"https:\/\/www.restaurantcalpupinet.com\/es\/?s={search_term_string}"},"query-input":{"@type":"PropertyValueSpecification","valueRequired":true,"valueName":"search_term_string"}}],"inLanguage":"es"}]}},"_links":{"self":[{"href":"https:\/\/www.restaurantcalpupinet.com\/es\/wp-json\/wp\/v2\/pages\/6359","targetHints":{"allow":["GET"]}}],"collection":[{"href":"https:\/\/www.restaurantcalpupinet.com\/es\/wp-json\/wp\/v2\/pages"}],"about":[{"href":"https:\/\/www.restaurantcalpupinet.com\/es\/wp-json\/wp\/v2\/types\/page"}],"author":[{"embeddable":true,"href":"https:\/\/www.restaurantcalpupinet.com\/es\/wp-json\/wp\/v2\/users\/254"}],"replies":[{"embeddable":true,"href":"https:\/\/www.restaurantcalpupinet.com\/es\/wp-json\/wp\/v2\/comments?post=6359"}],"version-history":[{"count":0,"href":"https:\/\/www.restaurantcalpupinet.com\/es\/wp-json\/wp\/v2\/pages\/6359\/revisions"}],"wp:attachment":[{"href":"https:\/\/www.restaurantcalpupinet.com\/es\/wp-json\/wp\/v2\/media?parent=6359"}],"wp:term":[{"taxonomy":"wf_page_folders","embeddable":true,"href":"https:\/\/www.restaurantcalpupinet.com\/es\/wp-json\/wp\/v2\/wf_page_folders?post=6359"}],"curies":[{"name":"wp","href":"https:\/\/api.w.org\/{rel}","templated":true}]}}