{"id":5124,"date":"2021-01-21T15:31:08","date_gmt":"2021-01-21T15:31:08","guid":{"rendered":"https:\/\/www.restaurantcalpupinet.com\/carta-y-menu-laborables\/"},"modified":"2025-09-25T06:52:05","modified_gmt":"2025-09-25T06:52:05","slug":"carta-y-menu-laborables","status":"publish","type":"page","link":"https:\/\/www.restaurantcalpupinet.com\/es\/carta-y-menu-laborables\/","title":{"rendered":"Carta y Men\u00fa Laborables"},"content":{"rendered":"<p><div class=\"fusion-fullwidth fullwidth-box fusion-builder-row-1 fusion-flex-container nonhundred-percent-fullwidth non-hundred-percent-height-scrolling\" style=\"--awb-border-radius-top-left:0px;--awb-border-radius-top-right:0px;--awb-border-radius-bottom-right:0px;--awb-border-radius-bottom-left:0px;--awb-flex-wrap:wrap;\" ><div class=\"fusion-builder-row fusion-row fusion-flex-align-items-flex-start fusion-flex-content-wrap\" style=\"max-width:1248px;margin-left: calc(-4% \/ 2 );margin-right: calc(-4% \/ 2 );\"><div class=\"fusion-layout-column fusion_builder_column fusion-builder-column-0 fusion_builder_column_1_2 1_2 fusion-flex-column\" style=\"--awb-bg-size:cover;--awb-width-large:50%;--awb-margin-top-large:40px;--awb-spacing-right-large:3.84%;--awb-margin-bottom-large:60px;--awb-spacing-left-large:3.84%;--awb-width-medium:50%;--awb-order-medium:0;--awb-spacing-right-medium:3.84%;--awb-spacing-left-medium:3.84%;--awb-width-small:100%;--awb-order-small:0;--awb-spacing-right-small:1.92%;--awb-spacing-left-small:1.92%;\" data-scroll-devices=\"small-visibility,medium-visibility,large-visibility\"><div class=\"fusion-column-wrapper fusion-column-has-shadow fusion-flex-justify-content-flex-start fusion-content-layout-column\"><div style=\"text-align:center;\"><a class=\"fusion-button button-flat button-xlarge button-default fusion-button-default button-1 fusion-button-default-span fusion-button-default-type\" target=\"_self\" href=\"\/es\/carta-mediodia-cal-pupinet\/\" id=\"boto-que-tenim\"><i class=\"fa-utensils fas awb-button__icon awb-button__icon--default button-icon-left\" aria-hidden=\"true\"><\/i><span class=\"fusion-button-text awb-button__text awb-button__text--default\">Ver carta de hoy<\/span><\/a><\/div><\/div><\/div><div class=\"fusion-layout-column fusion_builder_column fusion-builder-column-1 fusion_builder_column_1_2 1_2 fusion-flex-column\" style=\"--awb-bg-size:cover;--awb-width-large:50%;--awb-margin-top-large:40px;--awb-spacing-right-large:3.84%;--awb-margin-bottom-large:60px;--awb-spacing-left-large:3.84%;--awb-width-medium:50%;--awb-order-medium:0;--awb-spacing-right-medium:3.84%;--awb-spacing-left-medium:3.84%;--awb-width-small:100%;--awb-order-small:0;--awb-spacing-right-small:1.92%;--awb-spacing-left-small:1.92%;\" data-scroll-devices=\"small-visibility,medium-visibility,large-visibility\"><div class=\"fusion-column-wrapper fusion-column-has-shadow fusion-flex-justify-content-flex-start fusion-content-layout-column\"><div style=\"text-align:center;\"><a class=\"fusion-button button-flat button-xlarge button-default fusion-button-default button-2 fusion-button-default-span fusion-button-default-type\" target=\"_self\" href=\"\/es\/menu-diario-laborables\/\" id=\"boto-que-tenim\"><i class=\"fa-utensils fas awb-button__icon awb-button__icon--default button-icon-left\" aria-hidden=\"true\"><\/i><span class=\"fusion-button-text awb-button__text awb-button__text--default\">Ver \u00faltimo men\u00fa laborables publicado<\/span><\/a><\/div><\/div><\/div><\/div><\/div><div class=\"fusion-fullwidth fullwidth-box fusion-builder-row-2 fusion-flex-container nonhundred-percent-fullwidth non-hundred-percent-height-scrolling\" style=\"--awb-border-radius-top-left:0px;--awb-border-radius-top-right:0px;--awb-border-radius-bottom-right:0px;--awb-border-radius-bottom-left:0px;--awb-flex-wrap:wrap;\" ><div class=\"fusion-builder-row fusion-row fusion-flex-align-items-flex-start fusion-flex-content-wrap\" style=\"max-width:1248px;margin-left: calc(-4% \/ 2 );margin-right: calc(-4% \/ 2 );\"><div class=\"fusion-layout-column fusion_builder_column fusion-builder-column-2 fusion_builder_column_1_1 1_1 fusion-flex-column\" style=\"--awb-bg-blend:overlay;--awb-bg-size:cover;--awb-width-large:100%;--awb-margin-top-large:0px;--awb-spacing-right-large:1.92%;--awb-margin-bottom-large:0px;--awb-spacing-left-large:1.92%;--awb-width-medium:100%;--awb-spacing-right-medium:1.92%;--awb-spacing-left-medium:1.92%;--awb-width-small:100%;--awb-spacing-right-small:1.92%;--awb-spacing-left-small:1.92%;\"><div class=\"fusion-column-wrapper fusion-flex-justify-content-flex-start fusion-content-layout-column\"><div class=\"fusion-text fusion-text-1\"><h1>LA EXPERIENCIA ES UN GRADO<\/h1>\n<h4>CAL PUPINET M\u00c1S DE 50 A\u00d1OS A VUESTRO SERVICIO<\/h4>\n<\/div><\/div><\/div><div class=\"fusion-layout-column fusion_builder_column fusion-builder-column-3 fusion_builder_column_1_2 1_2 fusion-flex-column\" style=\"--awb-bg-blend:overlay;--awb-bg-size:cover;--awb-width-large:50%;--awb-margin-top-large:0px;--awb-spacing-right-large:3.84%;--awb-margin-bottom-large:0px;--awb-spacing-left-large:3.84%;--awb-width-medium:50%;--awb-spacing-right-medium:3.84%;--awb-spacing-left-medium:3.84%;--awb-width-small:100%;--awb-spacing-right-small:1.92%;--awb-spacing-left-small:1.92%;\"><div class=\"fusion-column-wrapper fusion-flex-justify-content-flex-start fusion-content-layout-column\"><div class=\"fusion-text fusion-text-2\"><p>Diariamente, trabajamos para ofrecer en nuestra carta platos elaborados con lo mejor del mercado. Encontrar\u00e9is una gran variedad de productos hechos con ingredientes: frescos, ecol\u00f3gicos, de proximidad\/Km-0, con D.O.<\/p>\n<p style=\"text-align: left;\"><strong>Nuestra carta se actualiza cada d\u00eda, si alguno de nuestros platos que desea comer y no se encuentra en la carta de hoy, si nos lo comunic\u00e1is con tiempo, procuraremos elaborarlo para que lo pod\u00e1is disfrutar.<\/strong><\/p>\n<p>Adem\u00e1s, de lunes a viernes (laborables), os ofrecemos un men\u00fa perfecto para disfrutar de la calidad de nuestros platos cuando dispon\u00e9is de un tiempo muy limitado para hacer la comida. Descubrid nuestro men\u00fa laborable.<\/p>\n<\/div><\/div><\/div><div class=\"fusion-layout-column fusion_builder_column fusion-builder-column-4 fusion_builder_column_1_2 1_2 fusion-flex-column fusion-flex-align-self-flex-start\" style=\"--awb-bg-size:cover;--awb-width-large:50%;--awb-margin-top-large:0px;--awb-spacing-right-large:3.84%;--awb-margin-bottom-large:20px;--awb-spacing-left-large:3.84%;--awb-width-medium:50%;--awb-order-medium:0;--awb-spacing-right-medium:3.84%;--awb-spacing-left-medium:3.84%;--awb-width-small:100%;--awb-order-small:0;--awb-spacing-right-small:1.92%;--awb-spacing-left-small:1.92%;\"><div class=\"fusion-column-wrapper fusion-column-has-shadow fusion-flex-justify-content-flex-start fusion-content-layout-column\"><div class=\"fusion-text fusion-text-3\" style=\"--awb-font-size:18px;\" id=\"bloc-contactar\"><p style=\"text-align: left;\">Puede reservar su mesa: por tel\u00e9fono en el <strong>937720209<\/strong>, por WhastApp en el <strong>661338891<\/strong>, por correo electr\u00f3nico a <strong>reserves@restaurantcalpupinet.com<\/strong> o bien haciendo clic <a href=\"\/reserves\/\">aqu\u00ed.<\/a><\/p>\n<p style=\"text-align: left;\">*Nuestra propuesta se elabora diariamente y se actualiza a partir de las 12:30h, si accede antes de la hora estar\u00e1 visualizando el contenido del d\u00eda anterior.<\/p>\n<\/div><\/div><\/div><\/div><\/div><div class=\"fusion-fullwidth fullwidth-box fusion-builder-row-3 fusion-flex-container nonhundred-percent-fullwidth non-hundred-percent-height-scrolling\" style=\"--awb-border-radius-top-left:0px;--awb-border-radius-top-right:0px;--awb-border-radius-bottom-right:0px;--awb-border-radius-bottom-left:0px;--awb-flex-wrap:wrap;\" ><div class=\"fusion-builder-row fusion-row fusion-flex-align-items-flex-start fusion-flex-content-wrap\" style=\"max-width:1248px;margin-left: calc(-4% \/ 2 );margin-right: calc(-4% \/ 2 );\"><div class=\"fusion-layout-column fusion_builder_column fusion-builder-column-5 fusion_builder_column_1_3 1_3 fusion-flex-column fusion-flex-align-self-flex-end\" style=\"--awb-bg-size:cover;--awb-width-large:33.333333333333%;--awb-margin-top-large:0px;--awb-spacing-right-large:5.76%;--awb-margin-bottom-large:0px;--awb-spacing-left-large:5.76%;--awb-width-medium:33.333333333333%;--awb-order-medium:0;--awb-spacing-right-medium:5.76%;--awb-spacing-left-medium:5.76%;--awb-width-small:100%;--awb-order-small:0;--awb-spacing-right-small:1.92%;--awb-spacing-left-small:1.92%;\"><div class=\"fusion-column-wrapper fusion-column-has-shadow fusion-flex-justify-content-flex-end fusion-content-layout-column\"><div class=\"fusion-text fusion-text-4\"><h3><strong>Os recomendamos que no dej\u00e9is de probar\u2026<\/strong><\/h3>\n<\/div><div class=\"fusion-text fusion-text-5\"><p>\u2013 Jam\u00f3n ib\u00e9rico D.O. (Cortado a mano).<br \/>\n\u2013 Anchoas del Cant\u00e1brico 00 artesanales.<br \/>\n\u2013 Terrina de foie de pato con gelatina de manzana.<br \/>\n\u2013 Chipirones a la andaluza.<br \/>\n\u2013 Vieiras a la plancha con \u201cfoie\u201d y crujiente de jam\u00f3n.<br \/>\n\u2013 Caracoles de Lleida a la \u201cllauna.<br \/>\n\u2013 Bu\u00f1uelos cremosos de bacalao.<br \/>\n\u2013 Arroz caldoso de bogavante.<\/p>\n<\/div><\/div><\/div><div class=\"fusion-layout-column fusion_builder_column fusion-builder-column-6 fusion_builder_column_1_3 1_3 fusion-flex-column fusion-flex-align-self-flex-end\" style=\"--awb-bg-size:cover;--awb-width-large:33.333333333333%;--awb-margin-top-large:0px;--awb-spacing-right-large:5.76%;--awb-margin-bottom-large:0px;--awb-spacing-left-large:5.76%;--awb-width-medium:33.333333333333%;--awb-order-medium:0;--awb-spacing-right-medium:5.76%;--awb-spacing-left-medium:5.76%;--awb-width-small:100%;--awb-order-small:0;--awb-spacing-right-small:1.92%;--awb-spacing-left-small:1.92%;\"><div class=\"fusion-column-wrapper fusion-column-has-shadow fusion-flex-justify-content-flex-end fusion-content-layout-column\"><div class=\"fusion-text fusion-text-6\"><p>\u2013 Lubina de lonja a la brasa.<br \/>\n\u2013 Morro de bacalao a la \u201cllauna.<br \/>\n\u2013 Entrecot de vaca \u201ccorte japon\u00e9s\u201d en la losa.<br \/>\n\u2013 Carrillera de cerdo con su quijada a la brasa.<br \/>\n\u2013 Crema catalana de casa.<br \/>\n\u2013 Naranja caramelizada con nata y almendras.<br \/>\n\u2013 Coulant de chocolate \u201cMichel Bras\u201d y helado de vainilla.<\/p>\n<\/div><\/div><\/div><div class=\"fusion-layout-column fusion_builder_column fusion-builder-column-7 fusion_builder_column_1_3 1_3 fusion-flex-column fusion-flex-align-self-flex-end\" style=\"--awb-bg-size:cover;--awb-width-large:33.333333333333%;--awb-margin-top-large:0px;--awb-spacing-right-large:5.76%;--awb-margin-bottom-large:0px;--awb-spacing-left-large:5.76%;--awb-width-medium:33.333333333333%;--awb-order-medium:0;--awb-spacing-right-medium:5.76%;--awb-spacing-left-medium:5.76%;--awb-width-small:100%;--awb-order-small:0;--awb-spacing-right-small:1.92%;--awb-spacing-left-small:1.92%;\"><div class=\"fusion-column-wrapper fusion-column-has-shadow fusion-flex-justify-content-flex-end fusion-content-layout-column\"><div class=\"fusion-text fusion-text-7\"><h3><strong>Servicios especiales&#8230;<\/strong><\/h3>\n<\/div><div class=\"fusion-text fusion-text-8\"><p>&#8211; <span style=\"color: #800000;\"><strong>Salones Privados,<\/strong><\/span>  espacios reservados con diferentes capacidades para ofrecerle la intimidad deseada a sus reuniones empresariales, celebraciones, formaciones, convenciones\u2026<br \/>\n&#8211; <span style=\"color: #800000;\"><strong>C\u00e1tering,<\/strong><\/span> la soluci\u00f3n para disfrutar de una buena comida, proporcionar un entretenimiento de bienvenida a las visitas, hacer una pausa entre reuniones o formaciones\u2026 sin salir de sus instalaciones.<\/p>\n<\/div><\/div><\/div><div class=\"fusion-layout-column fusion_builder_column fusion-builder-column-8 fusion_builder_column_1_1 1_1 fusion-flex-column\" style=\"--awb-bg-size:cover;--awb-width-large:100%;--awb-margin-top-large:60px;--awb-spacing-right-large:1.92%;--awb-margin-bottom-large:60px;--awb-spacing-left-large:1.92%;--awb-width-medium:100%;--awb-order-medium:0;--awb-spacing-right-medium:1.92%;--awb-spacing-left-medium:1.92%;--awb-width-small:100%;--awb-order-small:0;--awb-spacing-right-small:1.92%;--awb-spacing-left-small:1.92%;\"><div class=\"fusion-column-wrapper fusion-column-has-shadow fusion-flex-justify-content-flex-start fusion-content-layout-column\"><div class=\"awb-gallery-wrapper awb-gallery-wrapper-1 button-span-no\"><div style=\"margin:-5px;--awb-bordersize:0px;\" class=\"fusion-gallery fusion-gallery-container fusion-grid-5 fusion-columns-total-5 fusion-gallery-layout-grid fusion-gallery-1\"><div style=\"padding:5px;\" class=\"fusion-grid-column fusion-gallery-column fusion-gallery-column-5 hover-type-none\"><div class=\"fusion-gallery-image\"><a href=\"https:\/\/www.restaurantcalpupinet.com\/wp-content\/uploads\/2021\/01\/insta-pernil.jpg\" rel=\"noreferrer\" data-rel=\"iLightbox[gallery_image_1]\" class=\"fusion-lightbox\" target=\"_self\"><img decoding=\"async\" src=\"https:\/\/www.restaurantcalpupinet.com\/wp-content\/uploads\/2021\/01\/insta-pernil.jpg\" width=\"1080\" height=\"1080\" alt=\"\" title=\"INSTA PERNIL\" aria-label=\"INSTA PERNIL\" class=\"img-responsive wp-image-4339\" srcset=\"https:\/\/www.restaurantcalpupinet.com\/wp-content\/uploads\/2021\/01\/insta-pernil-400x400.jpg 400w, https:\/\/www.restaurantcalpupinet.com\/wp-content\/uploads\/2021\/01\/insta-pernil-600x600.jpg 600w, https:\/\/www.restaurantcalpupinet.com\/wp-content\/uploads\/2021\/01\/insta-pernil.jpg 1080w\" sizes=\"(min-width: 2200px) 100vw, (min-width: 928px) 236px, (min-width: 856px) 295px, (min-width: 784px) 393px, (min-width: 712px) 590px, (min-width: 640px) 712px, \" \/><\/a><\/div><\/div><div style=\"padding:5px;\" class=\"fusion-grid-column fusion-gallery-column fusion-gallery-column-5 hover-type-none\"><div class=\"fusion-gallery-image\"><a href=\"https:\/\/www.restaurantcalpupinet.com\/wp-content\/uploads\/2021\/01\/insta-xipirons.jpg\" rel=\"noreferrer\" data-rel=\"iLightbox[gallery_image_1]\" class=\"fusion-lightbox\" target=\"_self\"><img decoding=\"async\" src=\"https:\/\/www.restaurantcalpupinet.com\/wp-content\/uploads\/2021\/01\/insta-xipirons.jpg\" width=\"1080\" height=\"1080\" alt=\"\" title=\"INSTA XIPIRONS\" aria-label=\"INSTA XIPIRONS\" class=\"img-responsive wp-image-4340\" srcset=\"https:\/\/www.restaurantcalpupinet.com\/wp-content\/uploads\/2021\/01\/insta-xipirons-400x400.jpg 400w, https:\/\/www.restaurantcalpupinet.com\/wp-content\/uploads\/2021\/01\/insta-xipirons-600x600.jpg 600w, https:\/\/www.restaurantcalpupinet.com\/wp-content\/uploads\/2021\/01\/insta-xipirons.jpg 1080w\" sizes=\"(min-width: 2200px) 100vw, (min-width: 928px) 236px, (min-width: 856px) 295px, (min-width: 784px) 393px, (min-width: 712px) 590px, (min-width: 640px) 712px, \" \/><\/a><\/div><\/div><div style=\"padding:5px;\" class=\"fusion-grid-column fusion-gallery-column fusion-gallery-column-5 hover-type-none\"><div class=\"fusion-gallery-image\"><a href=\"https:\/\/www.restaurantcalpupinet.com\/wp-content\/uploads\/2021\/01\/insta-bunyols.jpg\" rel=\"noreferrer\" data-rel=\"iLightbox[gallery_image_1]\" class=\"fusion-lightbox\" target=\"_self\"><img decoding=\"async\" src=\"https:\/\/www.restaurantcalpupinet.com\/wp-content\/uploads\/2021\/01\/insta-bunyols.jpg\" width=\"1080\" height=\"1080\" alt=\"[:es]Bunyols cremosso de bacall\u00e0[:]\" title=\"INSTA BUNYOLS\" aria-label=\"INSTA BUNYOLS\" class=\"img-responsive wp-image-4336\" srcset=\"https:\/\/www.restaurantcalpupinet.com\/wp-content\/uploads\/2021\/01\/insta-bunyols-400x400.jpg 400w, https:\/\/www.restaurantcalpupinet.com\/wp-content\/uploads\/2021\/01\/insta-bunyols-600x600.jpg 600w, https:\/\/www.restaurantcalpupinet.com\/wp-content\/uploads\/2021\/01\/insta-bunyols.jpg 1080w\" sizes=\"(min-width: 2200px) 100vw, (min-width: 928px) 236px, (min-width: 856px) 295px, (min-width: 784px) 393px, (min-width: 712px) 590px, (min-width: 640px) 712px, \" \/><\/a><\/div><\/div><div style=\"padding:5px;\" class=\"fusion-grid-column fusion-gallery-column fusion-gallery-column-5 hover-type-none\"><div class=\"fusion-gallery-image\"><a href=\"https:\/\/www.restaurantcalpupinet.com\/wp-content\/uploads\/2021\/01\/insta-japo.jpg\" rel=\"noreferrer\" data-rel=\"iLightbox[gallery_image_1]\" class=\"fusion-lightbox\" target=\"_self\"><img decoding=\"async\" src=\"https:\/\/www.restaurantcalpupinet.com\/wp-content\/uploads\/2021\/01\/insta-japo.jpg\" width=\"1080\" height=\"1080\" alt=\"\" title=\"INSTA JAPO\" aria-label=\"INSTA JAPO\" class=\"img-responsive wp-image-4337\" srcset=\"https:\/\/www.restaurantcalpupinet.com\/wp-content\/uploads\/2021\/01\/insta-japo-400x400.jpg 400w, https:\/\/www.restaurantcalpupinet.com\/wp-content\/uploads\/2021\/01\/insta-japo-600x600.jpg 600w, https:\/\/www.restaurantcalpupinet.com\/wp-content\/uploads\/2021\/01\/insta-japo.jpg 1080w\" sizes=\"(min-width: 2200px) 100vw, (min-width: 928px) 236px, (min-width: 856px) 295px, (min-width: 784px) 393px, (min-width: 712px) 590px, (min-width: 640px) 712px, \" \/><\/a><\/div><\/div><div style=\"padding:5px;\" class=\"fusion-grid-column fusion-gallery-column fusion-gallery-column-5 hover-type-none\"><div class=\"fusion-gallery-image\"><a href=\"https:\/\/www.restaurantcalpupinet.com\/wp-content\/uploads\/2021\/10\/insta-llobarro-rev.jpg\" rel=\"noreferrer\" data-rel=\"iLightbox[gallery_image_1]\" class=\"fusion-lightbox\" target=\"_self\"><img decoding=\"async\" src=\"https:\/\/www.restaurantcalpupinet.com\/wp-content\/uploads\/2021\/10\/insta-llobarro-rev.jpg\" width=\"486\" height=\"486\" alt=\"\" title=\"insta-llobarro-rev\" aria-label=\"insta-llobarro-rev\" class=\"img-responsive wp-image-5426\" srcset=\"https:\/\/www.restaurantcalpupinet.com\/wp-content\/uploads\/2021\/10\/insta-llobarro-rev-200x200.jpg 200w, https:\/\/www.restaurantcalpupinet.com\/wp-content\/uploads\/2021\/10\/insta-llobarro-rev-400x400.jpg 400w, https:\/\/www.restaurantcalpupinet.com\/wp-content\/uploads\/2021\/10\/insta-llobarro-rev.jpg 486w\" sizes=\"(min-width: 2200px) 100vw, (min-width: 928px) 236px, (min-width: 856px) 295px, (min-width: 784px) 393px, (min-width: 712px) 590px, (min-width: 640px) 712px, \" \/><\/a><\/div><\/div><div class=\"clearfix\"><\/div><\/div><\/div><\/div><\/div><\/div><\/div><\/p>\n","protected":false},"excerpt":{"rendered":"","protected":false},"author":254,"featured_media":0,"parent":0,"menu_order":0,"comment_status":"closed","ping_status":"closed","template":"","meta":{"footnotes":""},"wf_page_folders":[53],"class_list":["post-5124","page","type-page","status-publish","hentry"],"yoast_head":"<!-- This site is optimized with the Yoast SEO plugin v26.6 - https:\/\/yoast.com\/wordpress\/plugins\/seo\/ -->\n<title>Carta y Men\u00fa Laborables - Cal Pupinet<\/title>\n<meta name=\"robots\" content=\"index, follow, max-snippet:-1, max-image-preview:large, max-video-preview:-1\" \/>\n<link rel=\"canonical\" href=\"https:\/\/www.restaurantcalpupinet.com\/es\/carta-y-menu-laborables\/\" \/>\n<meta property=\"og:locale\" content=\"es_ES\" \/>\n<meta property=\"og:type\" content=\"article\" \/>\n<meta property=\"og:title\" content=\"Carta y Men\u00fa Laborables - Cal Pupinet\" \/>\n<meta property=\"og:url\" content=\"https:\/\/www.restaurantcalpupinet.com\/es\/carta-y-menu-laborables\/\" \/>\n<meta property=\"og:site_name\" content=\"Cal Pupinet\" \/>\n<meta property=\"article:publisher\" content=\"https:\/\/www.facebook.com\/calpupinet\/\" \/>\n<meta property=\"article:modified_time\" content=\"2025-09-25T06:52:05+00:00\" \/>\n<meta name=\"twitter:card\" content=\"summary_large_image\" \/>\n<meta name=\"twitter:site\" content=\"@Calpupinet\" \/>\n<meta name=\"twitter:label1\" content=\"Tiempo de lectura\" \/>\n\t<meta name=\"twitter:data1\" content=\"3 minutos\" \/>\n<script type=\"application\/ld+json\" class=\"yoast-schema-graph\">{\"@context\":\"https:\/\/schema.org\",\"@graph\":[{\"@type\":\"WebPage\",\"@id\":\"https:\/\/www.restaurantcalpupinet.com\/es\/carta-y-menu-laborables\/\",\"url\":\"https:\/\/www.restaurantcalpupinet.com\/es\/carta-y-menu-laborables\/\",\"name\":\"Carta y Men\u00fa Laborables - Cal Pupinet\",\"isPartOf\":{\"@id\":\"https:\/\/www.restaurantcalpupinet.com\/es\/#website\"},\"datePublished\":\"2021-01-21T15:31:08+00:00\",\"dateModified\":\"2025-09-25T06:52:05+00:00\",\"breadcrumb\":{\"@id\":\"https:\/\/www.restaurantcalpupinet.com\/es\/carta-y-menu-laborables\/#breadcrumb\"},\"inLanguage\":\"es\",\"potentialAction\":[{\"@type\":\"ReadAction\",\"target\":[\"https:\/\/www.restaurantcalpupinet.com\/es\/carta-y-menu-laborables\/\"]}]},{\"@type\":\"BreadcrumbList\",\"@id\":\"https:\/\/www.restaurantcalpupinet.com\/es\/carta-y-menu-laborables\/#breadcrumb\",\"itemListElement\":[{\"@type\":\"ListItem\",\"position\":1,\"name\":\"Inici\",\"item\":\"https:\/\/www.restaurantcalpupinet.com\/es\/\"},{\"@type\":\"ListItem\",\"position\":2,\"name\":\"Carta y Men\u00fa Laborables\"}]},{\"@type\":\"WebSite\",\"@id\":\"https:\/\/www.restaurantcalpupinet.com\/es\/#website\",\"url\":\"https:\/\/www.restaurantcalpupinet.com\/es\/\",\"name\":\"Cal Pupinet\",\"description\":\"Restaurant Cal Pupinet\",\"potentialAction\":[{\"@type\":\"SearchAction\",\"target\":{\"@type\":\"EntryPoint\",\"urlTemplate\":\"https:\/\/www.restaurantcalpupinet.com\/es\/?s={search_term_string}\"},\"query-input\":{\"@type\":\"PropertyValueSpecification\",\"valueRequired\":true,\"valueName\":\"search_term_string\"}}],\"inLanguage\":\"es\"}]}<\/script>\n<!-- \/ Yoast SEO plugin. -->","yoast_head_json":{"title":"Carta y Men\u00fa Laborables - Cal Pupinet","robots":{"index":"index","follow":"follow","max-snippet":"max-snippet:-1","max-image-preview":"max-image-preview:large","max-video-preview":"max-video-preview:-1"},"canonical":"https:\/\/www.restaurantcalpupinet.com\/es\/carta-y-menu-laborables\/","og_locale":"es_ES","og_type":"article","og_title":"Carta y Men\u00fa Laborables - Cal Pupinet","og_url":"https:\/\/www.restaurantcalpupinet.com\/es\/carta-y-menu-laborables\/","og_site_name":"Cal Pupinet","article_publisher":"https:\/\/www.facebook.com\/calpupinet\/","article_modified_time":"2025-09-25T06:52:05+00:00","twitter_card":"summary_large_image","twitter_site":"@Calpupinet","twitter_misc":{"Tiempo de lectura":"3 minutos"},"schema":{"@context":"https:\/\/schema.org","@graph":[{"@type":"WebPage","@id":"https:\/\/www.restaurantcalpupinet.com\/es\/carta-y-menu-laborables\/","url":"https:\/\/www.restaurantcalpupinet.com\/es\/carta-y-menu-laborables\/","name":"Carta y Men\u00fa Laborables - Cal Pupinet","isPartOf":{"@id":"https:\/\/www.restaurantcalpupinet.com\/es\/#website"},"datePublished":"2021-01-21T15:31:08+00:00","dateModified":"2025-09-25T06:52:05+00:00","breadcrumb":{"@id":"https:\/\/www.restaurantcalpupinet.com\/es\/carta-y-menu-laborables\/#breadcrumb"},"inLanguage":"es","potentialAction":[{"@type":"ReadAction","target":["https:\/\/www.restaurantcalpupinet.com\/es\/carta-y-menu-laborables\/"]}]},{"@type":"BreadcrumbList","@id":"https:\/\/www.restaurantcalpupinet.com\/es\/carta-y-menu-laborables\/#breadcrumb","itemListElement":[{"@type":"ListItem","position":1,"name":"Inici","item":"https:\/\/www.restaurantcalpupinet.com\/es\/"},{"@type":"ListItem","position":2,"name":"Carta y Men\u00fa Laborables"}]},{"@type":"WebSite","@id":"https:\/\/www.restaurantcalpupinet.com\/es\/#website","url":"https:\/\/www.restaurantcalpupinet.com\/es\/","name":"Cal Pupinet","description":"Restaurant Cal Pupinet","potentialAction":[{"@type":"SearchAction","target":{"@type":"EntryPoint","urlTemplate":"https:\/\/www.restaurantcalpupinet.com\/es\/?s={search_term_string}"},"query-input":{"@type":"PropertyValueSpecification","valueRequired":true,"valueName":"search_term_string"}}],"inLanguage":"es"}]}},"_links":{"self":[{"href":"https:\/\/www.restaurantcalpupinet.com\/es\/wp-json\/wp\/v2\/pages\/5124","targetHints":{"allow":["GET"]}}],"collection":[{"href":"https:\/\/www.restaurantcalpupinet.com\/es\/wp-json\/wp\/v2\/pages"}],"about":[{"href":"https:\/\/www.restaurantcalpupinet.com\/es\/wp-json\/wp\/v2\/types\/page"}],"author":[{"embeddable":true,"href":"https:\/\/www.restaurantcalpupinet.com\/es\/wp-json\/wp\/v2\/users\/254"}],"replies":[{"embeddable":true,"href":"https:\/\/www.restaurantcalpupinet.com\/es\/wp-json\/wp\/v2\/comments?post=5124"}],"version-history":[{"count":20,"href":"https:\/\/www.restaurantcalpupinet.com\/es\/wp-json\/wp\/v2\/pages\/5124\/revisions"}],"predecessor-version":[{"id":15520,"href":"https:\/\/www.restaurantcalpupinet.com\/es\/wp-json\/wp\/v2\/pages\/5124\/revisions\/15520"}],"wp:attachment":[{"href":"https:\/\/www.restaurantcalpupinet.com\/es\/wp-json\/wp\/v2\/media?parent=5124"}],"wp:term":[{"taxonomy":"wf_page_folders","embeddable":true,"href":"https:\/\/www.restaurantcalpupinet.com\/es\/wp-json\/wp\/v2\/wf_page_folders?post=5124"}],"curies":[{"name":"wp","href":"https:\/\/api.w.org\/{rel}","templated":true}]}}