{"id":5096,"date":"2018-07-12T12:30:50","date_gmt":"2018-07-12T12:30:50","guid":{"rendered":"https:\/\/www.restaurantcalpupinet.com\/politica-de-privacidad\/"},"modified":"2018-07-12T12:30:50","modified_gmt":"2018-07-12T12:30:50","slug":"politica-de-privacidad","status":"publish","type":"page","link":"https:\/\/www.restaurantcalpupinet.com\/es\/politica-de-privacidad\/","title":{"rendered":"Pol\u00edtica de Privacidad"},"content":{"rendered":"<p>RGPD Alimentaci\u00f3 i Serveis Pupinet S.L.<\/p>\n<p><strong>\u00bfQui\u00e9n es el responsable del tratamiento de sus datos?<\/strong><\/p>\n<p>Identidad: Alimentaci\u00f3 i Serveis Pupinet S.L.<br \/>\nCIF: B08995474<br \/>\nDir. Postal: C \/ Santa Rita, 4, 08755 &#8211; Castellbisbal &#8211; Barcelona (Espa\u00f1a)<br \/>\nTel\u00e9fono: +34 937 720 209<br \/>\nE-Mail: info@restaurantcalpupinet.com<\/p>\n<p><strong>\u00bfCon qu\u00e9 finalidad tratamos sus datos personales?<\/strong><\/p>\n<p>A Alimentaci\u00f3 i Serveis Pupinet S.L. tratamos sus datos con la finalidad principal de mantener nuestra agenda de contactos,<\/p>\n<p style=\"padding-left: 30px;\">a) Como persona de contacto para mantener relaciones con la entidad jur\u00eddica u organizaci\u00f3n en la que usted presta sus servicios.<br \/>\nb) Como interesado que se ha puesto en contacto con nosotros consultando seleccionados o solicitando alguna informaci\u00f3n, para poder atenderle.<br \/>\nc) Como interesado que se ha puesto en contacto con nosotros solicit\u00e1ndonos alg\u00fan servicio, para poder atenderle y realizar las gestiones administrativas (reservas, presupuestos, facturas &#8230;).<\/p>\n<p>Como finalidad adicional, en caso de que se le hubiera solicitado autorizaci\u00f3n y nos la hubiera concedido, trataremos sus datos para el env\u00edo de comunicaciones comerciales.<\/p>\n<p><strong>Por cu\u00e1nto tiempo conservaremos sus datos?<\/strong><\/p>\n<p>Los datos personales proporcionados se conservar\u00e1n en la finalidad principal:<\/p>\n<p style=\"padding-left: 30px;\">a) En caso de tratarse de una persona de contacto para mantener relaciones con la entidad jur\u00eddica u organizaci\u00f3n en la que usted presta sus servicios, se conservar\u00e1n mientras se mantenga nuestra relaci\u00f3n con esta entidad jur\u00eddica u organizaci\u00f3n, y fuera de peligro los plazos legales por las responsabilidades legales que puedan derivarse de la relaci\u00f3n con la entidad jur\u00eddica u organizaci\u00f3n.<br \/>\nb) En caso de interesado puesto en contacto con nosotros, conservaremos sus datos hasta que no nos manifieste su oposici\u00f3n, por si se produjeran por su parte comunicaciones posteriores en referencia a esta consulta o requerimiento de informaci\u00f3n.<\/p>\n<p>En la finalidad adicional de env\u00edo de comunicaciones comerciales, conservaremos sus datos hasta que no nos manifieste su oposici\u00f3n a seguir recibiendo nuestras comunicaciones.<\/p>\n<p><strong>Decisiones automatizadas, perfiles y l\u00f3gica aplicada:<\/strong><\/p>\n<p>La empresa NO tomar\u00e1 decisiones automatizadas.<\/p>\n<p><strong>\u00bfCu\u00e1l es la legitimaci\u00f3n para el tratamiento de sus datos?<\/strong><\/p>\n<p>La base legal para el tratamiento de sus datos a la finalidad principal de mantenimiento de agenda de contactos es:<\/p>\n<p style=\"padding-left: 30px;\">a) En caso de tratarse de una persona de contacto para mantener relaciones con la entidad jur\u00eddica u organizaci\u00f3n en la que usted presta sus servicios, es la satisfacci\u00f3n del inter\u00e9s leg\u00edtimo del responsable, de acuerdo con lo establecido en art. 6.1.f del RGPD.<br \/>\nb) En caso de interesado puesto en contacto con nosotros, la base legal es la obtenci\u00f3n de su consentimiento.<\/p>\n<p>En la finalidad adicional de env\u00edo de comunicaciones comerciales, la base legal para el tratamiento de sus datos es la obtenci\u00f3n de su consentimiento.<\/p>\n<p><strong>A qu\u00e9 destinatarios se comunicar\u00e1n sus datos?<\/strong><\/p>\n<p>Durante el per\u00edodo de duraci\u00f3n del tratamiento no comunicaremos sus datos a terceros.<br \/>\nEn Alimentaci\u00f3n y Servicios Pupinet S.L. contaremos con la colaboraci\u00f3n de terceros prestadores de servicios que en cada caso hayamos podido contratar y que, para la prestaci\u00f3n de este servicio, puede ser necesario que tengan acceso a sus datos de car\u00e1cter personal, pero que los tratar\u00e1n con todas las garant\u00edas legales exigibles, siguiendo nuestras instrucciones y previa suscripci\u00f3n de un contrato de protecci\u00f3n de datos en las que exigimos, entre otros, tratar los datos exclusivamente para las finalidades pactadas, aplicar medidas t\u00e9cnicas y organizativas adecuadas, as\u00ed como suprimir y devolver los datos a la finalizaci\u00f3n del servicio.<br \/>\nEn Alimentaci\u00f3n y Servicios Pupinet S.L. seguimos unos criterios estrictos de selecci\u00f3n de terceros prestadores de servicios a fin de dar cumplimiento a nuestras obligaciones en materia de protecci\u00f3n de datos.<\/p>\n<p><strong>\u00bfCu\u00e1les son sus derechos cuando nos facilita sus datos?<\/strong><\/p>\n<p>Cualquier persona tiene derecho a obtener confirmaci\u00f3n sobre si en Alimentaci\u00f3n y Servicios Pupinet S.L. estamos tratando datos personales que le conciernen o no.<br \/>\nAsimismo, tiene:<\/p>\n<p style=\"padding-left: 30px;\">Derecho a solicitar el acceso a sus datos personales.<br \/>\nDerecho a solicitar su rectificaci\u00f3n.<br \/>\nDerecho a solicitar su supresi\u00f3n.<br \/>\nDerecho a solicitar la limitaci\u00f3n de su tratamiento.<br \/>\nDerecho a oponerse al tratamiento.<br \/>\nDerecho a la portabilidad de los datos.<br \/>\nDerecho a retirar el consentimiento prestado.<br \/>\nDerecho de informaci\u00f3n.<br \/>\nDerecho a oponerse a ser objeto de decisiones individuales automatizadas.<\/p>\n<p><strong>Para ejercer sus derechos, dirija un escrito adjuntando copia de su DNI a:<\/strong><\/p>\n<p>Alimentaci\u00f3 i Serveis Pupinet S.L.<br \/>\nEjercicio derechos protecci\u00f3n de datos<br \/>\nC \/ Santa Rita, 4<br \/>\n08755 &#8211; Castellbisbal &#8211; Barcelona (Espa\u00f1a)<br \/>\nO bien remita un correo electr\u00f3nico a: info@restaurantcalpupinet.com<\/p>\n<p>Asimismo, le informamos que puede dirigirse a la Agencia Espa\u00f1ola de Protecci\u00f3n de Datos (www.aepd.es) para obtener informaci\u00f3n adicional o para presentar una\u00a0reclamaci\u00f3n, por ejemplo, si no has obtenido satisfacci\u00f3n en el ejercicio de tus derechos.<\/p>\n","protected":false},"excerpt":{"rendered":"<p>RGPD Alimentaci\u00f3 i Serveis Pupinet S.L. \u00bfQui\u00e9n es el responsable del tratamiento de sus datos? Identidad: Alimentaci\u00f3 i Serveis Pupinet S.L. CIF: B08995474 Dir. Postal: C \/ Santa Rita, 4, 08755 &#8211; Castellbisbal &#8211; Barcelona (Espa\u00f1a) Tel\u00e9fono: +34 937  [&#8230;]<\/p>\n","protected":false},"author":254,"featured_media":0,"parent":0,"menu_order":0,"comment_status":"closed","ping_status":"closed","template":"","meta":{"footnotes":""},"wf_page_folders":[],"class_list":["post-5096","page","type-page","status-publish","hentry"],"yoast_head":"<!-- This site is optimized with the Yoast SEO plugin v26.6 - https:\/\/yoast.com\/wordpress\/plugins\/seo\/ -->\n<title>Pol\u00edtica de Privacidad - Cal Pupinet<\/title>\n<meta name=\"robots\" content=\"index, follow, max-snippet:-1, max-image-preview:large, max-video-preview:-1\" \/>\n<link rel=\"canonical\" href=\"https:\/\/www.restaurantcalpupinet.com\/es\/politica-de-privacidad\/\" \/>\n<meta property=\"og:locale\" content=\"es_ES\" \/>\n<meta property=\"og:type\" content=\"article\" \/>\n<meta property=\"og:title\" content=\"Pol\u00edtica de Privacidad - Cal Pupinet\" \/>\n<meta property=\"og:description\" content=\"RGPD Alimentaci\u00f3 i Serveis Pupinet S.L. \u00bfQui\u00e9n es el responsable del tratamiento de sus datos? Identidad: Alimentaci\u00f3 i Serveis Pupinet S.L. CIF: B08995474 Dir. Postal: C \/ Santa Rita, 4, 08755 &#8211; Castellbisbal &#8211; Barcelona (Espa\u00f1a) Tel\u00e9fono: +34 937 [...]\" \/>\n<meta property=\"og:url\" content=\"https:\/\/www.restaurantcalpupinet.com\/es\/politica-de-privacidad\/\" \/>\n<meta property=\"og:site_name\" content=\"Cal Pupinet\" \/>\n<meta property=\"article:publisher\" content=\"https:\/\/www.facebook.com\/calpupinet\/\" \/>\n<meta name=\"twitter:card\" content=\"summary_large_image\" \/>\n<meta name=\"twitter:site\" content=\"@Calpupinet\" \/>\n<meta name=\"twitter:label1\" content=\"Tiempo de lectura\" \/>\n\t<meta name=\"twitter:data1\" content=\"4 minutos\" \/>\n<script type=\"application\/ld+json\" class=\"yoast-schema-graph\">{\"@context\":\"https:\/\/schema.org\",\"@graph\":[{\"@type\":\"WebPage\",\"@id\":\"https:\/\/www.restaurantcalpupinet.com\/es\/politica-de-privacidad\/\",\"url\":\"https:\/\/www.restaurantcalpupinet.com\/es\/politica-de-privacidad\/\",\"name\":\"Pol\u00edtica de Privacidad - Cal Pupinet\",\"isPartOf\":{\"@id\":\"https:\/\/www.restaurantcalpupinet.com\/es\/#website\"},\"datePublished\":\"2018-07-12T12:30:50+00:00\",\"breadcrumb\":{\"@id\":\"https:\/\/www.restaurantcalpupinet.com\/es\/politica-de-privacidad\/#breadcrumb\"},\"inLanguage\":\"es\",\"potentialAction\":[{\"@type\":\"ReadAction\",\"target\":[\"https:\/\/www.restaurantcalpupinet.com\/es\/politica-de-privacidad\/\"]}]},{\"@type\":\"BreadcrumbList\",\"@id\":\"https:\/\/www.restaurantcalpupinet.com\/es\/politica-de-privacidad\/#breadcrumb\",\"itemListElement\":[{\"@type\":\"ListItem\",\"position\":1,\"name\":\"Inici\",\"item\":\"https:\/\/www.restaurantcalpupinet.com\/es\/\"},{\"@type\":\"ListItem\",\"position\":2,\"name\":\"Pol\u00edtica de Privacidad\"}]},{\"@type\":\"WebSite\",\"@id\":\"https:\/\/www.restaurantcalpupinet.com\/es\/#website\",\"url\":\"https:\/\/www.restaurantcalpupinet.com\/es\/\",\"name\":\"Cal Pupinet\",\"description\":\"Restaurant Cal Pupinet\",\"potentialAction\":[{\"@type\":\"SearchAction\",\"target\":{\"@type\":\"EntryPoint\",\"urlTemplate\":\"https:\/\/www.restaurantcalpupinet.com\/es\/?s={search_term_string}\"},\"query-input\":{\"@type\":\"PropertyValueSpecification\",\"valueRequired\":true,\"valueName\":\"search_term_string\"}}],\"inLanguage\":\"es\"}]}<\/script>\n<!-- \/ Yoast SEO plugin. -->","yoast_head_json":{"title":"Pol\u00edtica de Privacidad - Cal Pupinet","robots":{"index":"index","follow":"follow","max-snippet":"max-snippet:-1","max-image-preview":"max-image-preview:large","max-video-preview":"max-video-preview:-1"},"canonical":"https:\/\/www.restaurantcalpupinet.com\/es\/politica-de-privacidad\/","og_locale":"es_ES","og_type":"article","og_title":"Pol\u00edtica de Privacidad - Cal Pupinet","og_description":"RGPD Alimentaci\u00f3 i Serveis Pupinet S.L. \u00bfQui\u00e9n es el responsable del tratamiento de sus datos? Identidad: Alimentaci\u00f3 i Serveis Pupinet S.L. CIF: B08995474 Dir. Postal: C \/ Santa Rita, 4, 08755 &#8211; Castellbisbal &#8211; Barcelona (Espa\u00f1a) Tel\u00e9fono: +34 937 [...]","og_url":"https:\/\/www.restaurantcalpupinet.com\/es\/politica-de-privacidad\/","og_site_name":"Cal Pupinet","article_publisher":"https:\/\/www.facebook.com\/calpupinet\/","twitter_card":"summary_large_image","twitter_site":"@Calpupinet","twitter_misc":{"Tiempo de lectura":"4 minutos"},"schema":{"@context":"https:\/\/schema.org","@graph":[{"@type":"WebPage","@id":"https:\/\/www.restaurantcalpupinet.com\/es\/politica-de-privacidad\/","url":"https:\/\/www.restaurantcalpupinet.com\/es\/politica-de-privacidad\/","name":"Pol\u00edtica de Privacidad - Cal Pupinet","isPartOf":{"@id":"https:\/\/www.restaurantcalpupinet.com\/es\/#website"},"datePublished":"2018-07-12T12:30:50+00:00","breadcrumb":{"@id":"https:\/\/www.restaurantcalpupinet.com\/es\/politica-de-privacidad\/#breadcrumb"},"inLanguage":"es","potentialAction":[{"@type":"ReadAction","target":["https:\/\/www.restaurantcalpupinet.com\/es\/politica-de-privacidad\/"]}]},{"@type":"BreadcrumbList","@id":"https:\/\/www.restaurantcalpupinet.com\/es\/politica-de-privacidad\/#breadcrumb","itemListElement":[{"@type":"ListItem","position":1,"name":"Inici","item":"https:\/\/www.restaurantcalpupinet.com\/es\/"},{"@type":"ListItem","position":2,"name":"Pol\u00edtica de Privacidad"}]},{"@type":"WebSite","@id":"https:\/\/www.restaurantcalpupinet.com\/es\/#website","url":"https:\/\/www.restaurantcalpupinet.com\/es\/","name":"Cal Pupinet","description":"Restaurant Cal Pupinet","potentialAction":[{"@type":"SearchAction","target":{"@type":"EntryPoint","urlTemplate":"https:\/\/www.restaurantcalpupinet.com\/es\/?s={search_term_string}"},"query-input":{"@type":"PropertyValueSpecification","valueRequired":true,"valueName":"search_term_string"}}],"inLanguage":"es"}]}},"_links":{"self":[{"href":"https:\/\/www.restaurantcalpupinet.com\/es\/wp-json\/wp\/v2\/pages\/5096","targetHints":{"allow":["GET"]}}],"collection":[{"href":"https:\/\/www.restaurantcalpupinet.com\/es\/wp-json\/wp\/v2\/pages"}],"about":[{"href":"https:\/\/www.restaurantcalpupinet.com\/es\/wp-json\/wp\/v2\/types\/page"}],"author":[{"embeddable":true,"href":"https:\/\/www.restaurantcalpupinet.com\/es\/wp-json\/wp\/v2\/users\/254"}],"replies":[{"embeddable":true,"href":"https:\/\/www.restaurantcalpupinet.com\/es\/wp-json\/wp\/v2\/comments?post=5096"}],"version-history":[{"count":0,"href":"https:\/\/www.restaurantcalpupinet.com\/es\/wp-json\/wp\/v2\/pages\/5096\/revisions"}],"wp:attachment":[{"href":"https:\/\/www.restaurantcalpupinet.com\/es\/wp-json\/wp\/v2\/media?parent=5096"}],"wp:term":[{"taxonomy":"wf_page_folders","embeddable":true,"href":"https:\/\/www.restaurantcalpupinet.com\/es\/wp-json\/wp\/v2\/wf_page_folders?post=5096"}],"curies":[{"name":"wp","href":"https:\/\/api.w.org\/{rel}","templated":true}]}}