{"id":5072,"date":"2016-10-03T19:13:21","date_gmt":"2016-10-03T19:13:21","guid":{"rendered":"https:\/\/www.restaurantcalpupinet.com\/tarjetas-regalo\/"},"modified":"2024-01-10T12:30:48","modified_gmt":"2024-01-10T12:30:48","slug":"tarjetas-regalo","status":"publish","type":"page","link":"https:\/\/www.restaurantcalpupinet.com\/es\/tarjetas-regalo\/","title":{"rendered":"Tarjetas regalo"},"content":{"rendered":"<div class=\"fusion-fullwidth fullwidth-box fusion-builder-row-1 fusion-flex-container nonhundred-percent-fullwidth non-hundred-percent-height-scrolling\" style=\"--awb-border-radius-top-left:0px;--awb-border-radius-top-right:0px;--awb-border-radius-bottom-right:0px;--awb-border-radius-bottom-left:0px;--awb-flex-wrap:wrap;\" ><div class=\"fusion-builder-row fusion-row fusion-flex-align-items-flex-start fusion-flex-content-wrap\" style=\"max-width:1248px;margin-left: calc(-4% \/ 2 );margin-right: calc(-4% \/ 2 );\"><div class=\"fusion-layout-column fusion_builder_column fusion-builder-column-0 fusion_builder_column_1_2 1_2 fusion-flex-column\" style=\"--awb-bg-size:cover;--awb-width-large:50%;--awb-margin-top-large:0px;--awb-spacing-right-large:3.84%;--awb-margin-bottom-large:0px;--awb-spacing-left-large:3.84%;--awb-width-medium:50%;--awb-spacing-right-medium:3.84%;--awb-spacing-left-medium:3.84%;--awb-width-small:100%;--awb-spacing-right-small:1.92%;--awb-spacing-left-small:1.92%;\"><div class=\"fusion-column-wrapper fusion-flex-justify-content-flex-start fusion-content-layout-column\"><div class=\"fusion-text fusion-text-1\" style=\"--awb-text-transform:none;\"><h3><strong><span id=\"texte_contingut_producte\">Regala Cal Pupinet<\/span><\/strong><\/h3>\n<h5><strong><span id=\"texte_contingut_producte\">Una experiencia gastron\u00f3mica para hacer felices a quienes m\u00e1s quer\u00e9is.<\/span><\/strong><\/h5>\n<p>Os ofrecemos la posibilidad de adquirir una tarjeta personalizada para regalar que m\u00e1s se adapte se ajuste a vuestras necesidades. Pod\u00e9is elegir entre alguna de las experiencias que ya tenemos preparades o hacer una de personalizada.<\/p>\n<p>Llamadnos o venid a explicarnos que os gustar\u00eda regalar, te ayudaremos a hacerlo realidad.<\/p>\n<p>*Las experiencias son v\u00e1lidas tanto para comer como para cenar a excepci\u00f3n de fechas clave com por ejemplo comida de Navidad, San Esteban, A\u00f1o Nuevo o cenas de verbenas&#8230;<\/p>\n<p style=\"text-align: left;\">Pod\u00e9is llamarnos al <strong>937720209<\/strong>, tambi\u00e9n a trav\u00e9s del <a href=\"\/contactar\/\">formulario de contacto<\/a> de esta misma p\u00e1gina web o v\u00eda correo electr\u00f3nico a info@restaurantcalpupinet.com<\/p>\n<p style=\"text-align: center;\"><a href=\"\/que-tenim\/\">&lt;&lt; Volver a \u00abQu\u00e9 tenemos\u00bb<\/a><\/p>\n<\/div><\/div><\/div><div class=\"fusion-layout-column fusion_builder_column fusion-builder-column-1 fusion_builder_column_1_2 1_2 fusion-flex-column\" style=\"--awb-bg-size:cover;--awb-width-large:50%;--awb-margin-top-large:0px;--awb-spacing-right-large:3.84%;--awb-margin-bottom-large:20px;--awb-spacing-left-large:3.84%;--awb-width-medium:50%;--awb-order-medium:0;--awb-spacing-right-medium:3.84%;--awb-spacing-left-medium:3.84%;--awb-width-small:100%;--awb-order-small:0;--awb-spacing-right-small:1.92%;--awb-spacing-left-small:1.92%;\"><div class=\"fusion-column-wrapper fusion-column-has-shadow fusion-flex-justify-content-space-evenly fusion-content-layout-column\"><div class=\"fusion-image-element \" style=\"text-align:center;--awb-caption-title-font-family:var(--h2_typography-font-family);--awb-caption-title-font-weight:var(--h2_typography-font-weight);--awb-caption-title-font-style:var(--h2_typography-font-style);--awb-caption-title-size:var(--h2_typography-font-size);--awb-caption-title-transform:var(--h2_typography-text-transform);--awb-caption-title-line-height:var(--h2_typography-line-height);--awb-caption-title-letter-spacing:var(--h2_typography-letter-spacing);\"><span class=\" fusion-imageframe imageframe-none imageframe-1 hover-type-none\"><img decoding=\"async\" src=\"https:\/\/www.restaurantcalpupinet.com\/wp-content\/uploads\/2016\/10\/targeta-regal-cal-pupinet-e1666107481119.png\" alt class=\"img-responsive\"\/><\/span><\/div><div style=\"text-align:center;\"><a class=\"fusion-button button-flat button-medium button-default fusion-button-default button-1 fusion-button-default-span fusion-button-default-type\" target=\"_self\" href=\"https:\/\/www.restaurantcalpupinet.com\/wp-content\/uploads\/2024\/01\/Experiencia-60-CAST.jpg\"><span class=\"fusion-button-text awb-button__text awb-button__text--default\">Ver Experiencia 60<\/span><\/a><\/div><div class=\"fusion-text fusion-text-2\" style=\"--awb-text-transform:none;--awb-text-color:#ffffff;\"><p style=\"text-align: center;\">.<\/p>\n<\/div><div style=\"text-align:center;\"><a class=\"fusion-button button-flat button-medium button-default fusion-button-default button-2 fusion-button-default-span fusion-button-default-type\" target=\"_self\" href=\"https:\/\/www.restaurantcalpupinet.com\/wp-content\/uploads\/2024\/01\/Experiencia-80-CAST.jpg\"><span class=\"fusion-button-text awb-button__text awb-button__text--default\">Ver Experiencia 80<\/span><\/a><\/div><\/div><\/div><\/div><\/div>\n","protected":false},"excerpt":{"rendered":"","protected":false},"author":254,"featured_media":0,"parent":0,"menu_order":0,"comment_status":"closed","ping_status":"closed","template":"","meta":{"footnotes":""},"wf_page_folders":[],"class_list":["post-5072","page","type-page","status-publish","hentry"],"yoast_head":"<!-- This site is optimized with the Yoast SEO plugin v26.6 - https:\/\/yoast.com\/wordpress\/plugins\/seo\/ -->\n<title>Tarjetas regalo - Cal Pupinet<\/title>\n<meta name=\"robots\" content=\"index, follow, max-snippet:-1, max-image-preview:large, max-video-preview:-1\" \/>\n<link rel=\"canonical\" href=\"https:\/\/www.restaurantcalpupinet.com\/es\/tarjetas-regalo\/\" \/>\n<meta property=\"og:locale\" content=\"es_ES\" \/>\n<meta property=\"og:type\" content=\"article\" \/>\n<meta property=\"og:title\" content=\"Tarjetas regalo - Cal Pupinet\" \/>\n<meta property=\"og:url\" content=\"https:\/\/www.restaurantcalpupinet.com\/es\/tarjetas-regalo\/\" \/>\n<meta property=\"og:site_name\" content=\"Cal Pupinet\" \/>\n<meta property=\"article:publisher\" content=\"https:\/\/www.facebook.com\/calpupinet\/\" \/>\n<meta property=\"article:modified_time\" content=\"2024-01-10T12:30:48+00:00\" \/>\n<meta name=\"twitter:card\" content=\"summary_large_image\" \/>\n<meta name=\"twitter:site\" content=\"@Calpupinet\" \/>\n<meta name=\"twitter:label1\" content=\"Tiempo de lectura\" \/>\n\t<meta name=\"twitter:data1\" content=\"6 minutos\" \/>\n<script type=\"application\/ld+json\" class=\"yoast-schema-graph\">{\"@context\":\"https:\/\/schema.org\",\"@graph\":[{\"@type\":\"WebPage\",\"@id\":\"https:\/\/www.restaurantcalpupinet.com\/es\/tarjetas-regalo\/\",\"url\":\"https:\/\/www.restaurantcalpupinet.com\/es\/tarjetas-regalo\/\",\"name\":\"Tarjetas regalo - Cal Pupinet\",\"isPartOf\":{\"@id\":\"https:\/\/www.restaurantcalpupinet.com\/es\/#website\"},\"datePublished\":\"2016-10-03T19:13:21+00:00\",\"dateModified\":\"2024-01-10T12:30:48+00:00\",\"breadcrumb\":{\"@id\":\"https:\/\/www.restaurantcalpupinet.com\/es\/tarjetas-regalo\/#breadcrumb\"},\"inLanguage\":\"es\",\"potentialAction\":[{\"@type\":\"ReadAction\",\"target\":[\"https:\/\/www.restaurantcalpupinet.com\/es\/tarjetas-regalo\/\"]}]},{\"@type\":\"BreadcrumbList\",\"@id\":\"https:\/\/www.restaurantcalpupinet.com\/es\/tarjetas-regalo\/#breadcrumb\",\"itemListElement\":[{\"@type\":\"ListItem\",\"position\":1,\"name\":\"Inici\",\"item\":\"https:\/\/www.restaurantcalpupinet.com\/es\/\"},{\"@type\":\"ListItem\",\"position\":2,\"name\":\"Tarjetas regalo\"}]},{\"@type\":\"WebSite\",\"@id\":\"https:\/\/www.restaurantcalpupinet.com\/es\/#website\",\"url\":\"https:\/\/www.restaurantcalpupinet.com\/es\/\",\"name\":\"Cal Pupinet\",\"description\":\"Restaurant Cal Pupinet\",\"potentialAction\":[{\"@type\":\"SearchAction\",\"target\":{\"@type\":\"EntryPoint\",\"urlTemplate\":\"https:\/\/www.restaurantcalpupinet.com\/es\/?s={search_term_string}\"},\"query-input\":{\"@type\":\"PropertyValueSpecification\",\"valueRequired\":true,\"valueName\":\"search_term_string\"}}],\"inLanguage\":\"es\"}]}<\/script>\n<!-- \/ Yoast SEO plugin. -->","yoast_head_json":{"title":"Tarjetas regalo - Cal Pupinet","robots":{"index":"index","follow":"follow","max-snippet":"max-snippet:-1","max-image-preview":"max-image-preview:large","max-video-preview":"max-video-preview:-1"},"canonical":"https:\/\/www.restaurantcalpupinet.com\/es\/tarjetas-regalo\/","og_locale":"es_ES","og_type":"article","og_title":"Tarjetas regalo - Cal Pupinet","og_url":"https:\/\/www.restaurantcalpupinet.com\/es\/tarjetas-regalo\/","og_site_name":"Cal Pupinet","article_publisher":"https:\/\/www.facebook.com\/calpupinet\/","article_modified_time":"2024-01-10T12:30:48+00:00","twitter_card":"summary_large_image","twitter_site":"@Calpupinet","twitter_misc":{"Tiempo de lectura":"6 minutos"},"schema":{"@context":"https:\/\/schema.org","@graph":[{"@type":"WebPage","@id":"https:\/\/www.restaurantcalpupinet.com\/es\/tarjetas-regalo\/","url":"https:\/\/www.restaurantcalpupinet.com\/es\/tarjetas-regalo\/","name":"Tarjetas regalo - Cal Pupinet","isPartOf":{"@id":"https:\/\/www.restaurantcalpupinet.com\/es\/#website"},"datePublished":"2016-10-03T19:13:21+00:00","dateModified":"2024-01-10T12:30:48+00:00","breadcrumb":{"@id":"https:\/\/www.restaurantcalpupinet.com\/es\/tarjetas-regalo\/#breadcrumb"},"inLanguage":"es","potentialAction":[{"@type":"ReadAction","target":["https:\/\/www.restaurantcalpupinet.com\/es\/tarjetas-regalo\/"]}]},{"@type":"BreadcrumbList","@id":"https:\/\/www.restaurantcalpupinet.com\/es\/tarjetas-regalo\/#breadcrumb","itemListElement":[{"@type":"ListItem","position":1,"name":"Inici","item":"https:\/\/www.restaurantcalpupinet.com\/es\/"},{"@type":"ListItem","position":2,"name":"Tarjetas regalo"}]},{"@type":"WebSite","@id":"https:\/\/www.restaurantcalpupinet.com\/es\/#website","url":"https:\/\/www.restaurantcalpupinet.com\/es\/","name":"Cal Pupinet","description":"Restaurant Cal Pupinet","potentialAction":[{"@type":"SearchAction","target":{"@type":"EntryPoint","urlTemplate":"https:\/\/www.restaurantcalpupinet.com\/es\/?s={search_term_string}"},"query-input":{"@type":"PropertyValueSpecification","valueRequired":true,"valueName":"search_term_string"}}],"inLanguage":"es"}]}},"_links":{"self":[{"href":"https:\/\/www.restaurantcalpupinet.com\/es\/wp-json\/wp\/v2\/pages\/5072","targetHints":{"allow":["GET"]}}],"collection":[{"href":"https:\/\/www.restaurantcalpupinet.com\/es\/wp-json\/wp\/v2\/pages"}],"about":[{"href":"https:\/\/www.restaurantcalpupinet.com\/es\/wp-json\/wp\/v2\/types\/page"}],"author":[{"embeddable":true,"href":"https:\/\/www.restaurantcalpupinet.com\/es\/wp-json\/wp\/v2\/users\/254"}],"replies":[{"embeddable":true,"href":"https:\/\/www.restaurantcalpupinet.com\/es\/wp-json\/wp\/v2\/comments?post=5072"}],"version-history":[{"count":0,"href":"https:\/\/www.restaurantcalpupinet.com\/es\/wp-json\/wp\/v2\/pages\/5072\/revisions"}],"wp:attachment":[{"href":"https:\/\/www.restaurantcalpupinet.com\/es\/wp-json\/wp\/v2\/media?parent=5072"}],"wp:term":[{"taxonomy":"wf_page_folders","embeddable":true,"href":"https:\/\/www.restaurantcalpupinet.com\/es\/wp-json\/wp\/v2\/wf_page_folders?post=5072"}],"curies":[{"name":"wp","href":"https:\/\/api.w.org\/{rel}","templated":true}]}}