{"id":5066,"date":"2016-10-03T16:08:07","date_gmt":"2016-10-03T16:08:07","guid":{"rendered":"https:\/\/www.restaurantcalpupinet.com\/catering\/"},"modified":"2022-11-05T10:06:15","modified_gmt":"2022-11-05T10:06:15","slug":"catering","status":"publish","type":"page","link":"https:\/\/www.restaurantcalpupinet.com\/es\/catering\/","title":{"rendered":"Catering"},"content":{"rendered":"<p><div class=\"fusion-fullwidth fullwidth-box fusion-builder-row-1 fusion-flex-container nonhundred-percent-fullwidth non-hundred-percent-height-scrolling\" style=\"--awb-border-radius-top-left:0px;--awb-border-radius-top-right:0px;--awb-border-radius-bottom-right:0px;--awb-border-radius-bottom-left:0px;--awb-flex-wrap:wrap;\" ><div class=\"fusion-builder-row fusion-row fusion-flex-align-items-flex-start fusion-flex-content-wrap\" style=\"max-width:1248px;margin-left: calc(-4% \/ 2 );margin-right: calc(-4% \/ 2 );\"><div class=\"fusion-layout-column fusion_builder_column fusion-builder-column-0 fusion_builder_column_1_1 1_1 fusion-flex-column\" style=\"--awb-bg-size:cover;--awb-width-large:100%;--awb-margin-top-large:0px;--awb-spacing-right-large:1.92%;--awb-margin-bottom-large:0px;--awb-spacing-left-large:1.92%;--awb-width-medium:100%;--awb-spacing-right-medium:1.92%;--awb-spacing-left-medium:1.92%;--awb-width-small:100%;--awb-spacing-right-small:1.92%;--awb-spacing-left-small:1.92%;\"><div class=\"fusion-column-wrapper fusion-flex-justify-content-flex-start fusion-content-layout-column\"><div class=\"fusion-text fusion-text-1\" style=\"--awb-text-transform:none;\"><h3><strong><span id=\"texte_contingut_producte\">DES DE CAL PUPINET TAMBI\u00c9N LES OFRECEMOS EL SERVICIO DE CATERING O COMIDA PARA LLEVAR.<\/span><\/strong><\/h3>\n<h5><strong><span id=\"texte_contingut_producte\">COFFEE BREAKS, COMIDAS A MEDIA REUNI\u00d3N, DESAYUNOS\u2026 LO QUE NECESITEN SOLO TIENEN QUE PEDIRLO.<\/span><\/strong><\/h5>\n<p>M\u00e1s abajo tienen un resumen de los servicios m\u00e1s solicitados por nuestros clientes. No duden en pedirnos informaci\u00f3n ante cualquier necesidad que puedan tener. Trabajaremos para hacerla realidad.<\/p>\n<p>Pueden llamarnos\u00a0al <strong>937720209<\/strong> para concretar una visita, tambi\u00e9n mediante el <a href=\"\/es\/contactar\/\">formulari de contacte<\/a>\u00a0de esta misma p\u00e1gina web o via correo electr\u00f3nico a <a href=\"mailto:info@restaurantcalpupinet.com\">info@restaurantcalpupinet.com<\/a><\/p>\n<\/div><div class=\"fusion-separator fusion-full-width-sep\" style=\"align-self: center;margin-left: auto;margin-right: auto;margin-top:10px;margin-bottom:10px;width:100%;\"><\/div><div ><a class=\"fusion-button button-flat fusion-button-default-size button-default fusion-button-default button-1 fusion-button-default-span fusion-button-default-type\" target=\"_blank\" rel=\"noopener noreferrer\" href=\"\/salas-de-reuniones\/\"><span class=\"fusion-button-text awb-button__text awb-button__text--default\">Ver Salas de Reuniones<\/span><\/a><\/div><div class=\"fusion-text fusion-text-2\" style=\"--awb-text-transform:none;--awb-margin-top:40px;\"><h1>Men\u00fas para c\u00e1tering<\/h1>\n<\/div><\/div><\/div><\/div><\/div><div class=\"fusion-fullwidth fullwidth-box fusion-builder-row-2 fusion-flex-container nonhundred-percent-fullwidth non-hundred-percent-height-scrolling\" style=\"--awb-border-radius-top-left:0px;--awb-border-radius-top-right:0px;--awb-border-radius-bottom-right:0px;--awb-border-radius-bottom-left:0px;--awb-flex-wrap:wrap;\" ><div class=\"fusion-builder-row fusion-row fusion-flex-align-items-flex-start fusion-flex-content-wrap\" style=\"max-width:1248px;margin-left: calc(-4% \/ 2 );margin-right: calc(-4% \/ 2 );\"><div class=\"fusion-layout-column fusion_builder_column fusion-builder-column-1 fusion_builder_column_1_1 1_1 fusion-flex-column\" style=\"--awb-bg-size:cover;--awb-width-large:100%;--awb-margin-top-large:0px;--awb-spacing-right-large:1.92%;--awb-margin-bottom-large:0px;--awb-spacing-left-large:1.92%;--awb-width-medium:100%;--awb-spacing-right-medium:1.92%;--awb-spacing-left-medium:1.92%;--awb-width-small:100%;--awb-spacing-right-small:1.92%;--awb-spacing-left-small:1.92%;\"><div class=\"fusion-column-wrapper fusion-flex-justify-content-flex-start fusion-content-layout-column\"><div class=\"fusion-tabs fusion-tabs-1 clean nav-is-justified horizontal-tabs icon-position-left mobile-mode-accordion\" style=\"--awb-title-border-radius-top-left:0px;--awb-title-border-radius-top-right:0px;--awb-title-border-radius-bottom-right:0px;--awb-title-border-radius-bottom-left:0px;--awb-inactive-color:#f9f9fb;--awb-background-color:#ffffff;--awb-border-color:#ffffff;--awb-active-border-color:#000000;\" id=\"tabs-pupinet\"><div class=\"nav\"><ul class=\"nav-tabs nav-justified\" role=\"tablist\"><li class=\"active\" role=\"presentation\"><a class=\"tab-link\" data-toggle=\"tab\" role=\"tab\" aria-controls=\"tab-e880b68b51fe2017a41\" aria-selected=\"true\" id=\"fusion-tab-brunch\" href=\"#tab-e880b68b51fe2017a41\"><h4 class=\"fusion-tab-heading\">Brunch<\/h4><\/a><\/li><li role=\"presentation\"><a class=\"tab-link\" data-toggle=\"tab\" role=\"tab\" aria-controls=\"tab-2b404db3ac020cd59a4\" aria-selected=\"false\" tabindex=\"-1\" id=\"fusion-tab-lunch\" href=\"#tab-2b404db3ac020cd59a4\"><h4 class=\"fusion-tab-heading\">Lunch<\/h4><\/a><\/li><li role=\"presentation\"><a class=\"tab-link\" data-toggle=\"tab\" role=\"tab\" aria-controls=\"tab-3d6c3864702b96adffe\" aria-selected=\"false\" tabindex=\"-1\" id=\"fusion-tab-comidaformalenellugardetrabajo\" href=\"#tab-3d6c3864702b96adffe\"><h4 class=\"fusion-tab-heading\">Comida formal en el lugar de trabajo<\/h4><\/a><\/li><li role=\"presentation\"><a class=\"tab-link\" data-toggle=\"tab\" role=\"tab\" aria-controls=\"tab-4f730a5217447d97d1f\" aria-selected=\"false\" tabindex=\"-1\" id=\"fusion-tab-otrasopcionesdecatering\" href=\"#tab-4f730a5217447d97d1f\"><h4 class=\"fusion-tab-heading\">Otras opciones de catering<\/h4><\/a><\/li><\/ul><\/div><div class=\"tab-content\"><div class=\"nav fusion-mobile-tab-nav\"><ul class=\"nav-tabs nav-justified\" role=\"tablist\"><li class=\"active\" role=\"presentation\"><a class=\"tab-link\" data-toggle=\"tab\" role=\"tab\" aria-controls=\"tab-e880b68b51fe2017a41\" aria-selected=\"true\" id=\"mobile-fusion-tab-brunch\" href=\"#tab-e880b68b51fe2017a41\"><h4 class=\"fusion-tab-heading\">Brunch<\/h4><\/a><\/li><\/ul><\/div><div class=\"tab-pane fade fusion-clearfix in active\" role=\"tabpanel\" tabindex=\"0\" aria-labelledby=\"fusion-tab-brunch\" id=\"tab-e880b68b51fe2017a41\">\n<div id=\"ui-tab-061770d2c27c49\" class=\"tabs__pane \">\n<h1>Brunch<\/h1>\n<h3>Para una comida informal en el puesto de trabajo. Presentado en bandejas y a punto para comer (m\u00ednimo 15 personas)<\/h3>\n<div class=\"menu-list menu-list__regular\">\n<h2 class=\"menu-list__title\">3 mini bocadillos<\/h2>\n<hr class=\"separator\" \/>\n<ul class=\"menu-list__items\">\n<li class=\"menu-list__item\">\n<h4 class=\"menu-list__item-title\">&#8211; Flauta de queso<\/h4>\n<\/li>\n<li class=\"menu-list__item\">\n<h4 class=\"menu-list__item-title\">Viena de longaniza<\/h4>\n<\/li>\n<li class=\"menu-list__item\">\n<h4 class=\"menu-list__item-title\">&#8211; Xapata de jam\u00f3n<\/h4>\n<\/li>\n<li class=\"menu-list__item\">\n<h4 class=\"menu-list__item-title\"><\/h4>\n<\/li>\n<\/ul>\n<h2 class=\"menu-list__title\">5 variantes saladas<\/h2>\n<hr class=\"separator\" \/>\n<ul class=\"menu-list__items\">\n<li class=\"menu-list__item\">\n<h4 class=\"menu-list__item-title\">&#8211; Dados de tortilla de patatas<\/h4>\n<\/li>\n<li class=\"menu-list__item\">\n<h4 class=\"menu-list__item-title\">&#8211; Croquetas de carne de olla<\/h4>\n<\/li>\n<li class=\"menu-list__item\">\n<h4 class=\"menu-list__item-title\">&#8211; Empanada Gallega de at\u00fan<\/h4>\n<\/li>\n<li class=\"menu-list__item\">\n<h4 class=\"menu-list__item-title\">&#8211; Espirales caramelizados de jam\u00f3n dulce y queso<\/h4>\n<\/li>\n<li class=\"menu-list__item\">\n<h4 class=\"menu-list__item-title\">&#8211; Delicatessen de crema de salm\u00f3n<\/h4>\n<\/li>\n<li class=\"menu-list__item\">\n<h4 class=\"menu-list__item-title\"><\/h4>\n<\/li>\n<\/ul>\n<h2 class=\"menu-list__title\">Postres<\/h2>\n<hr class=\"separator\" \/>\n<ul class=\"menu-list__items\">\n<li class=\"menu-list__item\">\n<h4 class=\"menu-list__item-title\">&#8211; Brocheta de fruta<\/h4>\n<\/li>\n<li class=\"menu-list__item\">\n<h4 class=\"menu-list__item-title\">&#8211; Pieza de pasteler\u00eda<\/h4>\n<\/li>\n<li class=\"menu-list__item\">\n<h4 class=\"menu-list__item-title\"><\/h4>\n<\/li>\n<\/ul>\n<\/div>\n<h1>18,80\u20ac por persona (10% IVA incluido)<\/h1>\n<p>* Rogamos entiendan las variantes saladas como una propuesta que puede cambiarse seg\u00fan disponibilidad.<br \/>\n* En caso de repetir el servicio durante la semana modificar\u00edamos las variantes saladas d\u00eda a d\u00eda si el cliente lo desea.<br \/>\n* No incluye servicio de camarero.<\/p>\n<\/div>\n<\/div><div class=\"nav fusion-mobile-tab-nav\"><ul class=\"nav-tabs nav-justified\" role=\"tablist\"><li role=\"presentation\"><a class=\"tab-link\" data-toggle=\"tab\" role=\"tab\" aria-controls=\"tab-2b404db3ac020cd59a4\" aria-selected=\"false\" tabindex=\"-1\" id=\"mobile-fusion-tab-lunch\" href=\"#tab-2b404db3ac020cd59a4\"><h4 class=\"fusion-tab-heading\">Lunch<\/h4><\/a><\/li><\/ul><\/div><div class=\"tab-pane fade fusion-clearfix\" role=\"tabpanel\" tabindex=\"0\" aria-labelledby=\"fusion-tab-lunch\" id=\"tab-2b404db3ac020cd59a4\">\n<div id=\"ui-tab-061770d2c27c49\" class=\"tabs__pane \">\n<div id=\"ui-tab-161770d2c27c8a\" class=\"tabs__pane hide\">\n<h1>Lunch<\/h1>\n<h3>Para una comida informal en el puesto de trabajo. Presentado en bandejas y a punto para comer (m\u00ednimo 15 personas)<\/h3>\n<div class=\"menu-list menu-list__regular\">\n<h2 class=\"menu-list__title\">Bandeja con:<\/h2>\n<hr class=\"separator\" \/>\n<ul class=\"menu-list__items\">\n<li class=\"menu-list__item\">\n<h4 class=\"menu-list__item-title\">&#8211; Virutas de jam\u00f3n ib\u00e9rico<\/h4>\n<\/li>\n<li class=\"menu-list__item\">\n<h4 class=\"menu-list__item-title\">&#8211; Queso manchego<\/h4>\n<\/li>\n<li class=\"menu-list__item\">\n<h4 class=\"menu-list__item-title\">&#8211; Pan con tomate y picos<\/h4>\n<\/li>\n<li class=\"menu-list__item\">\n<h4 class=\"menu-list__item-title\"><\/h4>\n<\/li>\n<\/ul>\n<h2 class=\"menu-list__title\">5 variantes saladas<\/h2>\n<hr class=\"separator\" \/>\n<ul class=\"menu-list__items\">\n<li class=\"menu-list__item\">\n<h4 class=\"menu-list__item-title\">&#8211; Dados de tortilla de patatas<\/h4>\n<\/li>\n<li class=\"menu-list__item\">\n<h4 class=\"menu-list__item-title\">&#8211; Croquetas de carne de olla<\/h4>\n<\/li>\n<li class=\"menu-list__item\">\n<h4 class=\"menu-list__item-title\">&#8211; Empanada Gallega de at\u00fan<\/h4>\n<\/li>\n<li class=\"menu-list__item\">\n<h4 class=\"menu-list__item-title\">&#8211; Espirales caramelizados de jam\u00f3n dulce y queso<\/h4>\n<\/li>\n<li class=\"menu-list__item\">\n<h4 class=\"menu-list__item-title\">&#8211; Delicatessen de crema de salm\u00f3n<\/h4>\n<\/li>\n<li class=\"menu-list__item\">\n<h4 class=\"menu-list__item-title\"><\/h4>\n<\/li>\n<\/ul>\n<h2 class=\"menu-list__title\">Postres<\/h2>\n<hr class=\"separator\" \/>\n<ul class=\"menu-list__items\">\n<li class=\"menu-list__item\">\n<h4 class=\"menu-list__item-title\">&#8211; Brocheta de fruta<\/h4>\n<\/li>\n<li class=\"menu-list__item\">\n<h4 class=\"menu-list__item-title\">&#8211; Pieza de pasteler\u00eda<\/h4>\n<\/li>\n<li class=\"menu-list__item\">\n<h4 class=\"menu-list__item-title\"><\/h4>\n<\/li>\n<\/ul>\n<\/div>\n<h1>23,50\u20ac por persona (10% IVA incluido)<\/h1>\n<p>* Rogamos entiendan las variantes saladas como una propuesta que puede cambiarse seg\u00fan disponibilidad.<br \/>\n* En caso de repetir el servicio durante la semana modificar\u00edamos las variantes saladas d\u00eda a d\u00eda si el cliente lo desea.<br \/>\n* No incluye servicio de camarero<\/p>\n<\/div>\n<\/div>\n<\/div><div class=\"nav fusion-mobile-tab-nav\"><ul class=\"nav-tabs nav-justified\" role=\"tablist\"><li role=\"presentation\"><a class=\"tab-link\" data-toggle=\"tab\" role=\"tab\" aria-controls=\"tab-3d6c3864702b96adffe\" aria-selected=\"false\" tabindex=\"-1\" id=\"mobile-fusion-tab-comidaformalenellugardetrabajo\" href=\"#tab-3d6c3864702b96adffe\"><h4 class=\"fusion-tab-heading\">Comida formal en el lugar de trabajo<\/h4><\/a><\/li><\/ul><\/div><div class=\"tab-pane fade fusion-clearfix\" role=\"tabpanel\" tabindex=\"0\" aria-labelledby=\"fusion-tab-comidaformalenellugardetrabajo\" id=\"tab-3d6c3864702b96adffe\">\n<div id=\"ui-tab-061770d2c27c49\" class=\"tabs__pane \">\n<div id=\"ui-tab-161770d2c27c8a\" class=\"tabs__pane hide\">\n<div id=\"ui-tab-261770d2c27cc6\" class=\"tabs__pane hide\">\n<h1>Comida formal en el lugar de trabajo<\/h1>\n<h3>Para una comida formal en el lugar de trabajo, servicio de comida o cena, con camarero.<\/h3>\n<div class=\"menu-list menu-list__regular\">\n<h2 class=\"menu-list__title\">De primero<\/h2>\n<hr class=\"separator\" \/>\n<ul class=\"menu-list__items\">\n<li class=\"menu-list__item\">\n<h4 class=\"menu-list__item-title\">&#8211; Envoltorio crujiente de rape con salsa americana<\/h4>\n<\/li>\n<li class=\"menu-list__item\">\n<h4 class=\"menu-list__item-title\"><\/h4>\n<\/li>\n<\/ul>\n<h2 class=\"menu-list__title\">De segundo<\/h2>\n<hr class=\"separator\" \/>\n<ul class=\"menu-list__items\">\n<li class=\"menu-list__item\">\n<h4 class=\"menu-list__item-title\">&#8211; Pato al cava con peras<\/h4>\n<\/li>\n<li class=\"menu-list__item\">\n<h4 class=\"menu-list__item-title\"><\/h4>\n<\/li>\n<\/ul>\n<h2 class=\"menu-list__title\">Los postres<\/h2>\n<hr class=\"separator\" \/>\n<ul class=\"menu-list__items\">\n<li class=\"menu-list__item\">\n<h4 class=\"menu-list__item-title\">&#8211; Dados de fruta o pastel mousse de chocolate en tres texturas<\/h4>\n<\/li>\n<li class=\"menu-list__item\">\n<h4 class=\"menu-list__item-title\"><\/h4>\n<\/li>\n<\/ul>\n<\/div>\n<p>El men\u00fa tambi\u00e9n incluye, vino tinto D.O Rioja, agua y panecillo individual (men\u00fa de ejemplo, consultar disponibilidad y condiciones)<\/p>\n<h1>27,50\u20ac por persona (10% IVA incluido)<\/h1>\n<p>\u2013 Servicio de camarero: 25 \u20ac \/ h por camarero ( 1 camarero cada 15 comensales).<br \/>\n\u2013 Servicio de ayudante de cocina: 25 \u20ac \/ h por ayudante (a partir de 8 comensales y 1 cada 30 comensales).<br \/>\n\u2013 El mantel y el menaje de la mesa (cubiertos, copas, platos) est\u00e1 incluido en el precio del men\u00fa.<\/p>\n<p>* No incluye mesas, sillas y transporte. El precio del servicio puede variar en funci\u00f3n de las instalaciones y el tipo de platos que se sirvan.<\/p>\n<\/div>\n<\/div>\n<\/div>\n<\/div><div class=\"nav fusion-mobile-tab-nav\"><ul class=\"nav-tabs nav-justified\" role=\"tablist\"><li role=\"presentation\"><a class=\"tab-link\" data-toggle=\"tab\" role=\"tab\" aria-controls=\"tab-4f730a5217447d97d1f\" aria-selected=\"false\" tabindex=\"-1\" id=\"mobile-fusion-tab-otrasopcionesdecatering\" href=\"#tab-4f730a5217447d97d1f\"><h4 class=\"fusion-tab-heading\">Otras opciones de catering<\/h4><\/a><\/li><\/ul><\/div><div class=\"tab-pane fade fusion-clearfix\" role=\"tabpanel\" tabindex=\"0\" aria-labelledby=\"fusion-tab-otrasopcionesdecatering\" id=\"tab-4f730a5217447d97d1f\">\n<div id=\"ui-tab-061770d2c27c49\" class=\"tabs__pane \">\n<h2><\/h2>\n<h2 class=\"menu-list__title\">Safates de variants salades \/ 40\u20ac\/Kg<\/h2>\n<hr class=\"separator\" \/>\n<ul class=\"menu-list__items\">\n<li class=\"menu-list__item\">\n<h4 class=\"menu-list__item-title\">&#8211; Dados de tortilla de patatas<\/h4>\n<\/li>\n<li class=\"menu-list__item\">\n<h4 class=\"menu-list__item-title\">&#8211; Croquetas de carne de olla<\/h4>\n<\/li>\n<li class=\"menu-list__item\">\n<h4 class=\"menu-list__item-title\">&#8211; Tortilla de berenjena<\/h4>\n<\/li>\n<li class=\"menu-list__item\">\n<h4 class=\"menu-list__item-title\">&#8211; Mini hamburguesa<\/h4>\n<\/li>\n<li class=\"menu-list__item\">\n<h4 class=\"menu-list__item-title\">&#8211; Bu\u00f1uelos de bacalao<\/h4>\n<\/li>\n<li class=\"menu-list__item\">\n<h4 class=\"menu-list__item-title\">&#8211; Coca de escalivada<\/h4>\n<\/li>\n<li class=\"menu-list__item\">\n<h4 class=\"menu-list__item-title\">&#8211; Champi\u00f1\u00f3n relleno Empanada Gallega de at\u00fan<\/h4>\n<\/li>\n<li class=\"menu-list__item\">\n<h4 class=\"menu-list__item-title\">&#8211; Espirales caramelizados de jam\u00f3n dulce y queso Delicatessen de crema de salm\u00f3n<\/h4>\n<\/li>\n<li class=\"menu-list__item\">\n<h4 class=\"menu-list__item-title\">&#8211; \u00abFarcellet\u00bb de esp\u00e1rragos verde con beacon<\/h4>\n<\/li>\n<li class=\"menu-list__item\">\n<h4 class=\"menu-list__item-title\">&#8211; Pita de carne<\/h4>\n<\/li>\n<li class=\"menu-list__item\">\n<h4 class=\"menu-list__item-title\">RECOMENDAMOS: como sustituto de una comida 1\/2 Kg. por persona.<\/h4>\n<\/li>\n<li class=\"menu-list__item\">\n<h4 class=\"menu-list__item-title\"><\/h4>\n<\/li>\n<\/ul>\n<h2><\/h2>\n<h2 class=\"menu-list__title\">Bocadillos<\/h2>\n<hr class=\"separator\" \/>\n<ul class=\"menu-list__items\">\n<li class=\"menu-list__item\">\n<h4 class=\"menu-list__item-title\">Mini xapates con tomate y jam\u00f3n ib\u00e9rico<\/h4>\n<p><span class=\"menu-list__item-price\">2,40 \u20ac<\/span><\/li>\n<li class=\"menu-list__item\">\n<h4 class=\"menu-list__item-title\">Mini flautas de queso<\/h4>\n<p><span class=\"menu-list__item-price\">1,85 \u20ac<\/span><\/li>\n<li class=\"menu-list__item\">\n<h4 class=\"menu-list__item-title\">Mini xapates con tomate y queso<\/h4>\n<p><span class=\"menu-list__item-price\">2,10 \u20ac<\/span><\/li>\n<li class=\"menu-list__item\">\n<h4 class=\"menu-list__item-title\">Mini vien\u00e9s de fuet o longaniza o catalana<\/h4>\n<p><span class=\"menu-list__item-price\">1,85 \u20ac<\/span><\/li>\n<li class=\"menu-list__item\">\n<h4 class=\"menu-list__item-title\"><\/h4>\n<\/li>\n<\/ul>\n<h2 class=\"menu-list__title\">Cofee break \/ 7,50\u20ac por persona<\/h2>\n<hr class=\"separator\" \/>\n<ul class=\"menu-list__items\">\n<li class=\"menu-list__item\">\n<h4 class=\"menu-list__item-title\">&#8211; Reposter\u00eda dulce y mini bocadillos<\/h4>\n<\/li>\n<li class=\"menu-list__item\">\n<h4 class=\"menu-list__item-title\">&#8211; Zumos, agua, caf\u00e9 y leche<\/h4>\n<\/li>\n<li class=\"menu-list__item\">\n<h4 class=\"menu-list__item-title\"><\/h4>\n<\/li>\n<\/ul>\n<h2><\/h2>\n<h2 class=\"menu-list__title\">Bandejas de variantes dulces 26 \u20ac \/ Kg<\/h2>\n<hr class=\"separator\" \/>\n<ul class=\"menu-list__items\">\n<li class=\"menu-list__item\">\n<h4 class=\"menu-list__item-title\">&#8211; Mini cruasanes<\/h4>\n<\/li>\n<li class=\"menu-list__item\">\n<h4 class=\"menu-list__item-title\">&#8211; Mini ensaimadas<\/h4>\n<\/li>\n<li class=\"menu-list__item\">\n<h4 class=\"menu-list__item-title\">&#8211; Palmeretes<\/h4>\n<\/li>\n<li class=\"menu-list__item\">\n<h4 class=\"menu-list__item-title\"><\/h4>\n<\/li>\n<\/ul>\n<h2><\/h2>\n<h2 class=\"menu-list__title\">Montajes a la misma empresa (precio seg\u00fan necesidades)<\/h2>\n<hr class=\"separator\" \/>\n<ul class=\"menu-list__items\">\n<li class=\"menu-list__item\">\n<h4 class=\"menu-list__item-title\">&#8211; Montajes de mesas cumplidas con mantel, decoraci\u00f3n, etc.<\/h4>\n<\/li>\n<li class=\"menu-list__item\">\n<h4 class=\"menu-list__item-title\">&#8211; Servicio de camarero<\/h4>\n<\/li>\n<li class=\"menu-list__item\">\n<h4 class=\"menu-list__item-title\">&#8211; Transporte<\/h4>\n<\/li>\n<\/ul>\n<\/div>\n<\/div><\/div><\/div><\/div><\/div><div class=\"fusion-layout-column fusion_builder_column fusion-builder-column-2 fusion_builder_column_1_1 1_1 fusion-flex-column\" style=\"--awb-bg-size:cover;--awb-width-large:100%;--awb-margin-top-large:0px;--awb-spacing-right-large:1.92%;--awb-margin-bottom-large:0px;--awb-spacing-left-large:1.92%;--awb-width-medium:100%;--awb-spacing-right-medium:1.92%;--awb-spacing-left-medium:1.92%;--awb-width-small:100%;--awb-spacing-right-small:1.92%;--awb-spacing-left-small:1.92%;\"><div class=\"fusion-column-wrapper fusion-flex-justify-content-flex-start fusion-content-layout-column\"><div class=\"fusion-text fusion-text-3\"><p style=\"text-align: center;\"><a href=\"\/que-tenim\/\">&lt;&lt; Tornar a \u00abQu\u00e8 tenim\u00bb<\/a><\/p>\n<\/div><\/div><\/div><\/div><\/div><\/p>\n","protected":false},"excerpt":{"rendered":"","protected":false},"author":254,"featured_media":0,"parent":0,"menu_order":0,"comment_status":"closed","ping_status":"closed","template":"","meta":{"footnotes":""},"wf_page_folders":[],"class_list":["post-5066","page","type-page","status-publish","hentry"],"yoast_head":"<!-- This site is optimized with the Yoast SEO plugin v26.6 - https:\/\/yoast.com\/wordpress\/plugins\/seo\/ -->\n<title>Catering - Cal Pupinet<\/title>\n<meta name=\"robots\" content=\"index, follow, max-snippet:-1, max-image-preview:large, max-video-preview:-1\" \/>\n<link rel=\"canonical\" href=\"https:\/\/www.restaurantcalpupinet.com\/es\/catering\/\" \/>\n<meta property=\"og:locale\" content=\"es_ES\" \/>\n<meta property=\"og:type\" content=\"article\" \/>\n<meta property=\"og:title\" content=\"Catering - Cal Pupinet\" \/>\n<meta property=\"og:url\" content=\"https:\/\/www.restaurantcalpupinet.com\/es\/catering\/\" \/>\n<meta property=\"og:site_name\" content=\"Cal Pupinet\" \/>\n<meta property=\"article:publisher\" content=\"https:\/\/www.facebook.com\/calpupinet\/\" \/>\n<meta property=\"article:modified_time\" content=\"2022-11-05T10:06:15+00:00\" \/>\n<meta name=\"twitter:card\" content=\"summary_large_image\" \/>\n<meta name=\"twitter:site\" content=\"@Calpupinet\" \/>\n<meta name=\"twitter:label1\" content=\"Tiempo de lectura\" \/>\n\t<meta name=\"twitter:data1\" content=\"6 minutos\" \/>\n<script type=\"application\/ld+json\" class=\"yoast-schema-graph\">{\"@context\":\"https:\/\/schema.org\",\"@graph\":[{\"@type\":\"WebPage\",\"@id\":\"https:\/\/www.restaurantcalpupinet.com\/es\/catering\/\",\"url\":\"https:\/\/www.restaurantcalpupinet.com\/es\/catering\/\",\"name\":\"Catering - Cal Pupinet\",\"isPartOf\":{\"@id\":\"https:\/\/www.restaurantcalpupinet.com\/es\/#website\"},\"datePublished\":\"2016-10-03T16:08:07+00:00\",\"dateModified\":\"2022-11-05T10:06:15+00:00\",\"breadcrumb\":{\"@id\":\"https:\/\/www.restaurantcalpupinet.com\/es\/catering\/#breadcrumb\"},\"inLanguage\":\"es\",\"potentialAction\":[{\"@type\":\"ReadAction\",\"target\":[\"https:\/\/www.restaurantcalpupinet.com\/es\/catering\/\"]}]},{\"@type\":\"BreadcrumbList\",\"@id\":\"https:\/\/www.restaurantcalpupinet.com\/es\/catering\/#breadcrumb\",\"itemListElement\":[{\"@type\":\"ListItem\",\"position\":1,\"name\":\"Inici\",\"item\":\"https:\/\/www.restaurantcalpupinet.com\/es\/\"},{\"@type\":\"ListItem\",\"position\":2,\"name\":\"Catering\"}]},{\"@type\":\"WebSite\",\"@id\":\"https:\/\/www.restaurantcalpupinet.com\/es\/#website\",\"url\":\"https:\/\/www.restaurantcalpupinet.com\/es\/\",\"name\":\"Cal Pupinet\",\"description\":\"Restaurant Cal Pupinet\",\"potentialAction\":[{\"@type\":\"SearchAction\",\"target\":{\"@type\":\"EntryPoint\",\"urlTemplate\":\"https:\/\/www.restaurantcalpupinet.com\/es\/?s={search_term_string}\"},\"query-input\":{\"@type\":\"PropertyValueSpecification\",\"valueRequired\":true,\"valueName\":\"search_term_string\"}}],\"inLanguage\":\"es\"}]}<\/script>\n<!-- \/ Yoast SEO plugin. -->","yoast_head_json":{"title":"Catering - Cal Pupinet","robots":{"index":"index","follow":"follow","max-snippet":"max-snippet:-1","max-image-preview":"max-image-preview:large","max-video-preview":"max-video-preview:-1"},"canonical":"https:\/\/www.restaurantcalpupinet.com\/es\/catering\/","og_locale":"es_ES","og_type":"article","og_title":"Catering - Cal Pupinet","og_url":"https:\/\/www.restaurantcalpupinet.com\/es\/catering\/","og_site_name":"Cal Pupinet","article_publisher":"https:\/\/www.facebook.com\/calpupinet\/","article_modified_time":"2022-11-05T10:06:15+00:00","twitter_card":"summary_large_image","twitter_site":"@Calpupinet","twitter_misc":{"Tiempo de lectura":"6 minutos"},"schema":{"@context":"https:\/\/schema.org","@graph":[{"@type":"WebPage","@id":"https:\/\/www.restaurantcalpupinet.com\/es\/catering\/","url":"https:\/\/www.restaurantcalpupinet.com\/es\/catering\/","name":"Catering - Cal Pupinet","isPartOf":{"@id":"https:\/\/www.restaurantcalpupinet.com\/es\/#website"},"datePublished":"2016-10-03T16:08:07+00:00","dateModified":"2022-11-05T10:06:15+00:00","breadcrumb":{"@id":"https:\/\/www.restaurantcalpupinet.com\/es\/catering\/#breadcrumb"},"inLanguage":"es","potentialAction":[{"@type":"ReadAction","target":["https:\/\/www.restaurantcalpupinet.com\/es\/catering\/"]}]},{"@type":"BreadcrumbList","@id":"https:\/\/www.restaurantcalpupinet.com\/es\/catering\/#breadcrumb","itemListElement":[{"@type":"ListItem","position":1,"name":"Inici","item":"https:\/\/www.restaurantcalpupinet.com\/es\/"},{"@type":"ListItem","position":2,"name":"Catering"}]},{"@type":"WebSite","@id":"https:\/\/www.restaurantcalpupinet.com\/es\/#website","url":"https:\/\/www.restaurantcalpupinet.com\/es\/","name":"Cal Pupinet","description":"Restaurant Cal Pupinet","potentialAction":[{"@type":"SearchAction","target":{"@type":"EntryPoint","urlTemplate":"https:\/\/www.restaurantcalpupinet.com\/es\/?s={search_term_string}"},"query-input":{"@type":"PropertyValueSpecification","valueRequired":true,"valueName":"search_term_string"}}],"inLanguage":"es"}]}},"_links":{"self":[{"href":"https:\/\/www.restaurantcalpupinet.com\/es\/wp-json\/wp\/v2\/pages\/5066","targetHints":{"allow":["GET"]}}],"collection":[{"href":"https:\/\/www.restaurantcalpupinet.com\/es\/wp-json\/wp\/v2\/pages"}],"about":[{"href":"https:\/\/www.restaurantcalpupinet.com\/es\/wp-json\/wp\/v2\/types\/page"}],"author":[{"embeddable":true,"href":"https:\/\/www.restaurantcalpupinet.com\/es\/wp-json\/wp\/v2\/users\/254"}],"replies":[{"embeddable":true,"href":"https:\/\/www.restaurantcalpupinet.com\/es\/wp-json\/wp\/v2\/comments?post=5066"}],"version-history":[{"count":0,"href":"https:\/\/www.restaurantcalpupinet.com\/es\/wp-json\/wp\/v2\/pages\/5066\/revisions"}],"wp:attachment":[{"href":"https:\/\/www.restaurantcalpupinet.com\/es\/wp-json\/wp\/v2\/media?parent=5066"}],"wp:term":[{"taxonomy":"wf_page_folders","embeddable":true,"href":"https:\/\/www.restaurantcalpupinet.com\/es\/wp-json\/wp\/v2\/wf_page_folders?post=5066"}],"curies":[{"name":"wp","href":"https:\/\/api.w.org\/{rel}","templated":true}]}}