{"id":5064,"date":"2016-10-03T08:53:04","date_gmt":"2016-10-03T08:53:04","guid":{"rendered":"https:\/\/www.restaurantcalpupinet.com\/menus-navidenos\/"},"modified":"2025-12-04T11:24:26","modified_gmt":"2025-12-04T11:24:26","slug":"menus-navidenos","status":"publish","type":"page","link":"https:\/\/www.restaurantcalpupinet.com\/es\/menus-navidenos\/","title":{"rendered":"Men\u00fas Navide\u00f1os"},"content":{"rendered":"<div class=\"fusion-fullwidth fullwidth-box fusion-builder-row-1 fusion-flex-container nonhundred-percent-fullwidth non-hundred-percent-height-scrolling\" style=\"--awb-border-radius-top-left:0px;--awb-border-radius-top-right:0px;--awb-border-radius-bottom-right:0px;--awb-border-radius-bottom-left:0px;--awb-flex-wrap:wrap;\" ><div class=\"fusion-builder-row fusion-row fusion-flex-align-items-flex-start fusion-flex-content-wrap\" style=\"max-width:1248px;margin-left: calc(-4% \/ 2 );margin-right: calc(-4% \/ 2 );\"><div class=\"fusion-layout-column fusion_builder_column fusion-builder-column-0 fusion_builder_column_1_1 1_1 fusion-flex-column\" style=\"--awb-bg-size:cover;--awb-width-large:100%;--awb-margin-top-large:0px;--awb-spacing-right-large:1.92%;--awb-margin-bottom-large:0px;--awb-spacing-left-large:1.92%;--awb-width-medium:100%;--awb-spacing-right-medium:1.92%;--awb-spacing-left-medium:1.92%;--awb-width-small:100%;--awb-spacing-right-small:1.92%;--awb-spacing-left-small:1.92%;\"><div class=\"fusion-column-wrapper fusion-flex-justify-content-flex-start fusion-content-layout-column\"><div class=\"fusion-text fusion-text-1\" style=\"--awb-text-transform:none;\"><h1>COMIDAS NAVIDE\u00d1AS<\/h1>\n<h4>EN CAL PUPINET ENCONTRAR\u00c9IS EL MEJOR SITIO PARA DISFRUTAR DE ESTAS COMIDAS EN FAMILIA<\/h4>\n<p>Os sentir\u00e9is como en casa, cuidamos de cada detalle, para que no os perd\u00e1is ni un instante con los tuyos, en estas fechas tan se\u00f1aladas.<\/p>\n<\/div><div class=\"fusion-text fusion-text-2\" style=\"--awb-text-transform:none;\"><p style=\"text-align: center;\"><strong><span style=\"color: #800000;\">Cuando ve\u00e1is una fecha marcada con \u2013 AFORO COMPLETO \u2013 Llamad al 937720209 para a\u00f1adiros a la lista de espera<\/span><\/strong><\/p>\n<\/div><\/div><\/div><div class=\"fusion-layout-column fusion_builder_column fusion-builder-column-1 fusion_builder_column_2_3 2_3 fusion-flex-column fusion-flex-align-self-flex-start\" style=\"--awb-bg-size:cover;--awb-width-large:66.666666666667%;--awb-margin-top-large:0px;--awb-spacing-right-large:2.88%;--awb-margin-bottom-large:0px;--awb-spacing-left-large:2.88%;--awb-width-medium:66.666666666667%;--awb-order-medium:0;--awb-spacing-right-medium:2.88%;--awb-spacing-left-medium:2.88%;--awb-width-small:100%;--awb-order-small:0;--awb-spacing-right-small:1.92%;--awb-spacing-left-small:1.92%;\" id=\"dates-nadal\"><div class=\"fusion-column-wrapper fusion-column-has-shadow fusion-flex-justify-content-flex-start fusion-content-layout-column\"><div class=\"fusion-text fusion-text-3\" style=\"--awb-text-transform:none;\"><h4><strong>FECHAS<\/strong><\/h4>\n<p><del><strong>\u2013 25 de diciembre, Navidad:<\/strong> Men\u00fa \u00fanico: Passen bous i vaques, gallines amb sabates<\/del><\/p>\n<p><strong style=\"text-align: center;\"><span style=\"color: #800000;\">AFORO COMPLETO &#8211; Llamen al 937720209 para a\u00f1adirse a la llista de espera<\/span><\/strong><\/p>\n<\/div><div ><a class=\"fusion-button button-flat button-medium button-default fusion-button-default button-1 fusion-button-default-span fusion-button-default-type\" target=\"_self\" href=\"https:\/\/www.restaurantcalpupinet.com\/wp-content\/uploads\/2025\/09\/251225-Nadal-v1.pdf\"><span class=\"fusion-button-text awb-button__text awb-button__text--default\">Ver men\u00fa de Navidad<\/span><\/a><\/div><div class=\"fusion-text fusion-text-4\" style=\"--awb-text-transform:none;--awb-margin-top:40px;\"><p><del><strong>\u2013 26 de diciembre, San Esteban:<\/strong> Men\u00fa \u00fanico: Per Sant Esteve, un pas de llebre.<\/del><\/p>\n<p><strong style=\"text-align: center;\"><span style=\"color: #800000;\">AFORO COMPLETO &#8211; Llamen al 937720209 para a\u00f1adirse a la llista de espera<\/span><\/strong><\/p>\n<\/div><div ><a class=\"fusion-button button-flat button-medium button-default fusion-button-default button-2 fusion-button-default-span fusion-button-default-type\" target=\"_self\" href=\"https:\/\/www.restaurantcalpupinet.com\/wp-content\/uploads\/2025\/09\/251226-Sant-Esteve-v1.pdf\"><span class=\"fusion-button-text awb-button__text awb-button__text--default\">Ver men\u00fa San Esteban<\/span><\/a><\/div><div class=\"fusion-text fusion-text-5\" style=\"--awb-text-transform:none;--awb-margin-top:40px;\"><p><del><strong>\u2013 31 de diciembre, Fin de A\u00f1o:<\/strong> Men\u00fa \u00fanico: Sopar i revetlla de Cap d\u2019Any.<\/del><br \/><strong style=\"text-align: center;\"><span style=\"color: #800000;\">AFORO COMPLETO &#8211; Llamen al 937720209 para a\u00f1adirse a la llista de espera<\/span><\/strong><\/p>\n<\/div><div ><a class=\"fusion-button button-flat button-medium button-default fusion-button-default button-3 fusion-button-default-span fusion-button-default-type\" target=\"_self\" href=\"https:\/\/www.restaurantcalpupinet.com\/wp-content\/uploads\/2025\/09\/251231-Revetlla-de-Cap-dAny-v1.pdf\"><span class=\"fusion-button-text awb-button__text awb-button__text--default\">Ver men\u00fa Fin de A\u00f1o<\/span><\/a><\/div><div class=\"fusion-text fusion-text-6\" style=\"--awb-text-transform:none;--awb-margin-top:40px;\"><p><strong>\u2013 01 de enero:<\/strong> Men\u00fa \u00fanico: Feli\u00e7 2026.<\/p>\n<\/div><div ><a class=\"fusion-button button-flat button-medium button-default fusion-button-default button-4 fusion-button-default-span fusion-button-default-type\" target=\"_self\" href=\"https:\/\/www.restaurantcalpupinet.com\/wp-content\/uploads\/2025\/11\/260101-Any-Nou-v2.pdf\"><span class=\"fusion-button-text awb-button__text awb-button__text--default\">Ver Men\u00fa A\u00f1o Nuevo<\/span><\/a><\/div><div class=\"fusion-text fusion-text-7\" style=\"--awb-text-transform:none;--awb-margin-top:40px;\"><p><strong>\u2013 06 de enero, comida de Reyes:<\/strong> Este a\u00f1o: \u00a1Abrimos! Men\u00fa \u00fanico.<\/p>\n<\/div><div ><a class=\"fusion-button button-flat button-medium button-default fusion-button-default button-5 fusion-button-default-span fusion-button-default-type\" target=\"_self\" href=\"https:\/\/www.restaurantcalpupinet.com\/wp-content\/uploads\/2025\/11\/260106-Reis-v2.pdf\"><span class=\"fusion-button-text awb-button__text awb-button__text--default\">Men\u00fa de Reyes<\/span><\/a><\/div><\/div><\/div><div class=\"fusion-layout-column fusion_builder_column fusion-builder-column-2 fusion_builder_column_1_3 1_3 fusion-flex-column fusion-flex-align-self-flex-start\" style=\"--awb-bg-size:cover;--awb-width-large:33.333333333333%;--awb-margin-top-large:0px;--awb-spacing-right-large:5.76%;--awb-margin-bottom-large:20px;--awb-spacing-left-large:5.76%;--awb-width-medium:33.333333333333%;--awb-order-medium:0;--awb-spacing-right-medium:5.76%;--awb-spacing-left-medium:5.76%;--awb-width-small:100%;--awb-order-small:0;--awb-spacing-right-small:1.92%;--awb-spacing-left-small:1.92%;\"><div class=\"fusion-column-wrapper fusion-column-has-shadow fusion-flex-justify-content-flex-start fusion-content-layout-column\"><div class=\"fusion-text fusion-text-8 fusion-text-no-margin\" style=\"--awb-text-transform:none;--awb-margin-bottom:40px;\"><h4><strong>REGALA CAL PUPINET<\/strong><\/h4>\n<p><img decoding=\"async\" class=\"aligncenter wp-image-443 size-full\" src=\"https:\/\/www.restaurantcalpupinet.com\/wp-content\/uploads\/2016\/10\/targeta-regal-cal-pupinet-e1666107481119.png\" alt=\"\" width=\"160\" height=\"144\" \/><\/p>\n<p><strong>\u2013 Experiencias gastron\u00f3micas:<\/strong> Para los que dese\u00e1is sorprender a quienes m\u00e1s quer\u00e9is con un regalo muy especial, tenemos a vuestra disposici\u00f3n nuestras tarjetas regalo, solamente ten\u00e9is que elegir la experiencia que m\u00e1s os encaje. <a href=\"https:\/\/www.restaurantcalpupinet.com\/es\/tarjetas-regalo\/\">+info.<\/a><\/p>\n<\/div><div class=\"fusion-text fusion-text-9\" style=\"--awb-font-size:18px;--awb-text-transform:none;\" id=\"bloc-contactar\"><p style=\"text-align: left;\">Pod\u00e9is reservar vuestra mesa: por tel\u00e9fono al <strong>937720209<\/strong>, por WhastApp al <strong>661338891<\/strong>, por correo electr\u00f3nico a <strong>reserves@restaurantcalpupinet.com<\/strong> o bi\u00e9n haciendo clic <a href=\"http:\/\/restaurantcalpupinet.com\/reserves\/\">aqu\u00ed.<\/a><\/p>\n<h4>*Men\u00fas v\u00e1lidos para las fiestas navide\u00f1as 2025\/2026<\/h4>\n<\/div><\/div><\/div><\/div><\/div>\n","protected":false},"excerpt":{"rendered":"","protected":false},"author":254,"featured_media":0,"parent":0,"menu_order":0,"comment_status":"closed","ping_status":"closed","template":"","meta":{"footnotes":""},"wf_page_folders":[53],"class_list":["post-5064","page","type-page","status-publish","hentry"],"yoast_head":"<!-- This site is optimized with the Yoast SEO plugin v26.6 - https:\/\/yoast.com\/wordpress\/plugins\/seo\/ -->\n<title>Men\u00fas Navide\u00f1os - Cal Pupinet<\/title>\n<meta name=\"robots\" content=\"index, follow, max-snippet:-1, max-image-preview:large, max-video-preview:-1\" \/>\n<link rel=\"canonical\" href=\"https:\/\/www.restaurantcalpupinet.com\/es\/menus-navidenos\/\" \/>\n<meta property=\"og:locale\" content=\"es_ES\" \/>\n<meta property=\"og:type\" content=\"article\" \/>\n<meta property=\"og:title\" content=\"Men\u00fas Navide\u00f1os - Cal Pupinet\" \/>\n<meta property=\"og:url\" content=\"https:\/\/www.restaurantcalpupinet.com\/es\/menus-navidenos\/\" \/>\n<meta property=\"og:site_name\" content=\"Cal Pupinet\" \/>\n<meta property=\"article:publisher\" content=\"https:\/\/www.facebook.com\/calpupinet\/\" \/>\n<meta property=\"article:modified_time\" content=\"2025-12-04T11:24:26+00:00\" \/>\n<meta property=\"og:image\" content=\"https:\/\/www.restaurantcalpupinet.com\/wp-content\/uploads\/2016\/10\/targeta-regal-cal-pupinet-e1688026645232.png\" \/>\n\t<meta property=\"og:image:width\" content=\"160\" \/>\n\t<meta property=\"og:image:height\" content=\"144\" \/>\n\t<meta property=\"og:image:type\" content=\"image\/png\" \/>\n<meta name=\"twitter:card\" content=\"summary_large_image\" \/>\n<meta name=\"twitter:site\" content=\"@Calpupinet\" \/>\n<meta name=\"twitter:label1\" content=\"Tiempo de lectura\" \/>\n\t<meta name=\"twitter:data1\" content=\"2 minutos\" \/>\n<script type=\"application\/ld+json\" class=\"yoast-schema-graph\">{\"@context\":\"https:\/\/schema.org\",\"@graph\":[{\"@type\":\"WebPage\",\"@id\":\"https:\/\/www.restaurantcalpupinet.com\/es\/menus-navidenos\/\",\"url\":\"https:\/\/www.restaurantcalpupinet.com\/es\/menus-navidenos\/\",\"name\":\"Men\u00fas Navide\u00f1os - Cal Pupinet\",\"isPartOf\":{\"@id\":\"https:\/\/www.restaurantcalpupinet.com\/es\/#website\"},\"primaryImageOfPage\":{\"@id\":\"https:\/\/www.restaurantcalpupinet.com\/es\/menus-navidenos\/#primaryimage\"},\"image\":{\"@id\":\"https:\/\/www.restaurantcalpupinet.com\/es\/menus-navidenos\/#primaryimage\"},\"thumbnailUrl\":\"https:\/\/www.restaurantcalpupinet.com\/wp-content\/uploads\/2016\/10\/targeta-regal-cal-pupinet-e1666107481119.png\",\"datePublished\":\"2016-10-03T08:53:04+00:00\",\"dateModified\":\"2025-12-04T11:24:26+00:00\",\"breadcrumb\":{\"@id\":\"https:\/\/www.restaurantcalpupinet.com\/es\/menus-navidenos\/#breadcrumb\"},\"inLanguage\":\"es\",\"potentialAction\":[{\"@type\":\"ReadAction\",\"target\":[\"https:\/\/www.restaurantcalpupinet.com\/es\/menus-navidenos\/\"]}]},{\"@type\":\"ImageObject\",\"inLanguage\":\"es\",\"@id\":\"https:\/\/www.restaurantcalpupinet.com\/es\/menus-navidenos\/#primaryimage\",\"url\":\"https:\/\/www.restaurantcalpupinet.com\/wp-content\/uploads\/2016\/10\/targeta-regal-cal-pupinet-e1666107481119.png\",\"contentUrl\":\"https:\/\/www.restaurantcalpupinet.com\/wp-content\/uploads\/2016\/10\/targeta-regal-cal-pupinet-e1666107481119.png\"},{\"@type\":\"BreadcrumbList\",\"@id\":\"https:\/\/www.restaurantcalpupinet.com\/es\/menus-navidenos\/#breadcrumb\",\"itemListElement\":[{\"@type\":\"ListItem\",\"position\":1,\"name\":\"Inici\",\"item\":\"https:\/\/www.restaurantcalpupinet.com\/es\/\"},{\"@type\":\"ListItem\",\"position\":2,\"name\":\"Men\u00fas Navide\u00f1os\"}]},{\"@type\":\"WebSite\",\"@id\":\"https:\/\/www.restaurantcalpupinet.com\/es\/#website\",\"url\":\"https:\/\/www.restaurantcalpupinet.com\/es\/\",\"name\":\"Cal Pupinet\",\"description\":\"Restaurant Cal Pupinet\",\"potentialAction\":[{\"@type\":\"SearchAction\",\"target\":{\"@type\":\"EntryPoint\",\"urlTemplate\":\"https:\/\/www.restaurantcalpupinet.com\/es\/?s={search_term_string}\"},\"query-input\":{\"@type\":\"PropertyValueSpecification\",\"valueRequired\":true,\"valueName\":\"search_term_string\"}}],\"inLanguage\":\"es\"}]}<\/script>\n<!-- \/ Yoast SEO plugin. -->","yoast_head_json":{"title":"Men\u00fas Navide\u00f1os - Cal Pupinet","robots":{"index":"index","follow":"follow","max-snippet":"max-snippet:-1","max-image-preview":"max-image-preview:large","max-video-preview":"max-video-preview:-1"},"canonical":"https:\/\/www.restaurantcalpupinet.com\/es\/menus-navidenos\/","og_locale":"es_ES","og_type":"article","og_title":"Men\u00fas Navide\u00f1os - Cal Pupinet","og_url":"https:\/\/www.restaurantcalpupinet.com\/es\/menus-navidenos\/","og_site_name":"Cal Pupinet","article_publisher":"https:\/\/www.facebook.com\/calpupinet\/","article_modified_time":"2025-12-04T11:24:26+00:00","og_image":[{"width":160,"height":144,"url":"https:\/\/www.restaurantcalpupinet.com\/wp-content\/uploads\/2016\/10\/targeta-regal-cal-pupinet-e1688026645232.png","type":"image\/png"}],"twitter_card":"summary_large_image","twitter_site":"@Calpupinet","twitter_misc":{"Tiempo de lectura":"2 minutos"},"schema":{"@context":"https:\/\/schema.org","@graph":[{"@type":"WebPage","@id":"https:\/\/www.restaurantcalpupinet.com\/es\/menus-navidenos\/","url":"https:\/\/www.restaurantcalpupinet.com\/es\/menus-navidenos\/","name":"Men\u00fas Navide\u00f1os - Cal Pupinet","isPartOf":{"@id":"https:\/\/www.restaurantcalpupinet.com\/es\/#website"},"primaryImageOfPage":{"@id":"https:\/\/www.restaurantcalpupinet.com\/es\/menus-navidenos\/#primaryimage"},"image":{"@id":"https:\/\/www.restaurantcalpupinet.com\/es\/menus-navidenos\/#primaryimage"},"thumbnailUrl":"https:\/\/www.restaurantcalpupinet.com\/wp-content\/uploads\/2016\/10\/targeta-regal-cal-pupinet-e1666107481119.png","datePublished":"2016-10-03T08:53:04+00:00","dateModified":"2025-12-04T11:24:26+00:00","breadcrumb":{"@id":"https:\/\/www.restaurantcalpupinet.com\/es\/menus-navidenos\/#breadcrumb"},"inLanguage":"es","potentialAction":[{"@type":"ReadAction","target":["https:\/\/www.restaurantcalpupinet.com\/es\/menus-navidenos\/"]}]},{"@type":"ImageObject","inLanguage":"es","@id":"https:\/\/www.restaurantcalpupinet.com\/es\/menus-navidenos\/#primaryimage","url":"https:\/\/www.restaurantcalpupinet.com\/wp-content\/uploads\/2016\/10\/targeta-regal-cal-pupinet-e1666107481119.png","contentUrl":"https:\/\/www.restaurantcalpupinet.com\/wp-content\/uploads\/2016\/10\/targeta-regal-cal-pupinet-e1666107481119.png"},{"@type":"BreadcrumbList","@id":"https:\/\/www.restaurantcalpupinet.com\/es\/menus-navidenos\/#breadcrumb","itemListElement":[{"@type":"ListItem","position":1,"name":"Inici","item":"https:\/\/www.restaurantcalpupinet.com\/es\/"},{"@type":"ListItem","position":2,"name":"Men\u00fas Navide\u00f1os"}]},{"@type":"WebSite","@id":"https:\/\/www.restaurantcalpupinet.com\/es\/#website","url":"https:\/\/www.restaurantcalpupinet.com\/es\/","name":"Cal Pupinet","description":"Restaurant Cal Pupinet","potentialAction":[{"@type":"SearchAction","target":{"@type":"EntryPoint","urlTemplate":"https:\/\/www.restaurantcalpupinet.com\/es\/?s={search_term_string}"},"query-input":{"@type":"PropertyValueSpecification","valueRequired":true,"valueName":"search_term_string"}}],"inLanguage":"es"}]}},"_links":{"self":[{"href":"https:\/\/www.restaurantcalpupinet.com\/es\/wp-json\/wp\/v2\/pages\/5064","targetHints":{"allow":["GET"]}}],"collection":[{"href":"https:\/\/www.restaurantcalpupinet.com\/es\/wp-json\/wp\/v2\/pages"}],"about":[{"href":"https:\/\/www.restaurantcalpupinet.com\/es\/wp-json\/wp\/v2\/types\/page"}],"author":[{"embeddable":true,"href":"https:\/\/www.restaurantcalpupinet.com\/es\/wp-json\/wp\/v2\/users\/254"}],"replies":[{"embeddable":true,"href":"https:\/\/www.restaurantcalpupinet.com\/es\/wp-json\/wp\/v2\/comments?post=5064"}],"version-history":[{"count":8,"href":"https:\/\/www.restaurantcalpupinet.com\/es\/wp-json\/wp\/v2\/pages\/5064\/revisions"}],"predecessor-version":[{"id":16393,"href":"https:\/\/www.restaurantcalpupinet.com\/es\/wp-json\/wp\/v2\/pages\/5064\/revisions\/16393"}],"wp:attachment":[{"href":"https:\/\/www.restaurantcalpupinet.com\/es\/wp-json\/wp\/v2\/media?parent=5064"}],"wp:term":[{"taxonomy":"wf_page_folders","embeddable":true,"href":"https:\/\/www.restaurantcalpupinet.com\/es\/wp-json\/wp\/v2\/wf_page_folders?post=5064"}],"curies":[{"name":"wp","href":"https:\/\/api.w.org\/{rel}","templated":true}]}}