{"id":5062,"date":"2016-09-30T16:57:05","date_gmt":"2016-09-30T16:57:05","guid":{"rendered":"https:\/\/www.restaurantcalpupinet.com\/discoteca-pupi-lounge\/"},"modified":"2022-01-21T12:56:14","modified_gmt":"2022-01-21T12:56:14","slug":"discoteca","status":"publish","type":"page","link":"https:\/\/www.restaurantcalpupinet.com\/es\/discoteca\/","title":{"rendered":"Discoteca Pupi Lounge"},"content":{"rendered":"<div class=\"fusion-fullwidth fullwidth-box fusion-builder-row-1 fusion-flex-container nonhundred-percent-fullwidth non-hundred-percent-height-scrolling\" style=\"--awb-border-radius-top-left:0px;--awb-border-radius-top-right:0px;--awb-border-radius-bottom-right:0px;--awb-border-radius-bottom-left:0px;--awb-flex-wrap:wrap;\" ><div class=\"fusion-builder-row fusion-row fusion-flex-align-items-flex-start fusion-flex-content-wrap\" style=\"max-width:1248px;margin-left: calc(-4% \/ 2 );margin-right: calc(-4% \/ 2 );\"><div class=\"fusion-layout-column fusion_builder_column fusion-builder-column-0 fusion_builder_column_1_1 1_1 fusion-flex-column\" style=\"--awb-bg-size:cover;--awb-width-large:100%;--awb-margin-top-large:0px;--awb-spacing-right-large:1.92%;--awb-margin-bottom-large:0px;--awb-spacing-left-large:1.92%;--awb-width-medium:100%;--awb-spacing-right-medium:1.92%;--awb-spacing-left-medium:1.92%;--awb-width-small:100%;--awb-spacing-right-small:1.92%;--awb-spacing-left-small:1.92%;\"><div class=\"fusion-column-wrapper fusion-flex-justify-content-flex-start fusion-content-layout-column\"><div class=\"fusion-text fusion-text-1\" style=\"--awb-text-transform:none;\"><h3><strong><span id=\"texte_contingut_producte\">Pupi Lounge CLUB<\/span><\/strong><\/h3>\n<h5><strong><span id=\"texte_contingut_producte\">El pub musical es el complemento ideal para terminar cualquier tipo de celebraci\u00f3n.<\/span><\/strong><\/h5>\n<p>Lo abrimos para nuestros clientes siempre que estos lo solicitin. Tambi\u00e9n organizamos fiestas abiertas al p\u00fablico general, que publicamos al Facebook y est\u00e1 preparada para recibir cualquier acto que signifique ocio, como por ejemplo aniversarios privados con degustaciones, presentaciones de productos o los ya habituales s\u00e1bados de mon\u00f3logos, as\u00ed como conciertos y fiestas tem\u00e1ticas. La fiesta de blanco es nuestra fiesta estrella del verano.<\/p>\n<p>Si quieren estar al corriente de todas las actividades que les proponemos, no se pierdan nuestro perfil en <a href=\"https:\/\/www.facebook.com\/calpupinet\/?ref=ts&amp;fref=ts\" target=\"_blank\" rel=\"noopener\">FACEBOOK<\/a><\/p>\n<p style=\"text-align: center;\">Pueden llamarnos al 937720209 para concretar una visita, tambi\u00e9n mediante el <a href=\"\/es\/contactar\/\">formulario de contacto<\/a> de esta misma p\u00e1gina web o v\u00eda correo electr\u00f3nico a info@restaurantcalpupinet.com<\/p>\n\n\t\t<style type=\"text\/css\">\n\t\t\t#gallery-1 {\n\t\t\t\tmargin: auto;\n\t\t\t}\n\t\t\t#gallery-1 .gallery-item {\n\t\t\t\tfloat: left;\n\t\t\t\tmargin-top: 10px;\n\t\t\t\ttext-align: center;\n\t\t\t\twidth: 25%;\n\t\t\t}\n\t\t\t#gallery-1 img {\n\t\t\t\tborder: 2px solid #cfcfcf;\n\t\t\t}\n\t\t\t#gallery-1 .gallery-caption {\n\t\t\t\tmargin-left: 0;\n\t\t\t}\n\t\t\t\/* see gallery_shortcode() in wp-includes\/media.php *\/\n\t\t<\/style>\n\t\t<div id='gallery-1' class='gallery galleryid-5062 gallery-columns-4 gallery-size-large'><dl class='gallery-item'>\n\t\t\t<dt class='gallery-icon landscape'>\n\t\t\t\t<a data-rel=\"iLightbox[postimages]\" data-title=\"pub_pupi_005\" data-caption=\"\" href='https:\/\/www.restaurantcalpupinet.com\/wp-content\/uploads\/2016\/09\/pub_pupi_005.jpg'><img decoding=\"async\" width=\"735\" height=\"489\" src=\"https:\/\/www.restaurantcalpupinet.com\/wp-content\/uploads\/2016\/09\/pub_pupi_005.jpg\" class=\"attachment-large size-large\" alt=\"\" srcset=\"https:\/\/www.restaurantcalpupinet.com\/wp-content\/uploads\/2016\/09\/pub_pupi_005-300x200.jpg 300w, https:\/\/www.restaurantcalpupinet.com\/wp-content\/uploads\/2016\/09\/pub_pupi_005-400x266.jpg 400w, https:\/\/www.restaurantcalpupinet.com\/wp-content\/uploads\/2016\/09\/pub_pupi_005-600x399.jpg 600w, https:\/\/www.restaurantcalpupinet.com\/wp-content\/uploads\/2016\/09\/pub_pupi_005.jpg 735w\" sizes=\"(max-width: 735px) 100vw, 735px\" \/><\/a>\n\t\t\t<\/dt><\/dl><dl class='gallery-item'>\n\t\t\t<dt class='gallery-icon landscape'>\n\t\t\t\t<a data-rel=\"iLightbox[postimages]\" data-title=\"pub-1\" data-caption=\"plc\" href='https:\/\/www.restaurantcalpupinet.com\/wp-content\/uploads\/2016\/09\/pub-1.jpg'><img decoding=\"async\" width=\"800\" height=\"532\" src=\"https:\/\/www.restaurantcalpupinet.com\/wp-content\/uploads\/2016\/09\/pub-1.jpg\" class=\"attachment-large size-large\" alt=\"plc\" aria-describedby=\"gallery-1-6110\" srcset=\"https:\/\/www.restaurantcalpupinet.com\/wp-content\/uploads\/2016\/09\/pub-1-300x200.jpg 300w, https:\/\/www.restaurantcalpupinet.com\/wp-content\/uploads\/2016\/09\/pub-1-400x266.jpg 400w, https:\/\/www.restaurantcalpupinet.com\/wp-content\/uploads\/2016\/09\/pub-1-600x399.jpg 600w, https:\/\/www.restaurantcalpupinet.com\/wp-content\/uploads\/2016\/09\/pub-1-768x511.jpg 768w, https:\/\/www.restaurantcalpupinet.com\/wp-content\/uploads\/2016\/09\/pub-1.jpg 800w\" sizes=\"(max-width: 800px) 100vw, 800px\" \/><\/a>\n\t\t\t<\/dt>\n\t\t\t\t<dd class='wp-caption-text gallery-caption' id='gallery-1-6110'>\n\t\t\t\tplc\n\t\t\t\t<\/dd><\/dl><dl class='gallery-item'>\n\t\t\t<dt class='gallery-icon landscape'>\n\t\t\t\t<a data-rel=\"iLightbox[postimages]\" data-title=\"pub_pupi_003\" data-caption=\"asas\" href='https:\/\/www.restaurantcalpupinet.com\/wp-content\/uploads\/2016\/09\/pub_pupi_003.jpg'><img decoding=\"async\" width=\"800\" height=\"532\" src=\"https:\/\/www.restaurantcalpupinet.com\/wp-content\/uploads\/2016\/09\/pub_pupi_003.jpg\" class=\"attachment-large size-large\" alt=\"Vista interior del nostre bar musical Pupi Lounge Club\" aria-describedby=\"gallery-1-6111\" srcset=\"https:\/\/www.restaurantcalpupinet.com\/wp-content\/uploads\/2016\/09\/pub_pupi_003-300x200.jpg 300w, https:\/\/www.restaurantcalpupinet.com\/wp-content\/uploads\/2016\/09\/pub_pupi_003-400x266.jpg 400w, https:\/\/www.restaurantcalpupinet.com\/wp-content\/uploads\/2016\/09\/pub_pupi_003-600x399.jpg 600w, https:\/\/www.restaurantcalpupinet.com\/wp-content\/uploads\/2016\/09\/pub_pupi_003-768x511.jpg 768w, https:\/\/www.restaurantcalpupinet.com\/wp-content\/uploads\/2016\/09\/pub_pupi_003.jpg 800w\" sizes=\"(max-width: 800px) 100vw, 800px\" \/><\/a>\n\t\t\t<\/dt>\n\t\t\t\t<dd class='wp-caption-text gallery-caption' id='gallery-1-6111'>\n\t\t\t\tasas\n\t\t\t\t<\/dd><\/dl><dl class='gallery-item'>\n\t\t\t<dt class='gallery-icon landscape'>\n\t\t\t\t<a data-rel=\"iLightbox[postimages]\" data-title=\"pub_pupi_002\" data-caption=\"plc sopar\" href='https:\/\/www.restaurantcalpupinet.com\/wp-content\/uploads\/2016\/09\/pub_pupi_002.jpg'><img decoding=\"async\" width=\"800\" height=\"532\" src=\"https:\/\/www.restaurantcalpupinet.com\/wp-content\/uploads\/2016\/09\/pub_pupi_002.jpg\" class=\"attachment-large size-large\" alt=\"plc sopar\" aria-describedby=\"gallery-1-6112\" srcset=\"https:\/\/www.restaurantcalpupinet.com\/wp-content\/uploads\/2016\/09\/pub_pupi_002-300x200.jpg 300w, https:\/\/www.restaurantcalpupinet.com\/wp-content\/uploads\/2016\/09\/pub_pupi_002-400x266.jpg 400w, https:\/\/www.restaurantcalpupinet.com\/wp-content\/uploads\/2016\/09\/pub_pupi_002-600x399.jpg 600w, https:\/\/www.restaurantcalpupinet.com\/wp-content\/uploads\/2016\/09\/pub_pupi_002-768x511.jpg 768w, https:\/\/www.restaurantcalpupinet.com\/wp-content\/uploads\/2016\/09\/pub_pupi_002.jpg 800w\" sizes=\"(max-width: 800px) 100vw, 800px\" \/><\/a>\n\t\t\t<\/dt>\n\t\t\t\t<dd class='wp-caption-text gallery-caption' id='gallery-1-6112'>\n\t\t\t\tplc sopar\n\t\t\t\t<\/dd><\/dl><br style=\"clear: both\" \/>\n\t\t<\/div>\n\n<\/div><\/div><\/div><\/div><\/div>\n","protected":false},"excerpt":{"rendered":"","protected":false},"author":254,"featured_media":0,"parent":0,"menu_order":0,"comment_status":"closed","ping_status":"closed","template":"","meta":{"footnotes":""},"wf_page_folders":[52],"class_list":["post-5062","page","type-page","status-publish","hentry"],"yoast_head":"<!-- This site is optimized with the Yoast SEO plugin v26.6 - https:\/\/yoast.com\/wordpress\/plugins\/seo\/ -->\n<title>Discoteca Pupi Lounge - Cal Pupinet<\/title>\n<meta name=\"robots\" content=\"index, follow, max-snippet:-1, max-image-preview:large, max-video-preview:-1\" \/>\n<link rel=\"canonical\" href=\"https:\/\/www.restaurantcalpupinet.com\/es\/discoteca\/\" \/>\n<meta property=\"og:locale\" content=\"es_ES\" \/>\n<meta property=\"og:type\" content=\"article\" \/>\n<meta property=\"og:title\" content=\"Discoteca Pupi Lounge - Cal Pupinet\" \/>\n<meta property=\"og:url\" content=\"https:\/\/www.restaurantcalpupinet.com\/es\/discoteca\/\" \/>\n<meta property=\"og:site_name\" content=\"Cal Pupinet\" \/>\n<meta property=\"article:publisher\" content=\"https:\/\/www.facebook.com\/calpupinet\/\" \/>\n<meta property=\"article:modified_time\" content=\"2022-01-21T12:56:14+00:00\" \/>\n<meta name=\"twitter:card\" content=\"summary_large_image\" \/>\n<meta name=\"twitter:site\" content=\"@Calpupinet\" \/>\n<meta name=\"twitter:label1\" content=\"Tiempo de lectura\" \/>\n\t<meta name=\"twitter:data1\" content=\"2 minutos\" \/>\n<script type=\"application\/ld+json\" class=\"yoast-schema-graph\">{\"@context\":\"https:\/\/schema.org\",\"@graph\":[{\"@type\":\"WebPage\",\"@id\":\"https:\/\/www.restaurantcalpupinet.com\/es\/discoteca\/\",\"url\":\"https:\/\/www.restaurantcalpupinet.com\/es\/discoteca\/\",\"name\":\"Discoteca Pupi Lounge - Cal Pupinet\",\"isPartOf\":{\"@id\":\"https:\/\/www.restaurantcalpupinet.com\/es\/#website\"},\"datePublished\":\"2016-09-30T16:57:05+00:00\",\"dateModified\":\"2022-01-21T12:56:14+00:00\",\"breadcrumb\":{\"@id\":\"https:\/\/www.restaurantcalpupinet.com\/es\/discoteca\/#breadcrumb\"},\"inLanguage\":\"es\",\"potentialAction\":[{\"@type\":\"ReadAction\",\"target\":[\"https:\/\/www.restaurantcalpupinet.com\/es\/discoteca\/\"]}]},{\"@type\":\"BreadcrumbList\",\"@id\":\"https:\/\/www.restaurantcalpupinet.com\/es\/discoteca\/#breadcrumb\",\"itemListElement\":[{\"@type\":\"ListItem\",\"position\":1,\"name\":\"Inici\",\"item\":\"https:\/\/www.restaurantcalpupinet.com\/es\/\"},{\"@type\":\"ListItem\",\"position\":2,\"name\":\"Discoteca Pupi Lounge\"}]},{\"@type\":\"WebSite\",\"@id\":\"https:\/\/www.restaurantcalpupinet.com\/es\/#website\",\"url\":\"https:\/\/www.restaurantcalpupinet.com\/es\/\",\"name\":\"Cal Pupinet\",\"description\":\"Restaurant Cal Pupinet\",\"potentialAction\":[{\"@type\":\"SearchAction\",\"target\":{\"@type\":\"EntryPoint\",\"urlTemplate\":\"https:\/\/www.restaurantcalpupinet.com\/es\/?s={search_term_string}\"},\"query-input\":{\"@type\":\"PropertyValueSpecification\",\"valueRequired\":true,\"valueName\":\"search_term_string\"}}],\"inLanguage\":\"es\"}]}<\/script>\n<!-- \/ Yoast SEO plugin. -->","yoast_head_json":{"title":"Discoteca Pupi Lounge - Cal Pupinet","robots":{"index":"index","follow":"follow","max-snippet":"max-snippet:-1","max-image-preview":"max-image-preview:large","max-video-preview":"max-video-preview:-1"},"canonical":"https:\/\/www.restaurantcalpupinet.com\/es\/discoteca\/","og_locale":"es_ES","og_type":"article","og_title":"Discoteca Pupi Lounge - Cal Pupinet","og_url":"https:\/\/www.restaurantcalpupinet.com\/es\/discoteca\/","og_site_name":"Cal Pupinet","article_publisher":"https:\/\/www.facebook.com\/calpupinet\/","article_modified_time":"2022-01-21T12:56:14+00:00","twitter_card":"summary_large_image","twitter_site":"@Calpupinet","twitter_misc":{"Tiempo de lectura":"2 minutos"},"schema":{"@context":"https:\/\/schema.org","@graph":[{"@type":"WebPage","@id":"https:\/\/www.restaurantcalpupinet.com\/es\/discoteca\/","url":"https:\/\/www.restaurantcalpupinet.com\/es\/discoteca\/","name":"Discoteca Pupi Lounge - Cal Pupinet","isPartOf":{"@id":"https:\/\/www.restaurantcalpupinet.com\/es\/#website"},"datePublished":"2016-09-30T16:57:05+00:00","dateModified":"2022-01-21T12:56:14+00:00","breadcrumb":{"@id":"https:\/\/www.restaurantcalpupinet.com\/es\/discoteca\/#breadcrumb"},"inLanguage":"es","potentialAction":[{"@type":"ReadAction","target":["https:\/\/www.restaurantcalpupinet.com\/es\/discoteca\/"]}]},{"@type":"BreadcrumbList","@id":"https:\/\/www.restaurantcalpupinet.com\/es\/discoteca\/#breadcrumb","itemListElement":[{"@type":"ListItem","position":1,"name":"Inici","item":"https:\/\/www.restaurantcalpupinet.com\/es\/"},{"@type":"ListItem","position":2,"name":"Discoteca Pupi Lounge"}]},{"@type":"WebSite","@id":"https:\/\/www.restaurantcalpupinet.com\/es\/#website","url":"https:\/\/www.restaurantcalpupinet.com\/es\/","name":"Cal Pupinet","description":"Restaurant Cal Pupinet","potentialAction":[{"@type":"SearchAction","target":{"@type":"EntryPoint","urlTemplate":"https:\/\/www.restaurantcalpupinet.com\/es\/?s={search_term_string}"},"query-input":{"@type":"PropertyValueSpecification","valueRequired":true,"valueName":"search_term_string"}}],"inLanguage":"es"}]}},"_links":{"self":[{"href":"https:\/\/www.restaurantcalpupinet.com\/es\/wp-json\/wp\/v2\/pages\/5062","targetHints":{"allow":["GET"]}}],"collection":[{"href":"https:\/\/www.restaurantcalpupinet.com\/es\/wp-json\/wp\/v2\/pages"}],"about":[{"href":"https:\/\/www.restaurantcalpupinet.com\/es\/wp-json\/wp\/v2\/types\/page"}],"author":[{"embeddable":true,"href":"https:\/\/www.restaurantcalpupinet.com\/es\/wp-json\/wp\/v2\/users\/254"}],"replies":[{"embeddable":true,"href":"https:\/\/www.restaurantcalpupinet.com\/es\/wp-json\/wp\/v2\/comments?post=5062"}],"version-history":[{"count":0,"href":"https:\/\/www.restaurantcalpupinet.com\/es\/wp-json\/wp\/v2\/pages\/5062\/revisions"}],"wp:attachment":[{"href":"https:\/\/www.restaurantcalpupinet.com\/es\/wp-json\/wp\/v2\/media?parent=5062"}],"wp:term":[{"taxonomy":"wf_page_folders","embeddable":true,"href":"https:\/\/www.restaurantcalpupinet.com\/es\/wp-json\/wp\/v2\/wf_page_folders?post=5062"}],"curies":[{"name":"wp","href":"https:\/\/api.w.org\/{rel}","templated":true}]}}