{"id":5056,"date":"2016-09-30T14:39:32","date_gmt":"2016-09-30T14:39:32","guid":{"rendered":"https:\/\/www.restaurantcalpupinet.com\/bautizos\/"},"modified":"2021-11-26T09:45:33","modified_gmt":"2021-11-26T09:45:33","slug":"bautizos","status":"publish","type":"page","link":"https:\/\/www.restaurantcalpupinet.com\/es\/bautizos\/","title":{"rendered":"Bautizos"},"content":{"rendered":"<p><div class=\"fusion-fullwidth fullwidth-box fusion-builder-row-1 fusion-flex-container nonhundred-percent-fullwidth non-hundred-percent-height-scrolling\" style=\"--awb-border-radius-top-left:0px;--awb-border-radius-top-right:0px;--awb-border-radius-bottom-right:0px;--awb-border-radius-bottom-left:0px;--awb-flex-wrap:wrap;\" ><div class=\"fusion-builder-row fusion-row fusion-flex-align-items-flex-start fusion-flex-content-wrap\" style=\"max-width:1248px;margin-left: calc(-4% \/ 2 );margin-right: calc(-4% \/ 2 );\"><div class=\"fusion-layout-column fusion_builder_column fusion-builder-column-0 fusion_builder_column_1_1 1_1 fusion-flex-column\" style=\"--awb-bg-size:cover;--awb-width-large:100%;--awb-margin-top-large:0px;--awb-spacing-right-large:1.92%;--awb-margin-bottom-large:0px;--awb-spacing-left-large:1.92%;--awb-width-medium:100%;--awb-spacing-right-medium:1.92%;--awb-spacing-left-medium:1.92%;--awb-width-small:100%;--awb-spacing-right-small:1.92%;--awb-spacing-left-small:1.92%;\"><div class=\"fusion-column-wrapper fusion-flex-justify-content-flex-start fusion-content-layout-column\"><div class=\"fusion-text fusion-text-1\" style=\"--awb-text-transform:none;\"><h1>BIENVENIDO\/DA A LA FAMILIA<\/h1>\n<h4>En Cal Pupinet los peque\u00f1os de la casa son los protagonistas<\/h4>\n<p>Desea celebrar el estado de buenaesperanza (BABYSHOWER), la entrada al cristianismo (BAUTIZO), o la llegada de un nuevo miembro a la familia.<\/p>\n<p>Ven a vernos sin compromiso, y si finalmente lo desea, le ayudamos a organizarlo, h\u00e1ganoslo saber <a href=\"\/es\/contactar\/\"> aqu\u00ed. <\/a><\/p>\n<\/div><\/div><\/div><div class=\"fusion-layout-column fusion_builder_column fusion-builder-column-1 fusion_builder_column_1_3 1_3 fusion-flex-column\" style=\"--awb-bg-size:cover;--awb-width-large:33.333333333333%;--awb-margin-top-large:0px;--awb-spacing-right-large:5.76%;--awb-margin-bottom-large:0px;--awb-spacing-left-large:5.76%;--awb-width-medium:33.333333333333%;--awb-spacing-right-medium:5.76%;--awb-spacing-left-medium:5.76%;--awb-width-small:100%;--awb-spacing-right-small:1.92%;--awb-spacing-left-small:1.92%;\"><div class=\"fusion-column-wrapper fusion-flex-justify-content-flex-start fusion-content-layout-column\"><div class=\"fusion-text fusion-text-2\" style=\"--awb-text-transform:none;\"><h4><strong>MEN\u00daS<\/strong><\/h4>\n<p><strong>a partir de 30,00 \u20ac *<\/strong><\/p>\n<h4><strong>ESPACIOS<\/strong><\/h4>\n<p><a href=\"\/es\/salones-privados\/\">Salones privados<\/a>, <a href=\"\/es\/salas-compartidas\/\">salones compartidos<\/a>, <a href=\"\/es\/terraza\/\">terraza-jard\u00edn<\/a>.<\/p>\n<\/div><\/div><\/div><div class=\"fusion-layout-column fusion_builder_column fusion-builder-column-2 fusion_builder_column_1_3 1_3 fusion-flex-column\" style=\"--awb-bg-size:cover;--awb-width-large:33.333333333333%;--awb-margin-top-large:0px;--awb-spacing-right-large:5.76%;--awb-margin-bottom-large:0px;--awb-spacing-left-large:5.76%;--awb-width-medium:33.333333333333%;--awb-spacing-right-medium:5.76%;--awb-spacing-left-medium:5.76%;--awb-width-small:100%;--awb-spacing-right-small:1.92%;--awb-spacing-left-small:1.92%;\"><div class=\"fusion-column-wrapper fusion-flex-justify-content-flex-start fusion-content-layout-column\"><div class=\"fusion-text fusion-text-3\" style=\"--awb-text-transform:none;\"><h4><strong>SERVICIOS<\/strong><\/h4>\n<p>\u2013 Monitores infantiles<\/p>\n<p>\u2013 Photocalls, fotomat\u00f3n, decoraciones, detalles para invitados, buffet con fuentes de chocolate, Candy Bar, actuaciones y espect\u00e1culos (mon\u00f3logo, magia, mentalismo, humor, streaptease, etc.) *<\/p>\n<p>\u2013 Aparcamiento gratuito<\/p>\n<p>* Consultar condiciones y precios<\/p>\n<\/div><\/div><\/div><div class=\"fusion-layout-column fusion_builder_column fusion-builder-column-3 fusion_builder_column_1_3 1_3 fusion-flex-column fusion-flex-align-self-flex-end\" style=\"--awb-bg-size:cover;--awb-width-large:33.333333333333%;--awb-margin-top-large:68px;--awb-spacing-right-large:5.76%;--awb-margin-bottom-large:20px;--awb-spacing-left-large:5.76%;--awb-width-medium:33.333333333333%;--awb-order-medium:0;--awb-spacing-right-medium:5.76%;--awb-spacing-left-medium:5.76%;--awb-width-small:100%;--awb-order-small:0;--awb-spacing-right-small:1.92%;--awb-spacing-left-small:1.92%;\"><div class=\"fusion-column-wrapper fusion-column-has-shadow fusion-flex-justify-content-flex-end fusion-content-layout-column\"><div class=\"fusion-text fusion-text-4\" style=\"--awb-font-size:18px;\" id=\"bloc-contactar\"><p style=\"text-align: left;\">Podeu reservar la vostra taula: per tel\u00e8fon al <strong>937720209<\/strong>, per WhastApp al <strong>661338891<\/strong>, per correu electr\u00f2nic a <strong>reserves@restaurantcalpupinet.com<\/strong> o b\u00e9 fent click <a href=\"http:\/\/restaurantcalpupinet.com\/reserves\/\">aqu\u00ed.<\/a><\/p>\n<p style=\"text-align: left;\">*La nostra proposta s&#8217;elabora diariament i s&#8217;actualitza a partir de les 12:30h, si accediu abans de l&#8217;hora estareu visualitzant el contingut del dia anterior.<\/p>\n<\/div><\/div><\/div><\/div><\/div><div class=\"fusion-fullwidth fullwidth-box fusion-builder-row-2 fusion-flex-container nonhundred-percent-fullwidth non-hundred-percent-height-scrolling\" style=\"--awb-border-radius-top-left:0px;--awb-border-radius-top-right:0px;--awb-border-radius-bottom-right:0px;--awb-border-radius-bottom-left:0px;--awb-flex-wrap:wrap;\" ><div class=\"fusion-builder-row fusion-row fusion-flex-align-items-flex-start fusion-flex-content-wrap\" style=\"max-width:1248px;margin-left: calc(-4% \/ 2 );margin-right: calc(-4% \/ 2 );\"><div class=\"fusion-layout-column fusion_builder_column fusion-builder-column-4 fusion_builder_column_1_1 1_1 fusion-flex-column\" style=\"--awb-bg-size:cover;--awb-width-large:100%;--awb-margin-top-large:60px;--awb-spacing-right-large:1.92%;--awb-margin-bottom-large:60px;--awb-spacing-left-large:1.92%;--awb-width-medium:100%;--awb-order-medium:0;--awb-spacing-right-medium:1.92%;--awb-spacing-left-medium:1.92%;--awb-width-small:100%;--awb-order-small:0;--awb-spacing-right-small:1.92%;--awb-spacing-left-small:1.92%;\"><div class=\"fusion-column-wrapper fusion-column-has-shadow fusion-flex-justify-content-flex-start fusion-content-layout-column\"><div class=\"awb-gallery-wrapper awb-gallery-wrapper-1 button-span-no\"><div style=\"margin:-5px;--awb-bordersize:0px;\" class=\"fusion-gallery fusion-gallery-container fusion-grid-5 fusion-columns-total-5 fusion-gallery-layout-grid fusion-gallery-1\"><div style=\"padding:5px;\" class=\"fusion-grid-column fusion-gallery-column fusion-gallery-column-5 hover-type-none\"><div class=\"fusion-gallery-image\"><a href=\"https:\/\/www.restaurantcalpupinet.com\/wp-content\/uploads\/2016\/10\/imgp0513.jpg\" rel=\"noreferrer\" data-rel=\"iLightbox[gallery_image_1]\" class=\"fusion-lightbox\" target=\"_self\"><img decoding=\"async\" src=\"https:\/\/www.restaurantcalpupinet.com\/wp-content\/uploads\/2016\/10\/imgp0513.jpg\" width=\"800\" height=\"600\" alt=\"\" title=\"imgp0513\" aria-label=\"imgp0513\" class=\"img-responsive wp-image-519\" srcset=\"https:\/\/www.restaurantcalpupinet.com\/wp-content\/uploads\/2016\/10\/imgp0513-400x300.jpg 400w, https:\/\/www.restaurantcalpupinet.com\/wp-content\/uploads\/2016\/10\/imgp0513-600x450.jpg 600w, https:\/\/www.restaurantcalpupinet.com\/wp-content\/uploads\/2016\/10\/imgp0513.jpg 800w\" sizes=\"(min-width: 2200px) 100vw, (min-width: 928px) 236px, (min-width: 856px) 295px, (min-width: 784px) 393px, (min-width: 712px) 590px, (min-width: 640px) 712px, \" \/><\/a><\/div><\/div><div style=\"padding:5px;\" class=\"fusion-grid-column fusion-gallery-column fusion-gallery-column-5 hover-type-none\"><div class=\"fusion-gallery-image\"><a href=\"https:\/\/www.restaurantcalpupinet.com\/wp-content\/uploads\/2016\/10\/imgp0517.jpg\" rel=\"noreferrer\" data-rel=\"iLightbox[gallery_image_1]\" class=\"fusion-lightbox\" target=\"_self\"><img decoding=\"async\" src=\"https:\/\/www.restaurantcalpupinet.com\/wp-content\/uploads\/2016\/10\/imgp0517.jpg\" width=\"800\" height=\"600\" alt=\"\" title=\"imgp0517\" aria-label=\"imgp0517\" class=\"img-responsive wp-image-509\" srcset=\"https:\/\/www.restaurantcalpupinet.com\/wp-content\/uploads\/2016\/10\/imgp0517-400x300.jpg 400w, https:\/\/www.restaurantcalpupinet.com\/wp-content\/uploads\/2016\/10\/imgp0517-600x450.jpg 600w, https:\/\/www.restaurantcalpupinet.com\/wp-content\/uploads\/2016\/10\/imgp0517.jpg 800w\" sizes=\"(min-width: 2200px) 100vw, (min-width: 928px) 236px, (min-width: 856px) 295px, (min-width: 784px) 393px, (min-width: 712px) 590px, (min-width: 640px) 712px, \" \/><\/a><\/div><\/div><div style=\"padding:5px;\" class=\"fusion-grid-column fusion-gallery-column fusion-gallery-column-5 hover-type-none\"><div class=\"fusion-gallery-image\"><a href=\"https:\/\/www.restaurantcalpupinet.com\/wp-content\/uploads\/2016\/09\/pub_pupi_002.jpg\" rel=\"noreferrer\" data-rel=\"iLightbox[gallery_image_1]\" class=\"fusion-lightbox\" target=\"_self\"><img decoding=\"async\" src=\"https:\/\/www.restaurantcalpupinet.com\/wp-content\/uploads\/2016\/09\/pub_pupi_002.jpg\" width=\"800\" height=\"532\" alt=\"plc sopar\" title=\"pub_pupi_002\" aria-label=\"pub_pupi_002\" class=\"img-responsive wp-image-435\" srcset=\"https:\/\/www.restaurantcalpupinet.com\/wp-content\/uploads\/2016\/09\/pub_pupi_002-400x266.jpg 400w, https:\/\/www.restaurantcalpupinet.com\/wp-content\/uploads\/2016\/09\/pub_pupi_002-600x399.jpg 600w, https:\/\/www.restaurantcalpupinet.com\/wp-content\/uploads\/2016\/09\/pub_pupi_002.jpg 800w\" sizes=\"(min-width: 2200px) 100vw, (min-width: 928px) 236px, (min-width: 856px) 295px, (min-width: 784px) 393px, (min-width: 712px) 590px, (min-width: 640px) 712px, \" \/><\/a><\/div><\/div><div style=\"padding:5px;\" class=\"fusion-grid-column fusion-gallery-column fusion-gallery-column-5 hover-type-none\"><div class=\"fusion-gallery-image\"><a href=\"https:\/\/www.restaurantcalpupinet.com\/wp-content\/uploads\/2016\/09\/sala5.jpg\" rel=\"noreferrer\" data-rel=\"iLightbox[gallery_image_1]\" class=\"fusion-lightbox\" target=\"_self\"><img decoding=\"async\" src=\"https:\/\/www.restaurantcalpupinet.com\/wp-content\/uploads\/2016\/09\/sala5.jpg\" width=\"800\" height=\"532\" alt=\"\" title=\"SALA5\" aria-label=\"SALA5\" class=\"img-responsive wp-image-2385\" srcset=\"https:\/\/www.restaurantcalpupinet.com\/wp-content\/uploads\/2016\/09\/sala5-400x266.jpg 400w, https:\/\/www.restaurantcalpupinet.com\/wp-content\/uploads\/2016\/09\/sala5-600x399.jpg 600w, https:\/\/www.restaurantcalpupinet.com\/wp-content\/uploads\/2016\/09\/sala5.jpg 800w\" sizes=\"(min-width: 2200px) 100vw, (min-width: 928px) 236px, (min-width: 856px) 295px, (min-width: 784px) 393px, (min-width: 712px) 590px, (min-width: 640px) 712px, \" \/><\/a><\/div><\/div><div style=\"padding:5px;\" class=\"fusion-grid-column fusion-gallery-column fusion-gallery-column-5 hover-type-none\"><div class=\"fusion-gallery-image\"><a href=\"https:\/\/www.restaurantcalpupinet.com\/wp-content\/uploads\/2016\/09\/hmp8363.jpg\" rel=\"noreferrer\" data-rel=\"iLightbox[gallery_image_1]\" class=\"fusion-lightbox\" target=\"_self\"><img decoding=\"async\" src=\"https:\/\/www.restaurantcalpupinet.com\/wp-content\/uploads\/2016\/09\/hmp8363.jpg\" width=\"800\" height=\"532\" alt=\"\" title=\"_hmp8363\" aria-label=\"_hmp8363\" class=\"img-responsive wp-image-224\" srcset=\"https:\/\/www.restaurantcalpupinet.com\/wp-content\/uploads\/2016\/09\/hmp8363-400x266.jpg 400w, https:\/\/www.restaurantcalpupinet.com\/wp-content\/uploads\/2016\/09\/hmp8363-600x399.jpg 600w, https:\/\/www.restaurantcalpupinet.com\/wp-content\/uploads\/2016\/09\/hmp8363.jpg 800w\" sizes=\"(min-width: 2200px) 100vw, (min-width: 928px) 236px, (min-width: 856px) 295px, (min-width: 784px) 393px, (min-width: 712px) 590px, (min-width: 640px) 712px, \" \/><\/a><\/div><\/div><div class=\"clearfix\"><\/div><\/div><\/div><\/div><\/div><\/div><\/div><\/p>\n","protected":false},"excerpt":{"rendered":"","protected":false},"author":254,"featured_media":0,"parent":0,"menu_order":0,"comment_status":"closed","ping_status":"closed","template":"","meta":{"footnotes":""},"wf_page_folders":[],"class_list":["post-5056","page","type-page","status-publish","hentry"],"yoast_head":"<!-- This site is optimized with the Yoast SEO plugin v26.6 - https:\/\/yoast.com\/wordpress\/plugins\/seo\/ -->\n<title>Bautizos - Cal Pupinet<\/title>\n<meta name=\"robots\" content=\"index, follow, max-snippet:-1, max-image-preview:large, max-video-preview:-1\" \/>\n<link rel=\"canonical\" href=\"https:\/\/www.restaurantcalpupinet.com\/es\/bautizos\/\" \/>\n<meta property=\"og:locale\" content=\"es_ES\" \/>\n<meta property=\"og:type\" content=\"article\" \/>\n<meta property=\"og:title\" content=\"Bautizos - Cal Pupinet\" \/>\n<meta property=\"og:url\" content=\"https:\/\/www.restaurantcalpupinet.com\/es\/bautizos\/\" \/>\n<meta property=\"og:site_name\" content=\"Cal Pupinet\" \/>\n<meta property=\"article:publisher\" content=\"https:\/\/www.facebook.com\/calpupinet\/\" \/>\n<meta property=\"article:modified_time\" content=\"2021-11-26T09:45:33+00:00\" \/>\n<meta name=\"twitter:card\" content=\"summary_large_image\" \/>\n<meta name=\"twitter:site\" content=\"@Calpupinet\" \/>\n<meta name=\"twitter:label1\" content=\"Tiempo de lectura\" \/>\n\t<meta name=\"twitter:data1\" content=\"8 minutos\" \/>\n<script type=\"application\/ld+json\" class=\"yoast-schema-graph\">{\"@context\":\"https:\/\/schema.org\",\"@graph\":[{\"@type\":\"WebPage\",\"@id\":\"https:\/\/www.restaurantcalpupinet.com\/es\/bautizos\/\",\"url\":\"https:\/\/www.restaurantcalpupinet.com\/es\/bautizos\/\",\"name\":\"Bautizos - Cal Pupinet\",\"isPartOf\":{\"@id\":\"https:\/\/www.restaurantcalpupinet.com\/es\/#website\"},\"datePublished\":\"2016-09-30T14:39:32+00:00\",\"dateModified\":\"2021-11-26T09:45:33+00:00\",\"breadcrumb\":{\"@id\":\"https:\/\/www.restaurantcalpupinet.com\/es\/bautizos\/#breadcrumb\"},\"inLanguage\":\"es\",\"potentialAction\":[{\"@type\":\"ReadAction\",\"target\":[\"https:\/\/www.restaurantcalpupinet.com\/es\/bautizos\/\"]}]},{\"@type\":\"BreadcrumbList\",\"@id\":\"https:\/\/www.restaurantcalpupinet.com\/es\/bautizos\/#breadcrumb\",\"itemListElement\":[{\"@type\":\"ListItem\",\"position\":1,\"name\":\"Inici\",\"item\":\"https:\/\/www.restaurantcalpupinet.com\/es\/\"},{\"@type\":\"ListItem\",\"position\":2,\"name\":\"Bautizos\"}]},{\"@type\":\"WebSite\",\"@id\":\"https:\/\/www.restaurantcalpupinet.com\/es\/#website\",\"url\":\"https:\/\/www.restaurantcalpupinet.com\/es\/\",\"name\":\"Cal Pupinet\",\"description\":\"Restaurant Cal Pupinet\",\"potentialAction\":[{\"@type\":\"SearchAction\",\"target\":{\"@type\":\"EntryPoint\",\"urlTemplate\":\"https:\/\/www.restaurantcalpupinet.com\/es\/?s={search_term_string}\"},\"query-input\":{\"@type\":\"PropertyValueSpecification\",\"valueRequired\":true,\"valueName\":\"search_term_string\"}}],\"inLanguage\":\"es\"}]}<\/script>\n<!-- \/ Yoast SEO plugin. -->","yoast_head_json":{"title":"Bautizos - Cal Pupinet","robots":{"index":"index","follow":"follow","max-snippet":"max-snippet:-1","max-image-preview":"max-image-preview:large","max-video-preview":"max-video-preview:-1"},"canonical":"https:\/\/www.restaurantcalpupinet.com\/es\/bautizos\/","og_locale":"es_ES","og_type":"article","og_title":"Bautizos - Cal Pupinet","og_url":"https:\/\/www.restaurantcalpupinet.com\/es\/bautizos\/","og_site_name":"Cal Pupinet","article_publisher":"https:\/\/www.facebook.com\/calpupinet\/","article_modified_time":"2021-11-26T09:45:33+00:00","twitter_card":"summary_large_image","twitter_site":"@Calpupinet","twitter_misc":{"Tiempo de lectura":"8 minutos"},"schema":{"@context":"https:\/\/schema.org","@graph":[{"@type":"WebPage","@id":"https:\/\/www.restaurantcalpupinet.com\/es\/bautizos\/","url":"https:\/\/www.restaurantcalpupinet.com\/es\/bautizos\/","name":"Bautizos - Cal Pupinet","isPartOf":{"@id":"https:\/\/www.restaurantcalpupinet.com\/es\/#website"},"datePublished":"2016-09-30T14:39:32+00:00","dateModified":"2021-11-26T09:45:33+00:00","breadcrumb":{"@id":"https:\/\/www.restaurantcalpupinet.com\/es\/bautizos\/#breadcrumb"},"inLanguage":"es","potentialAction":[{"@type":"ReadAction","target":["https:\/\/www.restaurantcalpupinet.com\/es\/bautizos\/"]}]},{"@type":"BreadcrumbList","@id":"https:\/\/www.restaurantcalpupinet.com\/es\/bautizos\/#breadcrumb","itemListElement":[{"@type":"ListItem","position":1,"name":"Inici","item":"https:\/\/www.restaurantcalpupinet.com\/es\/"},{"@type":"ListItem","position":2,"name":"Bautizos"}]},{"@type":"WebSite","@id":"https:\/\/www.restaurantcalpupinet.com\/es\/#website","url":"https:\/\/www.restaurantcalpupinet.com\/es\/","name":"Cal Pupinet","description":"Restaurant Cal Pupinet","potentialAction":[{"@type":"SearchAction","target":{"@type":"EntryPoint","urlTemplate":"https:\/\/www.restaurantcalpupinet.com\/es\/?s={search_term_string}"},"query-input":{"@type":"PropertyValueSpecification","valueRequired":true,"valueName":"search_term_string"}}],"inLanguage":"es"}]}},"_links":{"self":[{"href":"https:\/\/www.restaurantcalpupinet.com\/es\/wp-json\/wp\/v2\/pages\/5056","targetHints":{"allow":["GET"]}}],"collection":[{"href":"https:\/\/www.restaurantcalpupinet.com\/es\/wp-json\/wp\/v2\/pages"}],"about":[{"href":"https:\/\/www.restaurantcalpupinet.com\/es\/wp-json\/wp\/v2\/types\/page"}],"author":[{"embeddable":true,"href":"https:\/\/www.restaurantcalpupinet.com\/es\/wp-json\/wp\/v2\/users\/254"}],"replies":[{"embeddable":true,"href":"https:\/\/www.restaurantcalpupinet.com\/es\/wp-json\/wp\/v2\/comments?post=5056"}],"version-history":[{"count":0,"href":"https:\/\/www.restaurantcalpupinet.com\/es\/wp-json\/wp\/v2\/pages\/5056\/revisions"}],"wp:attachment":[{"href":"https:\/\/www.restaurantcalpupinet.com\/es\/wp-json\/wp\/v2\/media?parent=5056"}],"wp:term":[{"taxonomy":"wf_page_folders","embeddable":true,"href":"https:\/\/www.restaurantcalpupinet.com\/es\/wp-json\/wp\/v2\/wf_page_folders?post=5056"}],"curies":[{"name":"wp","href":"https:\/\/api.w.org\/{rel}","templated":true}]}}