{"id":5024,"date":"2016-09-15T18:00:52","date_gmt":"2016-09-15T18:00:52","guid":{"rendered":"https:\/\/www.restaurantcalpupinet.com\/menu-calcotada\/"},"modified":"2026-01-10T09:45:28","modified_gmt":"2026-01-10T09:45:28","slug":"menu-calcotada","status":"publish","type":"page","link":"https:\/\/www.restaurantcalpupinet.com\/es\/menu-calcotada\/","title":{"rendered":"Men\u00fa \u00abCal\u00e7otada\u00bb"},"content":{"rendered":"<p><div class=\"fusion-fullwidth fullwidth-box fusion-builder-row-1 fusion-flex-container nonhundred-percent-fullwidth non-hundred-percent-height-scrolling\" style=\"--awb-border-radius-top-left:0px;--awb-border-radius-top-right:0px;--awb-border-radius-bottom-right:0px;--awb-border-radius-bottom-left:0px;--awb-flex-wrap:wrap;\" ><div class=\"fusion-builder-row fusion-row fusion-flex-align-items-flex-start fusion-flex-content-wrap\" style=\"max-width:1248px;margin-left: calc(-4% \/ 2 );margin-right: calc(-4% \/ 2 );\"><div class=\"fusion-layout-column fusion_builder_column fusion-builder-column-0 fusion_builder_column_1_1 1_1 fusion-flex-column\" style=\"--awb-bg-size:cover;--awb-width-large:100%;--awb-margin-top-large:0px;--awb-spacing-right-large:1.92%;--awb-margin-bottom-large:0px;--awb-spacing-left-large:1.92%;--awb-width-medium:100%;--awb-spacing-right-medium:1.92%;--awb-spacing-left-medium:1.92%;--awb-width-small:100%;--awb-spacing-right-small:1.92%;--awb-spacing-left-small:1.92%;\"><div class=\"fusion-column-wrapper fusion-flex-justify-content-flex-start fusion-content-layout-column\"><div class=\"fusion-text fusion-text-1\"><h1>MEN\u00da CAL\u00c7OTADA<\/h1>\n<h4>SIGUE LA TRADICI\u00d3N A CAL PUPINET, \u00bfNOSOTROS #SOMDELACEBA Y T\u00da?<\/h4>\n<\/div><div class=\"fusion-text fusion-text-2\"><p>Cal\u00e7ots de primera, carne de proximidad y crema catalana casera le har\u00e1n disfrutar de la tradici\u00f3n m\u00e1s arraigada.<\/p>\n<\/div><\/div><\/div><div class=\"fusion-layout-column fusion_builder_column fusion-builder-column-1 fusion_builder_column_1_1 1_1 fusion-flex-column\" style=\"--awb-bg-size:cover;--awb-width-large:100%;--awb-margin-top-large:40px;--awb-spacing-right-large:1.92%;--awb-margin-bottom-large:60px;--awb-spacing-left-large:1.92%;--awb-width-medium:100%;--awb-order-medium:0;--awb-spacing-right-medium:1.92%;--awb-spacing-left-medium:1.92%;--awb-width-small:100%;--awb-order-small:0;--awb-spacing-right-small:1.92%;--awb-spacing-left-small:1.92%;\"><div class=\"fusion-column-wrapper fusion-column-has-shadow fusion-flex-justify-content-flex-start fusion-content-layout-column\"><div style=\"text-align:center;\"><a class=\"fusion-button button-flat button-xlarge button-default fusion-button-default button-1 fusion-button-default-span fusion-button-default-type\" target=\"_self\" href=\"\/es\/carta-y-menu-laborables\/\" id=\"boto-que-tenim\"><i class=\"fa-utensils fas awb-button__icon awb-button__icon--default button-icon-left\" aria-hidden=\"true\"><\/i><span class=\"fusion-button-text awb-button__text awb-button__text--default\">Hoy tenemos<\/span><\/a><\/div><\/div><\/div><div class=\"fusion-layout-column fusion_builder_column fusion-builder-column-2 fusion_builder_column_1_3 1_3 fusion-flex-column\" style=\"--awb-bg-size:cover;--awb-width-large:33.333333333333%;--awb-margin-top-large:0px;--awb-spacing-right-large:5.76%;--awb-margin-bottom-large:0px;--awb-spacing-left-large:5.76%;--awb-width-medium:33.333333333333%;--awb-spacing-right-medium:5.76%;--awb-spacing-left-medium:5.76%;--awb-width-small:100%;--awb-spacing-right-small:1.92%;--awb-spacing-left-small:1.92%;\"><div class=\"fusion-column-wrapper fusion-flex-justify-content-flex-start fusion-content-layout-column\"><div class=\"fusion-text fusion-text-3\" style=\"--awb-text-transform:none;\"><h3><strong>Sois un grupo de m\u00e1s de 12 comensales?<\/strong><\/h3>\n<p><strong>Descubrid los men\u00fas de cal\u00e7otadas especiales para grupos!<\/strong><\/p>\n<p>Estos men\u00fas est\u00e1n disponibles con reserva anticipada e incluyen: la bebida, el caf\u00e9 y preferencia de sal\u00f3n privado*.<\/p>\n<p><span style=\"color: #800000;\">*Siempre y cuando tengamos disponible el sal\u00f3n privado, correspondiente a vuestra capacidad, en el momento de confirmarnos la reserva.<\/span><\/p>\n<\/div><div style=\"text-align:center;\"><a class=\"fusion-button button-flat fusion-button-default-size button-default fusion-button-default button-2 fusion-button-default-span fusion-button-default-type\" target=\"_self\" href=\"https:\/\/www.restaurantcalpupinet.com\/wp-content\/uploads\/2026\/01\/2025-26-Calcotada-menys-de-25-v2.pdf\"><span class=\"fusion-button-text awb-button__text awb-button__text--default\">Grupos de menos de 25<\/span><\/a><\/div><div class=\"fusion-text fusion-text-4\" style=\"--awb-text-transform:none;\"><h3 style=\"text-align: center;\"><strong>*<\/strong><\/h3>\n<\/div><div style=\"text-align:center;\"><a class=\"fusion-button button-flat fusion-button-default-size button-default fusion-button-default button-3 fusion-button-default-span fusion-button-default-type\" target=\"_self\" href=\"https:\/\/www.restaurantcalpupinet.com\/wp-content\/uploads\/2026\/01\/2025-26-Calcotada-mes-de-25.pdf\"><span class=\"fusion-button-text awb-button__text awb-button__text--default\">Grupos de m\u00e1s de 25<\/span><\/a><\/div><\/div><\/div><div class=\"fusion-layout-column fusion_builder_column fusion-builder-column-3 fusion_builder_column_1_3 1_3 fusion-flex-column\" style=\"--awb-bg-size:cover;--awb-width-large:33.333333333333%;--awb-margin-top-large:0px;--awb-spacing-right-large:5.76%;--awb-margin-bottom-large:0px;--awb-spacing-left-large:5.76%;--awb-width-medium:33.333333333333%;--awb-spacing-right-medium:5.76%;--awb-spacing-left-medium:5.76%;--awb-width-small:100%;--awb-spacing-right-small:1.92%;--awb-spacing-left-small:1.92%;\"><div class=\"fusion-column-wrapper fusion-flex-justify-content-flex-start fusion-content-layout-column\"><div class=\"fusion-text fusion-text-5\" style=\"--awb-text-transform:none;\"><h4><strong>NUESTRO MEN\u00da DE FIN DE SEMANA SE VISTE DE CAL\u00c7OTADA*<\/strong><\/h4>\n<h4><strong>Contenido del men\u00fa<\/strong><\/h4>\n<p><strong>Los primeros:<\/strong><\/p>\n<ul>\n<li>Ensalada con carpaccio de buey<\/li>\n<li>Bu\u00f1uelos cremosos de bacalao<\/li>\n<li>Teja de Cal\u00e7ots<\/li>\n<li>Alcachofas a la brasa<\/li>\n<\/ul>\n<p><strong>Los segundos:<\/strong><\/p>\n<ul>\n<li>Arroz de monta\u00f1a con costillas de cerdo y setas (m\u00ednimo 2 personas)<\/li>\n<li>Churrasco de ternera a la brasa<\/li>\n<li>Secreto ib\u00e9rico a la brasa<\/li>\n<li>Corvina a la plancha con verduritas<\/li>\n<li>Cuarto de pollo de corral a la brasa, aut\u00e9ntico y natural<\/li>\n<li>Butifarra de pay\u00e9s a la brasa con alubias del \u00abganxet\u00bb<\/li>\n<li>(En caso de que falle alguno de los platos daremos alguna alternativa)<\/li>\n<\/ul>\n<p><strong>Los postres:<\/strong><\/p>\n<ul>\n<li>Crema catalana con nuestra receta tradicional<\/li>\n<li>Tarta mousse de maracuy\u00e1 con lima y merengue<\/li>\n<li>Helado casero de vainilla<\/li>\n<li>Postre del dia<\/li>\n<\/ul>\n<p>Es posible que alguna de las opciones lleve suplemento.<br \/>\nIncluye Panecillo normal, si desean pan tostado tendr\u00e1 un suplemento de 1,20 \u20ac<br \/>\nNO incluye la bebida<br \/>\nPrecio: 36,50 \u20ac (hasta el pr\u00f3ximo 03 de abril de 2026)<\/p>\n<p><strong><span style=\"color: #800000;\">* Fechas especiales como el fin de semana de la Candelera, San Jos\u00e9 o temporada alta&#8230; pueden haber propuestas especiales de men\u00fas a un precio diferente del habitual.<\/span><\/strong><\/p>\n<p><strong><span style=\"color: #800000;\">** hay que tener en cuenta que nuestro men\u00fa de fin de semana est\u00e1 disponible para grupos de m\u00e1ximo 12 comensales adultos.<\/span><\/strong><\/p>\n<\/div><\/div><\/div><div class=\"fusion-layout-column fusion_builder_column fusion-builder-column-4 fusion_builder_column_1_3 1_3 fusion-flex-column\" style=\"--awb-bg-size:cover;--awb-width-large:33.333333333333%;--awb-margin-top-large:0px;--awb-spacing-right-large:5.76%;--awb-margin-bottom-large:0px;--awb-spacing-left-large:5.76%;--awb-width-medium:33.333333333333%;--awb-spacing-right-medium:5.76%;--awb-spacing-left-medium:5.76%;--awb-width-small:100%;--awb-spacing-right-small:1.92%;--awb-spacing-left-small:1.92%;\"><div class=\"fusion-column-wrapper fusion-flex-justify-content-flex-start fusion-content-layout-column\"><div class=\"fusion-text fusion-text-6\"><h4><strong>ESPACIOS<\/strong><\/h4>\n<ul>\n<li><a href=\"http:\/\/restaurantcalpupinet.com\/salons-privats\/\">Salones privados <\/a>(consultar condiciones)<\/li>\n<li><a href=\"http:\/\/restaurantcalpupinet.com\/es\/sales-compartides\/\">Salones compartidos<\/a><\/li>\n<li><a href=\"http:\/\/restaurantcalpupinet.com\/terrassa\/\">Terraza-jard\u00edn<\/a><\/li>\n<li><a href=\"http:\/\/restaurantcalpupinet.com\/discoteca-pupi-lounge\/\">Discoteca<\/a><\/li>\n<\/ul>\n<h4><strong>SERVICIOS<\/strong><\/h4>\n<p>\u2013 Monitores infantiles, m\u00e1s informaci\u00f3n <a href=\"http:\/\/restaurantcalpupinet.com\/dinar-amb-nens\/\">aqu\u00ed.<\/a><\/p>\n<p>\u2013 Aparcamiento gratuito<\/p>\n<p>\u2013 Zona de carga para veh\u00edculos el\u00e9ctricos.<\/p>\n<\/div><div class=\"fusion-text fusion-text-7\" style=\"--awb-font-size:18px;\" id=\"bloc-contactar\"><p style=\"text-align: left;\">Pueden reservar su mesa: por tel\u00e9fono al <strong>937720209<\/strong>, por WhastApp al <strong>661338891<\/strong>, por correo electr\u00f3nico a <strong>reserves@restaurantcalpupinet.com<\/strong> o bien haciendo click <a href=\"http:\/\/restaurantcalpupinet.com\/reserves\/\">aqu\u00ed.<\/a><\/p>\n<p style=\"text-align: left;\">*Nuestra propuosta se elabora diariamente y se actualitza a partir de las 12:30h, si acceden antes de la hora estar\u00e1n visualitzando el contenido del d\u00eda anterior.<\/p>\n<\/div><\/div><\/div><\/div><\/div><div class=\"fusion-fullwidth fullwidth-box fusion-builder-row-2 fusion-flex-container nonhundred-percent-fullwidth non-hundred-percent-height-scrolling\" style=\"--awb-border-radius-top-left:0px;--awb-border-radius-top-right:0px;--awb-border-radius-bottom-right:0px;--awb-border-radius-bottom-left:0px;--awb-flex-wrap:wrap;\" ><div class=\"fusion-builder-row fusion-row fusion-flex-align-items-flex-start fusion-flex-content-wrap\" style=\"max-width:1248px;margin-left: calc(-4% \/ 2 );margin-right: calc(-4% \/ 2 );\"><div class=\"fusion-layout-column fusion_builder_column fusion-builder-column-5 fusion_builder_column_1_1 1_1 fusion-flex-column\" style=\"--awb-bg-size:cover;--awb-width-large:100%;--awb-margin-top-large:60px;--awb-spacing-right-large:1.92%;--awb-margin-bottom-large:60px;--awb-spacing-left-large:1.92%;--awb-width-medium:100%;--awb-order-medium:0;--awb-spacing-right-medium:1.92%;--awb-spacing-left-medium:1.92%;--awb-width-small:100%;--awb-order-small:0;--awb-spacing-right-small:1.92%;--awb-spacing-left-small:1.92%;\"><div class=\"fusion-column-wrapper fusion-column-has-shadow fusion-flex-justify-content-flex-start fusion-content-layout-column\"><div class=\"awb-gallery-wrapper awb-gallery-wrapper-1 button-span-no\"><div style=\"margin:-5px;--awb-bordersize:0px;\" class=\"fusion-gallery fusion-gallery-container fusion-grid-3 fusion-columns-total-3 fusion-gallery-layout-grid fusion-gallery-1\"><div style=\"padding:5px;\" class=\"fusion-grid-column fusion-gallery-column fusion-gallery-column-3 hover-type-none\"><div class=\"fusion-gallery-image\"><a href=\"https:\/\/www.restaurantcalpupinet.com\/wp-content\/uploads\/2016\/09\/160111_calcots_tv.jpg\" rel=\"noreferrer\" data-rel=\"iLightbox[gallery_image_1]\" class=\"fusion-lightbox\" target=\"_self\"><img decoding=\"async\" src=\"https:\/\/www.restaurantcalpupinet.com\/wp-content\/uploads\/2016\/09\/160111_calcots_tv.jpg\" width=\"1282\" height=\"720\" alt=\"\" title=\"160111_Cal\u00e7ots_TV\" aria-label=\"160111_Cal\u00e7ots_TV\" class=\"img-responsive wp-image-5867\" srcset=\"https:\/\/www.restaurantcalpupinet.com\/wp-content\/uploads\/2016\/09\/160111_calcots_tv-400x225.jpg 400w, https:\/\/www.restaurantcalpupinet.com\/wp-content\/uploads\/2016\/09\/160111_calcots_tv-600x337.jpg 600w, https:\/\/www.restaurantcalpupinet.com\/wp-content\/uploads\/2016\/09\/160111_calcots_tv-1200x674.jpg 1200w, https:\/\/www.restaurantcalpupinet.com\/wp-content\/uploads\/2016\/09\/160111_calcots_tv.jpg 1282w\" sizes=\"(min-width: 2200px) 100vw, (min-width: 784px) 397px, (min-width: 712px) 595px, (min-width: 640px) 712px, \" \/><\/a><\/div><\/div><div style=\"padding:5px;\" class=\"fusion-grid-column fusion-gallery-column fusion-gallery-column-3 hover-type-none\"><div class=\"fusion-gallery-image\"><a href=\"https:\/\/www.restaurantcalpupinet.com\/wp-content\/uploads\/2018\/01\/calcots2017_calpupinet_tv.jpg\" rel=\"noreferrer\" data-rel=\"iLightbox[gallery_image_1]\" class=\"fusion-lightbox\" target=\"_self\"><img decoding=\"async\" src=\"https:\/\/www.restaurantcalpupinet.com\/wp-content\/uploads\/2018\/01\/calcots2017_calpupinet_tv.jpg\" width=\"1280\" height=\"720\" alt=\"CAL\u00c7OTADES 2018\" title=\"Cal\u00e7ots2017_CalPupinet_TV\" aria-label=\"Cal\u00e7ots2017_CalPupinet_TV\" class=\"img-responsive wp-image-1770\" srcset=\"https:\/\/www.restaurantcalpupinet.com\/wp-content\/uploads\/2018\/01\/calcots2017_calpupinet_tv-600x338.jpg 600w, https:\/\/www.restaurantcalpupinet.com\/wp-content\/uploads\/2018\/01\/calcots2017_calpupinet_tv.jpg 1280w\" sizes=\"(min-width: 2200px) 100vw, (min-width: 784px) 397px, (min-width: 712px) 595px, (min-width: 640px) 712px, \" \/><\/a><\/div><\/div><div style=\"padding:5px;\" class=\"fusion-grid-column fusion-gallery-column fusion-gallery-column-3 hover-type-none\"><div class=\"fusion-gallery-image\"><a href=\"https:\/\/www.restaurantcalpupinet.com\/wp-content\/uploads\/2016\/09\/calcotada.jpg\" rel=\"noreferrer\" data-rel=\"iLightbox[gallery_image_1]\" class=\"fusion-lightbox\" target=\"_self\"><img decoding=\"async\" src=\"https:\/\/www.restaurantcalpupinet.com\/wp-content\/uploads\/2016\/09\/calcotada.jpg\" width=\"800\" height=\"533\" alt=\"\" title=\"CAL\u00c7OTADA\" aria-label=\"CAL\u00c7OTADA\" class=\"img-responsive wp-image-5868\" srcset=\"https:\/\/www.restaurantcalpupinet.com\/wp-content\/uploads\/2016\/09\/calcotada-400x267.jpg 400w, https:\/\/www.restaurantcalpupinet.com\/wp-content\/uploads\/2016\/09\/calcotada-600x400.jpg 600w, https:\/\/www.restaurantcalpupinet.com\/wp-content\/uploads\/2016\/09\/calcotada.jpg 800w\" sizes=\"(min-width: 2200px) 100vw, (min-width: 784px) 397px, (min-width: 712px) 595px, (min-width: 640px) 712px, \" \/><\/a><\/div><\/div><div class=\"clearfix\"><\/div><\/div><\/div><\/div><\/div><div class=\"fusion-layout-column fusion_builder_column fusion-builder-column-6 fusion_builder_column_1_1 1_1 fusion-flex-column\" style=\"--awb-bg-size:cover;--awb-width-large:100%;--awb-margin-top-large:40px;--awb-spacing-right-large:1.92%;--awb-margin-bottom-large:60px;--awb-spacing-left-large:1.92%;--awb-width-medium:100%;--awb-order-medium:0;--awb-spacing-right-medium:1.92%;--awb-spacing-left-medium:1.92%;--awb-width-small:100%;--awb-order-small:0;--awb-spacing-right-small:1.92%;--awb-spacing-left-small:1.92%;\"><div class=\"fusion-column-wrapper fusion-column-has-shadow fusion-flex-justify-content-flex-start fusion-content-layout-column\"><div style=\"text-align:center;\"><a class=\"fusion-button button-flat button-xlarge button-default fusion-button-default button-4 fusion-button-default-span fusion-button-default-type\" target=\"_self\" href=\"\/es\/carta-y-menu-laborables\/\" id=\"boto-que-tenim\"><i class=\"fa-utensils fas awb-button__icon awb-button__icon--default button-icon-left\" aria-hidden=\"true\"><\/i><span class=\"fusion-button-text awb-button__text awb-button__text--default\">Hoy tenemos<\/span><\/a><\/div><\/div><\/div><\/div><\/div><\/p>\n","protected":false},"excerpt":{"rendered":"","protected":false},"author":254,"featured_media":0,"parent":0,"menu_order":0,"comment_status":"closed","ping_status":"closed","template":"","meta":{"footnotes":""},"wf_page_folders":[53],"class_list":["post-5024","page","type-page","status-publish","hentry"],"yoast_head":"<!-- This site is optimized with the Yoast SEO plugin v26.6 - https:\/\/yoast.com\/wordpress\/plugins\/seo\/ -->\n<title>Men\u00fa &quot;Cal\u00e7otada&quot; - Cal Pupinet<\/title>\n<meta name=\"robots\" content=\"index, follow, max-snippet:-1, max-image-preview:large, max-video-preview:-1\" \/>\n<link rel=\"canonical\" href=\"https:\/\/www.restaurantcalpupinet.com\/es\/menu-calcotada\/\" \/>\n<meta property=\"og:locale\" content=\"es_ES\" \/>\n<meta property=\"og:type\" content=\"article\" \/>\n<meta property=\"og:title\" content=\"Men\u00fa &quot;Cal\u00e7otada&quot; - Cal Pupinet\" \/>\n<meta property=\"og:url\" content=\"https:\/\/www.restaurantcalpupinet.com\/es\/menu-calcotada\/\" \/>\n<meta property=\"og:site_name\" content=\"Cal Pupinet\" \/>\n<meta property=\"article:publisher\" content=\"https:\/\/www.facebook.com\/calpupinet\/\" \/>\n<meta property=\"article:modified_time\" content=\"2026-01-10T09:45:28+00:00\" \/>\n<meta name=\"twitter:card\" content=\"summary_large_image\" \/>\n<meta name=\"twitter:site\" content=\"@Calpupinet\" \/>\n<meta name=\"twitter:label1\" content=\"Tiempo de lectura\" \/>\n\t<meta name=\"twitter:data1\" content=\"3 minutos\" \/>\n<script type=\"application\/ld+json\" class=\"yoast-schema-graph\">{\"@context\":\"https:\/\/schema.org\",\"@graph\":[{\"@type\":\"WebPage\",\"@id\":\"https:\/\/www.restaurantcalpupinet.com\/es\/menu-calcotada\/\",\"url\":\"https:\/\/www.restaurantcalpupinet.com\/es\/menu-calcotada\/\",\"name\":\"Men\u00fa \\\"Cal\u00e7otada\\\" - Cal Pupinet\",\"isPartOf\":{\"@id\":\"https:\/\/www.restaurantcalpupinet.com\/es\/#website\"},\"datePublished\":\"2016-09-15T18:00:52+00:00\",\"dateModified\":\"2026-01-10T09:45:28+00:00\",\"breadcrumb\":{\"@id\":\"https:\/\/www.restaurantcalpupinet.com\/es\/menu-calcotada\/#breadcrumb\"},\"inLanguage\":\"es\",\"potentialAction\":[{\"@type\":\"ReadAction\",\"target\":[\"https:\/\/www.restaurantcalpupinet.com\/es\/menu-calcotada\/\"]}]},{\"@type\":\"BreadcrumbList\",\"@id\":\"https:\/\/www.restaurantcalpupinet.com\/es\/menu-calcotada\/#breadcrumb\",\"itemListElement\":[{\"@type\":\"ListItem\",\"position\":1,\"name\":\"Inici\",\"item\":\"https:\/\/www.restaurantcalpupinet.com\/es\/\"},{\"@type\":\"ListItem\",\"position\":2,\"name\":\"Men\u00fa &#8220;Cal\u00e7otada&#8221;\"}]},{\"@type\":\"WebSite\",\"@id\":\"https:\/\/www.restaurantcalpupinet.com\/es\/#website\",\"url\":\"https:\/\/www.restaurantcalpupinet.com\/es\/\",\"name\":\"Cal Pupinet\",\"description\":\"Restaurant Cal Pupinet\",\"potentialAction\":[{\"@type\":\"SearchAction\",\"target\":{\"@type\":\"EntryPoint\",\"urlTemplate\":\"https:\/\/www.restaurantcalpupinet.com\/es\/?s={search_term_string}\"},\"query-input\":{\"@type\":\"PropertyValueSpecification\",\"valueRequired\":true,\"valueName\":\"search_term_string\"}}],\"inLanguage\":\"es\"}]}<\/script>\n<!-- \/ Yoast SEO plugin. -->","yoast_head_json":{"title":"Men\u00fa \"Cal\u00e7otada\" - Cal Pupinet","robots":{"index":"index","follow":"follow","max-snippet":"max-snippet:-1","max-image-preview":"max-image-preview:large","max-video-preview":"max-video-preview:-1"},"canonical":"https:\/\/www.restaurantcalpupinet.com\/es\/menu-calcotada\/","og_locale":"es_ES","og_type":"article","og_title":"Men\u00fa \"Cal\u00e7otada\" - Cal Pupinet","og_url":"https:\/\/www.restaurantcalpupinet.com\/es\/menu-calcotada\/","og_site_name":"Cal Pupinet","article_publisher":"https:\/\/www.facebook.com\/calpupinet\/","article_modified_time":"2026-01-10T09:45:28+00:00","twitter_card":"summary_large_image","twitter_site":"@Calpupinet","twitter_misc":{"Tiempo de lectura":"3 minutos"},"schema":{"@context":"https:\/\/schema.org","@graph":[{"@type":"WebPage","@id":"https:\/\/www.restaurantcalpupinet.com\/es\/menu-calcotada\/","url":"https:\/\/www.restaurantcalpupinet.com\/es\/menu-calcotada\/","name":"Men\u00fa \"Cal\u00e7otada\" - Cal Pupinet","isPartOf":{"@id":"https:\/\/www.restaurantcalpupinet.com\/es\/#website"},"datePublished":"2016-09-15T18:00:52+00:00","dateModified":"2026-01-10T09:45:28+00:00","breadcrumb":{"@id":"https:\/\/www.restaurantcalpupinet.com\/es\/menu-calcotada\/#breadcrumb"},"inLanguage":"es","potentialAction":[{"@type":"ReadAction","target":["https:\/\/www.restaurantcalpupinet.com\/es\/menu-calcotada\/"]}]},{"@type":"BreadcrumbList","@id":"https:\/\/www.restaurantcalpupinet.com\/es\/menu-calcotada\/#breadcrumb","itemListElement":[{"@type":"ListItem","position":1,"name":"Inici","item":"https:\/\/www.restaurantcalpupinet.com\/es\/"},{"@type":"ListItem","position":2,"name":"Men\u00fa &#8220;Cal\u00e7otada&#8221;"}]},{"@type":"WebSite","@id":"https:\/\/www.restaurantcalpupinet.com\/es\/#website","url":"https:\/\/www.restaurantcalpupinet.com\/es\/","name":"Cal Pupinet","description":"Restaurant Cal Pupinet","potentialAction":[{"@type":"SearchAction","target":{"@type":"EntryPoint","urlTemplate":"https:\/\/www.restaurantcalpupinet.com\/es\/?s={search_term_string}"},"query-input":{"@type":"PropertyValueSpecification","valueRequired":true,"valueName":"search_term_string"}}],"inLanguage":"es"}]}},"_links":{"self":[{"href":"https:\/\/www.restaurantcalpupinet.com\/es\/wp-json\/wp\/v2\/pages\/5024","targetHints":{"allow":["GET"]}}],"collection":[{"href":"https:\/\/www.restaurantcalpupinet.com\/es\/wp-json\/wp\/v2\/pages"}],"about":[{"href":"https:\/\/www.restaurantcalpupinet.com\/es\/wp-json\/wp\/v2\/types\/page"}],"author":[{"embeddable":true,"href":"https:\/\/www.restaurantcalpupinet.com\/es\/wp-json\/wp\/v2\/users\/254"}],"replies":[{"embeddable":true,"href":"https:\/\/www.restaurantcalpupinet.com\/es\/wp-json\/wp\/v2\/comments?post=5024"}],"version-history":[{"count":8,"href":"https:\/\/www.restaurantcalpupinet.com\/es\/wp-json\/wp\/v2\/pages\/5024\/revisions"}],"predecessor-version":[{"id":16796,"href":"https:\/\/www.restaurantcalpupinet.com\/es\/wp-json\/wp\/v2\/pages\/5024\/revisions\/16796"}],"wp:attachment":[{"href":"https:\/\/www.restaurantcalpupinet.com\/es\/wp-json\/wp\/v2\/media?parent=5024"}],"wp:term":[{"taxonomy":"wf_page_folders","embeddable":true,"href":"https:\/\/www.restaurantcalpupinet.com\/es\/wp-json\/wp\/v2\/wf_page_folders?post=5024"}],"curies":[{"name":"wp","href":"https:\/\/api.w.org\/{rel}","templated":true}]}}