{"id":5022,"date":"2016-09-15T16:57:11","date_gmt":"2016-09-15T16:57:11","guid":{"rendered":"https:\/\/www.restaurantcalpupinet.com\/comida-con-ninos\/"},"modified":"2023-01-20T14:55:59","modified_gmt":"2023-01-20T14:55:59","slug":"comida-con-ninos","status":"publish","type":"page","link":"https:\/\/www.restaurantcalpupinet.com\/es\/comida-con-ninos\/","title":{"rendered":"Comida con ni\u00f1os"},"content":{"rendered":"<div class=\"fusion-fullwidth fullwidth-box fusion-builder-row-1 fusion-flex-container nonhundred-percent-fullwidth non-hundred-percent-height-scrolling\" style=\"--awb-border-radius-top-left:0px;--awb-border-radius-top-right:0px;--awb-border-radius-bottom-right:0px;--awb-border-radius-bottom-left:0px;--awb-flex-wrap:wrap;\" ><div class=\"fusion-builder-row fusion-row fusion-flex-align-items-flex-start fusion-flex-content-wrap\" style=\"max-width:1248px;margin-left: calc(-4% \/ 2 );margin-right: calc(-4% \/ 2 );\"><div class=\"fusion-layout-column fusion_builder_column fusion-builder-column-0 fusion_builder_column_1_1 1_1 fusion-flex-column\" style=\"--awb-bg-size:cover;--awb-width-large:100%;--awb-margin-top-large:0px;--awb-spacing-right-large:1.92%;--awb-margin-bottom-large:0px;--awb-spacing-left-large:1.92%;--awb-width-medium:100%;--awb-spacing-right-medium:1.92%;--awb-spacing-left-medium:1.92%;--awb-width-small:100%;--awb-spacing-right-small:1.92%;--awb-spacing-left-small:1.92%;\"><div class=\"fusion-column-wrapper fusion-flex-justify-content-flex-start fusion-content-layout-column\"><div class=\"fusion-text fusion-text-1\" style=\"--awb-text-transform:none;\"><h1><span style=\"color: #aa183a;\">DISFRUTAD DE LAS COMIDAS CON LA FAMILIA<\/span><\/h1>\n<h4><span style=\"color: #aa183a;\">AVISO IMPORTANTE: Si desean un servicio de monitores privado, no dude en contactar con nosotros y os informaremos de las condiciones, medidas y precios.<\/span><\/h4>\n<h2>En Cal Pupinet, siempre es un placer venir con los peque\u00f1os de la casa<\/h2>\n<p><iframe src=\"https:\/\/www.youtube.com\/embed\/2e7NY0aj2Fo\" width=\"1200\" height=\"600\" frameborder=\"0\" allowfullscreen=\"allowfullscreen\"><\/iframe><\/p>\n<h3><\/h3>\n<h2>Busca un lugar con comida casera, donde compartir una buena comida relajadamente y en familia? No busque m\u00e1s, aqu\u00ed lo ten\u00e9is, descubra todo lo que podemos ofrecer:<\/h2>\n<\/div><\/div><\/div><div class=\"fusion-layout-column fusion_builder_column fusion-builder-column-1 fusion_builder_column_1_3 1_3 fusion-flex-column\" style=\"--awb-bg-size:cover;--awb-width-large:33.333333333333%;--awb-margin-top-large:0px;--awb-spacing-right-large:5.76%;--awb-margin-bottom-large:20px;--awb-spacing-left-large:5.76%;--awb-width-medium:33.333333333333%;--awb-order-medium:0;--awb-spacing-right-medium:5.76%;--awb-spacing-left-medium:5.76%;--awb-width-small:100%;--awb-order-small:0;--awb-spacing-right-small:1.92%;--awb-spacing-left-small:1.92%;\"><div class=\"fusion-column-wrapper fusion-column-has-shadow fusion-flex-justify-content-flex-start fusion-content-layout-column\"><div class=\"fusion-title title fusion-title-1 fusion-sep-none fusion-title-text fusion-title-size-two\" style=\"--awb-text-color:#aa183a;--awb-margin-bottom:20px;\"><h2 class=\"fusion-title-heading title-heading-left\" style=\"margin:0;\">Men\u00fas Infantiles<\/h2><\/div><div class=\"accordian fusion-accordian\" style=\"--awb-border-size:1px;--awb-icon-size:18px;--awb-content-font-size:var(--awb-typography4-font-size);--awb-icon-alignment:left;--awb-hover-color:#f9f9fb;--awb-border-color:#e2e2e2;--awb-background-color:#ffffff;--awb-divider-color:var(--awb-color3);--awb-divider-hover-color:var(--awb-color3);--awb-icon-color:#ffffff;--awb-title-color:var(--awb-color8);--awb-content-color:var(--awb-color8);--awb-icon-box-color:#212934;--awb-toggle-hover-accent-color:#aa183a;--awb-title-font-family:var(--awb-typography1-font-family);--awb-title-font-weight:var(--awb-typography1-font-weight);--awb-title-font-style:var(--awb-typography1-font-style);--awb-title-font-size:24px;--awb-title-line-height:1.36;--awb-content-font-family:var(--awb-typography4-font-family);--awb-content-font-weight:var(--awb-typography4-font-weight);--awb-content-font-style:var(--awb-typography4-font-style);\"><div class=\"panel-group fusion-toggle-icon-boxed\" id=\"accordion-5022-1\"><div class=\"fusion-panel panel-default panel-0c42e87143f6f176a fusion-toggle-no-divider\"><div class=\"panel-heading\"><h4 class=\"panel-title toggle\" id=\"toggle_0c42e87143f6f176a\"><a aria-expanded=\"false\" aria-controls=\"0c42e87143f6f176a\" role=\"button\" data-toggle=\"collapse\" data-parent=\"#accordion-5022-1\" data-target=\"#0c42e87143f6f176a\" href=\"#0c42e87143f6f176a\"><span class=\"fusion-toggle-icon-wrapper\" aria-hidden=\"true\"><i class=\"fa-fusion-box active-icon awb-icon-minus\" aria-hidden=\"true\"><\/i><i class=\"fa-fusion-box inactive-icon awb-icon-plus\" aria-hidden=\"true\"><\/i><\/span><span class=\"fusion-toggle-heading\">Men\u00fa \u201csinverg\u00fcenza\u201d 0,00\u20ac<\/span><\/a><\/h4><\/div><div id=\"0c42e87143f6f176a\" class=\"panel-collapse collapse \" aria-labelledby=\"toggle_0c42e87143f6f176a\"><div class=\"panel-body toggle-content fusion-clearfix\">\n<p>Plato, cubiertos, vaso y servilleta.<br \/>\nEl ni\u00f1o come de lo que se pidan los adultos.<\/p>\n<\/div><\/div><\/div><div class=\"fusion-panel panel-default panel-6c7fb5d7b23a70622 fusion-toggle-no-divider\"><div class=\"panel-heading\"><h4 class=\"panel-title toggle\" id=\"toggle_6c7fb5d7b23a70622\"><a aria-expanded=\"false\" aria-controls=\"6c7fb5d7b23a70622\" role=\"button\" data-toggle=\"collapse\" data-parent=\"#accordion-5022-1\" data-target=\"#6c7fb5d7b23a70622\" href=\"#6c7fb5d7b23a70622\"><span class=\"fusion-toggle-icon-wrapper\" aria-hidden=\"true\"><i class=\"fa-fusion-box active-icon awb-icon-minus\" aria-hidden=\"true\"><\/i><i class=\"fa-fusion-box inactive-icon awb-icon-plus\" aria-hidden=\"true\"><\/i><\/span><span class=\"fusion-toggle-heading\">Men\u00fa de pollo 15,50\u20ac<\/span><\/a><\/h4><\/div><div id=\"6c7fb5d7b23a70622\" class=\"panel-collapse collapse \" aria-labelledby=\"toggle_6c7fb5d7b23a70622\"><div class=\"panel-body toggle-content fusion-clearfix\">\n<p>Plato combinado de pechuga de pollo deshuesado a la brasa, croquetas de cocido y patatas fritas.<br \/>\n***<br \/>\nHelado de vainilla<br \/>\n***<br \/>\nIncluye tambi\u00e9n pan y agua o refresco<\/p>\n<\/div><\/div><\/div><div class=\"fusion-panel panel-default panel-a3fac5a66fa7c16ec fusion-toggle-no-divider\"><div class=\"panel-heading\"><h4 class=\"panel-title toggle\" id=\"toggle_a3fac5a66fa7c16ec\"><a aria-expanded=\"false\" aria-controls=\"a3fac5a66fa7c16ec\" role=\"button\" data-toggle=\"collapse\" data-parent=\"#accordion-5022-1\" data-target=\"#a3fac5a66fa7c16ec\" href=\"#a3fac5a66fa7c16ec\"><span class=\"fusion-toggle-icon-wrapper\" aria-hidden=\"true\"><i class=\"fa-fusion-box active-icon awb-icon-minus\" aria-hidden=\"true\"><\/i><i class=\"fa-fusion-box inactive-icon awb-icon-plus\" aria-hidden=\"true\"><\/i><\/span><span class=\"fusion-toggle-heading\">Men\u00fa de ternera 21,00\u20ac<\/span><\/a><\/h4><\/div><div id=\"a3fac5a66fa7c16ec\" class=\"panel-collapse collapse \" aria-labelledby=\"toggle_a3fac5a66fa7c16ec\"><div class=\"panel-body toggle-content fusion-clearfix\">\n<p>Plato combinado de \u00bd filete de ternera a la brasa con croquetas de cocido y patatas fritas.<br \/>\n***<br \/>\nHelado de vainilla<br \/>\n***<br \/>\nIncluye tambi\u00e9n pan y agua o refresco<\/p>\n<\/div><\/div><\/div><\/div><\/div><\/div><\/div><div class=\"fusion-layout-column fusion_builder_column fusion-builder-column-2 fusion_builder_column_1_3 1_3 fusion-flex-column\" style=\"--awb-bg-size:cover;--awb-width-large:33.333333333333%;--awb-margin-top-large:0px;--awb-spacing-right-large:5.76%;--awb-margin-bottom-large:20px;--awb-spacing-left-large:5.76%;--awb-width-medium:33.333333333333%;--awb-order-medium:0;--awb-spacing-right-medium:5.76%;--awb-spacing-left-medium:5.76%;--awb-width-small:100%;--awb-order-small:0;--awb-spacing-right-small:1.92%;--awb-spacing-left-small:1.92%;\"><div class=\"fusion-column-wrapper fusion-column-has-shadow fusion-flex-justify-content-flex-start fusion-content-layout-column\"><div class=\"fusion-title title fusion-title-2 fusion-sep-none fusion-title-text fusion-title-size-two\" style=\"--awb-text-color:#aa183a;--awb-margin-bottom:20px;\"><h2 class=\"fusion-title-heading title-heading-left\" style=\"margin:0;\">Servicios<\/h2><\/div><div class=\"accordian fusion-accordian\" style=\"--awb-border-size:1px;--awb-icon-size:18px;--awb-content-font-size:var(--awb-typography4-font-size);--awb-icon-alignment:left;--awb-hover-color:#f9f9fb;--awb-border-color:#e2e2e2;--awb-background-color:#ffffff;--awb-divider-color:var(--awb-color3);--awb-divider-hover-color:var(--awb-color3);--awb-icon-color:#ffffff;--awb-title-color:var(--awb-color8);--awb-content-color:var(--awb-color8);--awb-icon-box-color:#212934;--awb-toggle-hover-accent-color:#aa183a;--awb-title-font-family:var(--awb-typography1-font-family);--awb-title-font-weight:var(--awb-typography1-font-weight);--awb-title-font-style:var(--awb-typography1-font-style);--awb-title-font-size:24px;--awb-title-line-height:1.36;--awb-content-font-family:var(--awb-typography4-font-family);--awb-content-font-weight:var(--awb-typography4-font-weight);--awb-content-font-style:var(--awb-typography4-font-style);\"><div class=\"panel-group fusion-toggle-icon-boxed\" id=\"accordion-5022-2\"><div class=\"fusion-panel panel-default panel-64f0b598c2c94c3ec fusion-toggle-no-divider\"><div class=\"panel-heading\"><h4 class=\"panel-title toggle\" id=\"toggle_64f0b598c2c94c3ec\"><a aria-expanded=\"false\" aria-controls=\"64f0b598c2c94c3ec\" role=\"button\" data-toggle=\"collapse\" data-parent=\"#accordion-5022-2\" data-target=\"#64f0b598c2c94c3ec\" href=\"#64f0b598c2c94c3ec\"><span class=\"fusion-toggle-icon-wrapper\" aria-hidden=\"true\"><i class=\"fa-fusion-box active-icon awb-icon-minus\" aria-hidden=\"true\"><\/i><i class=\"fa-fusion-box inactive-icon awb-icon-plus\" aria-hidden=\"true\"><\/i><\/span><span class=\"fusion-toggle-heading\">Servicio de monitores gratuito para nuestros clientes<\/span><\/a><\/h4><\/div><div id=\"64f0b598c2c94c3ec\" class=\"panel-collapse collapse \" aria-labelledby=\"toggle_64f0b598c2c94c3ec\"><div class=\"panel-body toggle-content fusion-clearfix\">\n<p>De 15:00 a 17: 00h, los monitores de Cal Pupinet est\u00e1n listos para entretener a los ni\u00f1os de la casa a nuestra <a href=\"\/es\/terraza\/\">Terraza-jard\u00edn<\/a> despu\u00e9s de la comida y con las pilas bien cargadas, podr\u00e1n jugar y pasar un buen rato, con los juegos gigantes y actividades que les tienen preparadas. Mientras los grandes aprovechan para hacer una sobremesa relajadamente. Consulte el <a href=\"https:\/\/calendar.google.com\/calendar\/embed?src=pv6op7h6b8g5bqu1firm7rrn9c%40group.calendar.google.com&amp;ctz=Europe\/Madrid\">calendario<\/a> para ver qu\u00e9 d\u00edas est\u00e1 el servicio disponible.<\/p>\n<\/div><\/div><\/div><div class=\"fusion-panel panel-default panel-97aed68d5f477ef9c fusion-toggle-no-divider\"><div class=\"panel-heading\"><h4 class=\"panel-title toggle\" id=\"toggle_97aed68d5f477ef9c\"><a aria-expanded=\"false\" aria-controls=\"97aed68d5f477ef9c\" role=\"button\" data-toggle=\"collapse\" data-parent=\"#accordion-5022-2\" data-target=\"#97aed68d5f477ef9c\" href=\"#97aed68d5f477ef9c\"><span class=\"fusion-toggle-icon-wrapper\" aria-hidden=\"true\"><i class=\"fa-fusion-box active-icon awb-icon-minus\" aria-hidden=\"true\"><\/i><i class=\"fa-fusion-box inactive-icon awb-icon-plus\" aria-hidden=\"true\"><\/i><\/span><span class=\"fusion-toggle-heading\">Pupinet Junior<\/span><\/a><\/h4><\/div><div id=\"97aed68d5f477ef9c\" class=\"panel-collapse collapse \" aria-labelledby=\"toggle_97aed68d5f477ef9c\"><div class=\"panel-body toggle-content fusion-clearfix\">Una propuesta de actividades familiares en Cal Pupinet! El disparo de salida se dio el pasado s\u00e1bado, 12 de enero con el \u201cEl Pirata de las estrellas\u201d, un cuento que traslada a los ni\u00f1os a un taller de una galaxia culinaria para pasar una ma\u00f1ana bien divertido. No se pierdan la pr\u00f3xima actividad, siga nuestra <a href=\"\/es\/category\/agenda\/\">agenda<\/a>.<\/div><\/div><\/div><div class=\"fusion-panel panel-default panel-a82dfbcc0f8ffdd5b fusion-toggle-no-divider\"><div class=\"panel-heading\"><h4 class=\"panel-title toggle\" id=\"toggle_a82dfbcc0f8ffdd5b\"><a aria-expanded=\"false\" aria-controls=\"a82dfbcc0f8ffdd5b\" role=\"button\" data-toggle=\"collapse\" data-parent=\"#accordion-5022-2\" data-target=\"#a82dfbcc0f8ffdd5b\" href=\"#a82dfbcc0f8ffdd5b\"><span class=\"fusion-toggle-icon-wrapper\" aria-hidden=\"true\"><i class=\"fa-fusion-box active-icon awb-icon-minus\" aria-hidden=\"true\"><\/i><i class=\"fa-fusion-box inactive-icon awb-icon-plus\" aria-hidden=\"true\"><\/i><\/span><span class=\"fusion-toggle-heading\">Servicio de monitores exclusivo para nuestros clientes<\/span><\/a><\/h4><\/div><div id=\"a82dfbcc0f8ffdd5b\" class=\"panel-collapse collapse \" aria-labelledby=\"toggle_a82dfbcc0f8ffdd5b\"><div class=\"panel-body toggle-content fusion-clearfix\">\n<p>Desea el servicio de monitores s\u00f3lo para vuestros ni\u00f1os? La fecha de su inter\u00e9s no est\u00e1 contemplada en el <a href=\"https:\/\/calendar.google.com\/calendar\/embed?src=pv6op7h6b8g5bqu1firm7rrn9c%40group.calendar.google.com&amp;ctz=Europe\/Madrid\">calendario<\/a> de Monitores? Contacte con nosotros y le informaremos de condiciones y precios.<\/p>\n<\/div><\/div><\/div><\/div><\/div><\/div><\/div><div class=\"fusion-layout-column fusion_builder_column fusion-builder-column-3 fusion_builder_column_1_3 1_3 fusion-flex-column\" style=\"--awb-bg-size:cover;--awb-width-large:33.333333333333%;--awb-margin-top-large:0px;--awb-spacing-right-large:5.76%;--awb-margin-bottom-large:20px;--awb-spacing-left-large:5.76%;--awb-width-medium:33.333333333333%;--awb-order-medium:0;--awb-spacing-right-medium:5.76%;--awb-spacing-left-medium:5.76%;--awb-width-small:100%;--awb-order-small:0;--awb-spacing-right-small:1.92%;--awb-spacing-left-small:1.92%;\"><div class=\"fusion-column-wrapper fusion-column-has-shadow fusion-flex-justify-content-flex-start fusion-content-layout-column\"><div class=\"fusion-title title fusion-title-3 fusion-sep-none fusion-title-text fusion-title-size-two\" style=\"--awb-text-color:#aa183a;--awb-margin-bottom:20px;\"><h2 class=\"fusion-title-heading title-heading-left\" style=\"margin:0;\">Otros servicios<\/h2><\/div><div class=\"fusion-text fusion-text-2\" style=\"--awb-text-transform:none;\"><p>\u2013 Equipamientos. En el restaurante disponemos de: tronas, dibuja y pinta, cambiadores, alzadores\u2026 <a href=\"\/es\/salones-privados\/\">Salones privados<\/a>, <a href=\"\/es\/salas-compartidas\/\">salones compartidos<\/a>, <a href=\"\/es\/terraza\/\">terraza-jard\u00edn<\/a><\/p>\n<p>\u2013 Fiestas infantiles. Os gustar\u00eda celebrar una fiesta infantil con nosotros? Cont\u00e1ctanos y te ayudamos a organizarla.<\/p>\n<\/div><\/div><\/div><div class=\"fusion-layout-column fusion_builder_column fusion-builder-column-4 fusion_builder_column_1_1 1_1 fusion-flex-column\" style=\"--awb-bg-size:cover;--awb-width-large:100%;--awb-margin-top-large:0px;--awb-spacing-right-large:1.92%;--awb-margin-bottom-large:20px;--awb-spacing-left-large:1.92%;--awb-width-medium:100%;--awb-order-medium:0;--awb-spacing-right-medium:1.92%;--awb-spacing-left-medium:1.92%;--awb-width-small:100%;--awb-order-small:0;--awb-spacing-right-small:1.92%;--awb-spacing-left-small:1.92%;\"><div class=\"fusion-column-wrapper fusion-column-has-shadow fusion-flex-justify-content-flex-start fusion-content-layout-column\"><div class=\"fusion-text fusion-text-3\">\n\t\t<style type=\"text\/css\">\n\t\t\t#gallery-1 {\n\t\t\t\tmargin: auto;\n\t\t\t}\n\t\t\t#gallery-1 .gallery-item {\n\t\t\t\tfloat: left;\n\t\t\t\tmargin-top: 10px;\n\t\t\t\ttext-align: center;\n\t\t\t\twidth: 33%;\n\t\t\t}\n\t\t\t#gallery-1 img {\n\t\t\t\tborder: 2px solid #cfcfcf;\n\t\t\t}\n\t\t\t#gallery-1 .gallery-caption {\n\t\t\t\tmargin-left: 0;\n\t\t\t}\n\t\t\t\/* see gallery_shortcode() in wp-includes\/media.php *\/\n\t\t<\/style>\n\t\t<div id='gallery-1' class='gallery galleryid-5022 gallery-columns-3 gallery-size-large'><dl class='gallery-item'>\n\t\t\t<dt class='gallery-icon landscape'>\n\t\t\t\t<a data-rel=\"iLightbox[postimages]\" data-title=\"dinar amb nens a Cal Pupinet &#8211; joc llaunes 2\" data-caption=\"\" href='https:\/\/www.restaurantcalpupinet.com\/wp-content\/uploads\/2017\/01\/dinar-amb-nens-a-cal-pupinet-joc-llaunes-2.jpg'><img decoding=\"async\" width=\"1024\" height=\"576\" src=\"https:\/\/www.restaurantcalpupinet.com\/wp-content\/uploads\/2017\/01\/dinar-amb-nens-a-cal-pupinet-joc-llaunes-2-1024x576.jpg\" class=\"attachment-large size-large\" alt=\"Dinar amb nens a Cal Pupinet amb servei de monitors.\" srcset=\"https:\/\/www.restaurantcalpupinet.com\/wp-content\/uploads\/2017\/01\/dinar-amb-nens-a-cal-pupinet-joc-llaunes-2-300x169.jpg 300w, https:\/\/www.restaurantcalpupinet.com\/wp-content\/uploads\/2017\/01\/dinar-amb-nens-a-cal-pupinet-joc-llaunes-2-400x225.jpg 400w, https:\/\/www.restaurantcalpupinet.com\/wp-content\/uploads\/2017\/01\/dinar-amb-nens-a-cal-pupinet-joc-llaunes-2-600x338.jpg 600w, https:\/\/www.restaurantcalpupinet.com\/wp-content\/uploads\/2017\/01\/dinar-amb-nens-a-cal-pupinet-joc-llaunes-2-768x432.jpg 768w, https:\/\/www.restaurantcalpupinet.com\/wp-content\/uploads\/2017\/01\/dinar-amb-nens-a-cal-pupinet-joc-llaunes-2-900x506.jpg 900w, https:\/\/www.restaurantcalpupinet.com\/wp-content\/uploads\/2017\/01\/dinar-amb-nens-a-cal-pupinet-joc-llaunes-2.jpg 1024w\" sizes=\"(max-width: 1024px) 100vw, 1024px\" \/><\/a>\n\t\t\t<\/dt><\/dl><dl class='gallery-item'>\n\t\t\t<dt class='gallery-icon landscape'>\n\t\t\t\t<a data-rel=\"iLightbox[postimages]\" data-title=\"dinar amb nens a Cal Pupinet &#8211; castell inflable\" data-caption=\"\" href='https:\/\/www.restaurantcalpupinet.com\/wp-content\/uploads\/2017\/01\/dinar-amb-nens-a-cal-pupinet-castell-inflable.jpg'><img decoding=\"async\" width=\"800\" height=\"600\" src=\"https:\/\/www.restaurantcalpupinet.com\/wp-content\/uploads\/2017\/01\/dinar-amb-nens-a-cal-pupinet-castell-inflable.jpg\" class=\"attachment-large size-large\" alt=\"Dinar amb nens a Cal Pupinet amb servei de monitors.\" srcset=\"https:\/\/www.restaurantcalpupinet.com\/wp-content\/uploads\/2017\/01\/dinar-amb-nens-a-cal-pupinet-castell-inflable-300x225.jpg 300w, https:\/\/www.restaurantcalpupinet.com\/wp-content\/uploads\/2017\/01\/dinar-amb-nens-a-cal-pupinet-castell-inflable-400x300.jpg 400w, https:\/\/www.restaurantcalpupinet.com\/wp-content\/uploads\/2017\/01\/dinar-amb-nens-a-cal-pupinet-castell-inflable-600x450.jpg 600w, https:\/\/www.restaurantcalpupinet.com\/wp-content\/uploads\/2017\/01\/dinar-amb-nens-a-cal-pupinet-castell-inflable-768x576.jpg 768w, https:\/\/www.restaurantcalpupinet.com\/wp-content\/uploads\/2017\/01\/dinar-amb-nens-a-cal-pupinet-castell-inflable.jpg 800w\" sizes=\"(max-width: 800px) 100vw, 800px\" \/><\/a>\n\t\t\t<\/dt><\/dl><dl class='gallery-item'>\n\t\t\t<dt class='gallery-icon landscape'>\n\t\t\t\t<a data-rel=\"iLightbox[postimages]\" data-title=\"dinar amb nens a Cal Pupinet &#8211; joc llaunes 1\" data-caption=\"\" href='https:\/\/www.restaurantcalpupinet.com\/wp-content\/uploads\/2017\/01\/dinar-amb-nens-a-cal-pupinet-joc-llaunes-1.jpg'><img decoding=\"async\" width=\"1024\" height=\"576\" src=\"https:\/\/www.restaurantcalpupinet.com\/wp-content\/uploads\/2017\/01\/dinar-amb-nens-a-cal-pupinet-joc-llaunes-1-1024x576.jpg\" class=\"attachment-large size-large\" alt=\"Dinar amb nens a Cal Pupinet amb servei de monitors.\" srcset=\"https:\/\/www.restaurantcalpupinet.com\/wp-content\/uploads\/2017\/01\/dinar-amb-nens-a-cal-pupinet-joc-llaunes-1-300x169.jpg 300w, https:\/\/www.restaurantcalpupinet.com\/wp-content\/uploads\/2017\/01\/dinar-amb-nens-a-cal-pupinet-joc-llaunes-1-400x225.jpg 400w, https:\/\/www.restaurantcalpupinet.com\/wp-content\/uploads\/2017\/01\/dinar-amb-nens-a-cal-pupinet-joc-llaunes-1-600x338.jpg 600w, https:\/\/www.restaurantcalpupinet.com\/wp-content\/uploads\/2017\/01\/dinar-amb-nens-a-cal-pupinet-joc-llaunes-1-768x432.jpg 768w, https:\/\/www.restaurantcalpupinet.com\/wp-content\/uploads\/2017\/01\/dinar-amb-nens-a-cal-pupinet-joc-llaunes-1-900x506.jpg 900w, https:\/\/www.restaurantcalpupinet.com\/wp-content\/uploads\/2017\/01\/dinar-amb-nens-a-cal-pupinet-joc-llaunes-1.jpg 1024w\" sizes=\"(max-width: 1024px) 100vw, 1024px\" \/><\/a>\n\t\t\t<\/dt><\/dl><br style=\"clear: both\" \/>\n\t\t<\/div>\n\n<\/div><div class=\"fusion-text fusion-text-4\" style=\"--awb-text-transform:none;--awb-margin-top:40px;\"><p><iframe style=\"border: 0;\" src=\"https:\/\/calendar.google.com\/calendar\/embed?src=pv6op7h6b8g5bqu1firm7rrn9c%40group.calendar.google.com&amp;ctz=Europe\/Madrid\" width=\"1200\" height=\"600\" frameborder=\"0\" scrolling=\"no\"><\/iframe><\/p>\n<\/div><\/div><\/div><\/div><\/div>\n","protected":false},"excerpt":{"rendered":"","protected":false},"author":254,"featured_media":0,"parent":0,"menu_order":0,"comment_status":"closed","ping_status":"closed","template":"","meta":{"footnotes":""},"wf_page_folders":[],"class_list":["post-5022","page","type-page","status-publish","hentry"],"yoast_head":"<!-- This site is optimized with the Yoast SEO plugin v26.6 - https:\/\/yoast.com\/wordpress\/plugins\/seo\/ -->\n<title>Comida con ni\u00f1os - Cal Pupinet<\/title>\n<meta name=\"robots\" content=\"index, follow, max-snippet:-1, max-image-preview:large, max-video-preview:-1\" \/>\n<link rel=\"canonical\" href=\"https:\/\/www.restaurantcalpupinet.com\/es\/comida-con-ninos\/\" \/>\n<meta property=\"og:locale\" content=\"es_ES\" \/>\n<meta property=\"og:type\" content=\"article\" \/>\n<meta property=\"og:title\" content=\"Comida con ni\u00f1os - Cal Pupinet\" \/>\n<meta property=\"og:url\" content=\"https:\/\/www.restaurantcalpupinet.com\/es\/comida-con-ninos\/\" \/>\n<meta property=\"og:site_name\" content=\"Cal Pupinet\" \/>\n<meta property=\"article:publisher\" content=\"https:\/\/www.facebook.com\/calpupinet\/\" \/>\n<meta property=\"article:modified_time\" content=\"2023-01-20T14:55:59+00:00\" \/>\n<meta name=\"twitter:card\" content=\"summary_large_image\" \/>\n<meta name=\"twitter:site\" content=\"@Calpupinet\" \/>\n<meta name=\"twitter:label1\" content=\"Tiempo de lectura\" \/>\n\t<meta name=\"twitter:data1\" content=\"12 minutos\" \/>\n<script type=\"application\/ld+json\" class=\"yoast-schema-graph\">{\"@context\":\"https:\/\/schema.org\",\"@graph\":[{\"@type\":\"WebPage\",\"@id\":\"https:\/\/www.restaurantcalpupinet.com\/es\/comida-con-ninos\/\",\"url\":\"https:\/\/www.restaurantcalpupinet.com\/es\/comida-con-ninos\/\",\"name\":\"Comida con ni\u00f1os - Cal Pupinet\",\"isPartOf\":{\"@id\":\"https:\/\/www.restaurantcalpupinet.com\/es\/#website\"},\"datePublished\":\"2016-09-15T16:57:11+00:00\",\"dateModified\":\"2023-01-20T14:55:59+00:00\",\"breadcrumb\":{\"@id\":\"https:\/\/www.restaurantcalpupinet.com\/es\/comida-con-ninos\/#breadcrumb\"},\"inLanguage\":\"es\",\"potentialAction\":[{\"@type\":\"ReadAction\",\"target\":[\"https:\/\/www.restaurantcalpupinet.com\/es\/comida-con-ninos\/\"]}]},{\"@type\":\"BreadcrumbList\",\"@id\":\"https:\/\/www.restaurantcalpupinet.com\/es\/comida-con-ninos\/#breadcrumb\",\"itemListElement\":[{\"@type\":\"ListItem\",\"position\":1,\"name\":\"Inici\",\"item\":\"https:\/\/www.restaurantcalpupinet.com\/es\/\"},{\"@type\":\"ListItem\",\"position\":2,\"name\":\"Comida con ni\u00f1os\"}]},{\"@type\":\"WebSite\",\"@id\":\"https:\/\/www.restaurantcalpupinet.com\/es\/#website\",\"url\":\"https:\/\/www.restaurantcalpupinet.com\/es\/\",\"name\":\"Cal Pupinet\",\"description\":\"Restaurant Cal Pupinet\",\"potentialAction\":[{\"@type\":\"SearchAction\",\"target\":{\"@type\":\"EntryPoint\",\"urlTemplate\":\"https:\/\/www.restaurantcalpupinet.com\/es\/?s={search_term_string}\"},\"query-input\":{\"@type\":\"PropertyValueSpecification\",\"valueRequired\":true,\"valueName\":\"search_term_string\"}}],\"inLanguage\":\"es\"}]}<\/script>\n<!-- \/ Yoast SEO plugin. -->","yoast_head_json":{"title":"Comida con ni\u00f1os - Cal Pupinet","robots":{"index":"index","follow":"follow","max-snippet":"max-snippet:-1","max-image-preview":"max-image-preview:large","max-video-preview":"max-video-preview:-1"},"canonical":"https:\/\/www.restaurantcalpupinet.com\/es\/comida-con-ninos\/","og_locale":"es_ES","og_type":"article","og_title":"Comida con ni\u00f1os - Cal Pupinet","og_url":"https:\/\/www.restaurantcalpupinet.com\/es\/comida-con-ninos\/","og_site_name":"Cal Pupinet","article_publisher":"https:\/\/www.facebook.com\/calpupinet\/","article_modified_time":"2023-01-20T14:55:59+00:00","twitter_card":"summary_large_image","twitter_site":"@Calpupinet","twitter_misc":{"Tiempo de lectura":"12 minutos"},"schema":{"@context":"https:\/\/schema.org","@graph":[{"@type":"WebPage","@id":"https:\/\/www.restaurantcalpupinet.com\/es\/comida-con-ninos\/","url":"https:\/\/www.restaurantcalpupinet.com\/es\/comida-con-ninos\/","name":"Comida con ni\u00f1os - Cal Pupinet","isPartOf":{"@id":"https:\/\/www.restaurantcalpupinet.com\/es\/#website"},"datePublished":"2016-09-15T16:57:11+00:00","dateModified":"2023-01-20T14:55:59+00:00","breadcrumb":{"@id":"https:\/\/www.restaurantcalpupinet.com\/es\/comida-con-ninos\/#breadcrumb"},"inLanguage":"es","potentialAction":[{"@type":"ReadAction","target":["https:\/\/www.restaurantcalpupinet.com\/es\/comida-con-ninos\/"]}]},{"@type":"BreadcrumbList","@id":"https:\/\/www.restaurantcalpupinet.com\/es\/comida-con-ninos\/#breadcrumb","itemListElement":[{"@type":"ListItem","position":1,"name":"Inici","item":"https:\/\/www.restaurantcalpupinet.com\/es\/"},{"@type":"ListItem","position":2,"name":"Comida con ni\u00f1os"}]},{"@type":"WebSite","@id":"https:\/\/www.restaurantcalpupinet.com\/es\/#website","url":"https:\/\/www.restaurantcalpupinet.com\/es\/","name":"Cal Pupinet","description":"Restaurant Cal Pupinet","potentialAction":[{"@type":"SearchAction","target":{"@type":"EntryPoint","urlTemplate":"https:\/\/www.restaurantcalpupinet.com\/es\/?s={search_term_string}"},"query-input":{"@type":"PropertyValueSpecification","valueRequired":true,"valueName":"search_term_string"}}],"inLanguage":"es"}]}},"_links":{"self":[{"href":"https:\/\/www.restaurantcalpupinet.com\/es\/wp-json\/wp\/v2\/pages\/5022","targetHints":{"allow":["GET"]}}],"collection":[{"href":"https:\/\/www.restaurantcalpupinet.com\/es\/wp-json\/wp\/v2\/pages"}],"about":[{"href":"https:\/\/www.restaurantcalpupinet.com\/es\/wp-json\/wp\/v2\/types\/page"}],"author":[{"embeddable":true,"href":"https:\/\/www.restaurantcalpupinet.com\/es\/wp-json\/wp\/v2\/users\/254"}],"replies":[{"embeddable":true,"href":"https:\/\/www.restaurantcalpupinet.com\/es\/wp-json\/wp\/v2\/comments?post=5022"}],"version-history":[{"count":1,"href":"https:\/\/www.restaurantcalpupinet.com\/es\/wp-json\/wp\/v2\/pages\/5022\/revisions"}],"predecessor-version":[{"id":16971,"href":"https:\/\/www.restaurantcalpupinet.com\/es\/wp-json\/wp\/v2\/pages\/5022\/revisions\/16971"}],"wp:attachment":[{"href":"https:\/\/www.restaurantcalpupinet.com\/es\/wp-json\/wp\/v2\/media?parent=5022"}],"wp:term":[{"taxonomy":"wf_page_folders","embeddable":true,"href":"https:\/\/www.restaurantcalpupinet.com\/es\/wp-json\/wp\/v2\/wf_page_folders?post=5022"}],"curies":[{"name":"wp","href":"https:\/\/api.w.org\/{rel}","templated":true}]}}